{"id":6425,"date":"2020-03-18T11:32:36","date_gmt":"2020-03-18T11:32:36","guid":{"rendered":"https:\/\/www.cis-chad.com\/?page_id=6425"},"modified":"2025-06-12T09:53:00","modified_gmt":"2025-06-12T09:53:00","slug":"ethique","status":"publish","type":"page","link":"https:\/\/cna-mauritania.com\/en\/ethique\/","title":{"rendered":"Ethics"},"content":{"rendered":"<div data-vc-full-width=\"true\" data-vc-full-width-init=\"false\" data-vc-parallax=\"1\" data-vc-parallax-image=\"https:\/\/cna-mauritania.com\/wp-content\/uploads\/2020\/06\/CNA-MAURITANIA-Ethique.jpg\" class=\"vc_row wpb_row vc_row-fluid vc_custom_1592924993867 vc_row-has-fill vc_row-o-content-middle vc_row-flex vc_general vc_parallax vc_parallax-content-moving\"><div class=\"wpb_column vc_column_container vc_col-sm-12\"><div class=\"vc_column-inner vc_custom_1584531364244\"><div class=\"wpb_wrapper\">\n\t<div class=\"wpb_text_column wpb_content_element\" >\n\t\t<div class=\"wpb_wrapper\">\n\t\t\t<h2 class=\"rtecenter\" style=\"text-align: center;\"><span style=\"color: #ffffff;\">CNA Mauritania is a subsidiary of CIS Group. Given our Group\u2019s activities, international dimension and cultural diversities, that compose it, we are eager to share with all our employees throughout the world, whatever their functions and their origins, a common definition of our values, ambitions and ethics.<\/span><\/h2>\n\n\t\t<\/div>\n\t<\/div>\n<\/div><\/div><\/div><\/div><div class=\"vc_row-full-width vc_clearfix\"><\/div><div class=\"vc_row wpb_row vc_row-fluid\"><div class=\"wpb_column vc_column_container vc_col-sm-12\"><div class=\"vc_column-inner\"><div class=\"wpb_wrapper\">\n\t<div class=\"wpb_text_column wpb_content_element\" >\n\t\t<div class=\"wpb_wrapper\">\n\t\t\t<p class=\"rtejustify\" style=\"text-align: justify;\">It is essential that each member of our Group acts according to and shares the same values of transparency, integrity, responsibility and exemplarity, both individually and collectively. In order to build cohesion around these values, it is important that all of our employees comply with our professional and ethical rules. In doing so, they also help reinforce the long-standing trust our partners place in us, in particular our clients, suppliers, shareholders and all those who contribute to our activities and development.<\/p>\n<p class=\"rtejustify\" style=\"text-align: justify;\">The Group implemented an anti-corruption policy in 2004 through its Ethics Charter, which defines the core rules to be respected by all parties. In 2017, and in accordance with French law no. 2016-1691 of 9 December 2016 on transparency, the fight against corruption and the modernisation of the economy (known as the \u201cSapin 2\" law), the Group took one step further by adhering to the \"Middlenext Anti-Corruption Code of Conduct\", an initiative created by a group of companies (including CIS) committed to promoting business ethics.<\/p>\n<p class=\"rtejustify\" style=\"text-align: justify;\">Each of our employees must familiarise themselves with the Middlenext Anti-Corruption Code of Conduct and our Ethics Charter and must comply with them under all circumstances While it is impossible to thoroughly deal with all of the situations that may arise, the principles set out in these two texts provide a frame of reference and define the spirit in which specific situations should be addressed.<\/p>\n<p class=\"rtejustify\" style=\"text-align: justify;\">In addition, in the course of our everyday activities, the CIS Group respects and adheres to:<\/p>\n<ul style=\"text-align: justify;\">\n<li class=\"rtejustify\">the principles of the UN Global Compact;<\/li>\n<li class=\"rtejustify\">the principles of the Universal Declaration of Human Rights of 1948;<\/li>\n<li class=\"rtejustify\">the principles of the International Labor Organization;<\/li>\n<li class=\"rtejustify\">the guiding principles of the OECD.<\/li>\n<\/ul>\n\n\t\t<\/div>\n\t<\/div>\n<\/div><\/div><\/div><\/div><div class=\"vc_row wpb_row vc_row-fluid vc_custom_1584544468069\"><div class=\"wpb_column vc_column_container vc_col-sm-1\/5\"><div class=\"vc_column-inner\"><div class=\"wpb_wrapper\"><div class=\"vc_btn3-container vc_btn3-center\" ><a class=\"vc_general vc_btn3 vc_btn3-size-lg vc_btn3-shape-square vc_btn3-style-classic vc_btn3-block vc_btn3-color-default\" href=\"https:\/\/cis-integratedservices.com\/en\/ethics\/policy-gdpr\/\" title=\"\">GDRP Policy<\/a><\/div><\/div><\/div><\/div><div class=\"wpb_column vc_column_container vc_col-sm-1\/5\"><div class=\"vc_column-inner\"><div class=\"wpb_wrapper\"><div class=\"vc_btn3-container vc_btn3-center\" ><a class=\"vc_general vc_btn3 vc_btn3-size-lg vc_btn3-shape-square vc_btn3-style-classic vc_btn3-block vc_btn3-color-default\" href=\"https:\/\/cis-integratedservices.com\/en\/ethics\/policy-gifts-invitations\/\" title=\"\">Gifts and invitations policy<\/a><\/div><\/div><\/div><\/div><div class=\"wpb_column vc_column_container vc_col-sm-1\/5\"><div class=\"vc_column-inner\"><div class=\"wpb_wrapper\"><div class=\"vc_btn3-container vc_btn3-center\" ><a class=\"vc_general vc_btn3 vc_btn3-size-lg vc_btn3-shape-square vc_btn3-style-classic vc_btn3-block vc_btn3-color-default\" href=\"https:\/\/cis-integratedservices.com\/en\/ethics\/principles-gifts-invitations\/\" title=\"\">Gifts and invitations principles<\/a><\/div><\/div><\/div><\/div><div class=\"wpb_column vc_column_container vc_col-sm-1\/5\"><div class=\"vc_column-inner\"><div class=\"wpb_wrapper\"><div class=\"vc_btn3-container vc_btn3-center\" ><a class=\"vc_general vc_btn3 vc_btn3-size-lg vc_btn3-shape-square vc_btn3-style-classic vc_btn3-block vc_btn3-color-default\" href=\"https:\/\/cis-integratedservices.com\/en\/ethics\/middlenext-anti-corruption-code-conduct\/\" title=\"\">Anti-Corruption Code of Conduct<\/a><\/div><\/div><\/div><\/div><div class=\"wpb_column vc_column_container vc_col-sm-1\/5\"><div class=\"vc_column-inner\"><div class=\"wpb_wrapper\"><div class=\"vc_btn3-container vc_btn3-center\" ><a class=\"vc_general vc_btn3 vc_btn3-size-lg vc_btn3-shape-square vc_btn3-style-classic vc_btn3-block vc_btn3-color-default\" href=\"https:\/\/cis-integratedservices.com\/en\/ethics\/ethics-charter\/\" title=\"\">Ethics Charter<\/a><\/div><\/div><\/div><\/div><\/div><div class=\"vc_row wpb_row vc_row-fluid vc_custom_1584544468069\"><div class=\"wpb_column vc_column_container vc_col-sm-2\"><div class=\"vc_column-inner\"><div class=\"wpb_wrapper\">\n\t<div  class=\"wpb_single_image wpb_content_element vc_align_center\">\n\t\t\n\t\t<figure class=\"wpb_wrapper vc_figure\">\n\t\t\t<div class=\"vc_single_image-wrapper   vc_box_border_grey\"><img loading=\"lazy\" decoding=\"async\" class=\"vc_single_image-img\" src=\"https:\/\/cna-mauritania.com\/wp-content\/uploads\/2020\/06\/CNA-MAURITANIA-ethique-adresse-mail-100x100.png\" width=\"100\" height=\"100\" alt=\"CNA-MAURITANIA-ethique-adresse-mail\" title=\"CNA-MAURITANIA-ethique-adresse-mail\" \/><\/div>\n\t\t<\/figure>\n\t<\/div>\n<\/div><\/div><\/div><div class=\"wpb_column vc_column_container vc_col-sm-10\"><div class=\"vc_column-inner\"><div class=\"wpb_wrapper\">\n\t<div class=\"wpb_text_column wpb_content_element\" >\n\t\t<div class=\"wpb_wrapper\">\n\t\t\t<p class=\"rtejustify\" style=\"text-align: justify;\">To ensure the proper application of its Code of Conduct, CIS has implemented a whistle-blower confidentiality system for its employees and third parties. If you personally notice any behaviour or practice that does not appear to be compliant with the values stated in the Code of Conduct, we would be grateful if you would report this event by sending an email to the address below:<\/p>\n\n\t\t<\/div>\n\t<\/div>\n<div class=\"vc_btn3-container vc_btn3-center vc_custom_1584551008771\" ><a onmouseleave=\"this.style.borderColor='#0d496f'; this.style.backgroundColor='transparent'; this.style.color='#0d496f'\" onmouseenter=\"this.style.borderColor='#0d496f'; this.style.backgroundColor='#0d496f'; this.style.color='#ffffff';\" style=\"border-color:#0d496f; color:#0d496f;\" class=\"vc_general vc_btn3 vc_btn3-size-lg vc_btn3-shape-square vc_btn3-style-outline-custom\" href=\"mailto:\/\/cis.ethics@laposte.net\" title=\"\">cis.ethics@laposte.net<\/a><\/div>\n\t<div class=\"wpb_text_column wpb_content_element\" >\n\t\t<div class=\"wpb_wrapper\">\n\t\t\t<p class=\"rtejustify\" style=\"text-align: center;\"><span style=\"text-decoration: underline;\"><a href=\"mailto:privacy@cis-catering.com\">According to CNIL decision no. 2017-191, you may exercise your right to access and modify your personal data by sending a request to the above email address.<\/a><\/span><\/p>\n\n\t\t<\/div>\n\t<\/div>\n<\/div><\/div><\/div><\/div><div class=\"vc_row wpb_row vc_row-fluid\"><div class=\"wpb_column vc_column_container vc_col-sm-12\"><div class=\"vc_column-inner vc_custom_1580725099525\"><div class=\"wpb_wrapper\"><div class=\"\">\n\t<div class=\"rt-vc-title rtin-section-title-left\">\n\t\t\t\t\t<h2 class=\"rt-section-title-vc\" style=\"font-size:30px; color:#222222;\">Learn more<\/h2>\n\t\t\t<\/div>\n<\/div><\/div><\/div><\/div><\/div><div class=\"vc_row wpb_row vc_row-fluid vc_custom_1558541026677 vc_column-gap-30\"><div class=\"wpb_column vc_column_container vc_col-sm-4 vc_col-has-fill\"><div class=\"vc_column-inner vc_custom_1749713292664\"><div class=\"wpb_wrapper\">\n\t<div class=\"wpb_text_column wpb_content_element\" >\n\t\t<div class=\"wpb_wrapper\">\n\t\t\t<div class=\"eds-animate\" data-eds-entry-animation=\"zoomIn\" data-eds-entry-delay=\"0\" data-eds-entry-duration=\"1\" data-eds-entry-timing=\"linear\" data-eds-exit-animation=\"\" data-eds-exit-delay=\"\" data-eds-exit-duration=\"\" data-eds-exit-timing=\"\" data-eds-repeat-count=\"1\" data-eds-keep=\"yes\" data-eds-animate-on=\"hover\" data-eds-scroll-offset=\"\">\n<h2 style=\"text-align: center;\"><a href=\"https:\/\/cna-mauritania.com\/en\/nos-engagements-qhse\/\"><span style=\"color: #ffffff;\"><strong>QHSE Commitments<\/strong><\/span><\/a><\/h2>\n<\/div>\n\n\t\t<\/div>\n\t<\/div>\n<\/div><\/div><\/div><div class=\"wpb_column vc_column_container vc_col-sm-4 vc_col-has-fill\"><div class=\"vc_column-inner vc_custom_1749713307111\"><div class=\"wpb_wrapper\">\n\t<div class=\"wpb_text_column wpb_content_element\" >\n\t\t<div class=\"wpb_wrapper\">\n\t\t\t<div class=\"eds-animate\" data-eds-entry-animation=\"zoomIn\" data-eds-entry-delay=\"0\" data-eds-entry-duration=\"1\" data-eds-entry-timing=\"linear\" data-eds-exit-animation=\"\" data-eds-exit-delay=\"\" data-eds-exit-duration=\"\" data-eds-exit-timing=\"\" data-eds-repeat-count=\"1\" data-eds-keep=\"yes\" data-eds-animate-on=\"hover\" data-eds-scroll-offset=\"\">\n<h2 style=\"text-align: center;\"><a href=\"https:\/\/cna-mauritania.com\/en\/certifications\/\"><span style=\"color: #ffffff;\"><strong>Certifications<\/strong><\/span><\/a><\/h2>\n<\/div>\n\n\t\t<\/div>\n\t<\/div>\n<\/div><\/div><\/div><div class=\"wpb_column vc_column_container vc_col-sm-4 vc_col-has-fill\"><div class=\"vc_column-inner vc_custom_1749713282473\"><div class=\"wpb_wrapper\">\n\t<div class=\"wpb_text_column wpb_content_element\" >\n\t\t<div class=\"wpb_wrapper\">\n\t\t\t<div class=\"eds-animate\" data-eds-entry-animation=\"zoomIn\" data-eds-entry-delay=\"0\" data-eds-entry-duration=\"1\" data-eds-entry-timing=\"linear\" data-eds-exit-animation=\"\" data-eds-exit-delay=\"\" data-eds-exit-duration=\"\" data-eds-exit-timing=\"\" data-eds-repeat-count=\"1\" data-eds-keep=\"yes\" data-eds-animate-on=\"hover\" data-eds-scroll-offset=\"\">\n<h2 style=\"text-align: center;\"><a href=\"https:\/\/cna-mauritania.com\/en\/formation\/\"><span style=\"color: #ffffff;\"><strong>Local<\/strong><\/span><\/a><\/h2>\n<\/div>\n\n\t\t<\/div>\n\t<\/div>\n<\/div><\/div><\/div><\/div>","protected":false},"excerpt":{"rendered":"CNA Mauritania est une filiale du Groupe CIS. Compte tenu de la nature de ses activit\u00e9s, de sa dimension internationale et des diverses nationalit\u00e9s qui le composent, le Groupe CIS est soucieux de faire partager \u00e0 l\u2019ensemble de ses collaborateurs, rattach\u00e9s \u00e0 ses diff\u00e9rentes filiales et succursales \u00e0 travers le monde (toutes fonctions et toutes [...]","protected":false},"author":2,"featured_media":0,"parent":0,"menu_order":0,"comment_status":"closed","ping_status":"closed","template":"","meta":{"footnotes":""},"class_list":["post-6425","page","type-page","status-publish","hentry"],"yoast_head":"<!-- This site is optimized with the Yoast SEO plugin v27.5 - https:\/\/yoast.com\/product\/yoast-seo-wordpress\/ -->\n<title>Ethique - CNA Mauritania<\/title>\n<meta name=\"robots\" content=\"index, follow, max-snippet:-1, max-image-preview:large, max-video-preview:-1\" \/>\n<link rel=\"canonical\" href=\"https:\/\/cna-mauritania.com\/en\/ethique\/\" \/>\n<meta property=\"og:locale\" content=\"en_GB\" \/>\n<meta property=\"og:type\" content=\"article\" \/>\n<meta property=\"og:title\" content=\"Ethique - CNA Mauritania\" \/>\n<meta property=\"og:url\" content=\"https:\/\/cna-mauritania.com\/en\/ethique\/\" \/>\n<meta property=\"og:site_name\" content=\"CNA Mauritania\" \/>\n<meta property=\"article:modified_time\" content=\"2025-06-12T09:53:00+00:00\" \/>\n<meta name=\"twitter:card\" content=\"summary_large_image\" \/>\n<meta name=\"twitter:label1\" content=\"Estimated reading time\" \/>\n\t<meta name=\"twitter:data1\" content=\"4 minutes\" \/>\n<!-- \/ Yoast SEO plugin. -->","yoast_head_json":{"title":"Ethique - CNA Mauritania","robots":{"index":"index","follow":"follow","max-snippet":"max-snippet:-1","max-image-preview":"max-image-preview:large","max-video-preview":"max-video-preview:-1"},"canonical":"https:\/\/cna-mauritania.com\/en\/ethique\/","og_locale":"en_GB","og_type":"article","og_title":"Ethique - CNA Mauritania","og_url":"https:\/\/cna-mauritania.com\/en\/ethique\/","og_site_name":"CNA Mauritania","article_modified_time":"2025-06-12T09:53:00+00:00","twitter_card":"summary_large_image","twitter_misc":{"Estimated reading time":"4 minutes"},"schema":{"@context":"https:\/\/schema.org","@graph":[{"@type":"WebPage","@id":"https:\/\/cna-mauritania.com\/ethique\/","url":"https:\/\/cna-mauritania.com\/ethique\/","name":"Ethique - CNA Mauritania","isPartOf":{"@id":"https:\/\/cna-mauritania.com\/#website"},"datePublished":"2020-03-18T11:32:36+00:00","dateModified":"2025-06-12T09:53:00+00:00","breadcrumb":{"@id":"https:\/\/cna-mauritania.com\/ethique\/#breadcrumb"},"inLanguage":"en-GB","potentialAction":[{"@type":"ReadAction","target":["https:\/\/cna-mauritania.com\/ethique\/"]}]},{"@type":"BreadcrumbList","@id":"https:\/\/cna-mauritania.com\/ethique\/#breadcrumb","itemListElement":[{"@type":"ListItem","position":1,"name":"Accueil","item":"https:\/\/cna-mauritania.com\/"},{"@type":"ListItem","position":2,"name":"Ethique"}]},{"@type":"WebSite","@id":"https:\/\/cna-mauritania.com\/#website","url":"https:\/\/cna-mauritania.com\/","name":"CNA Mauritania","description":"Integrated Life Support Services","potentialAction":[{"@type":"SearchAction","target":{"@type":"EntryPoint","urlTemplate":"https:\/\/cna-mauritania.com\/?s={search_term_string}"},"query-input":{"@type":"PropertyValueSpecification","valueRequired":true,"valueName":"search_term_string"}}],"inLanguage":"en-GB"}]}},"_links":{"self":[{"href":"https:\/\/cna-mauritania.com\/en\/wp-json\/wp\/v2\/pages\/6425","targetHints":{"allow":["GET"]}}],"collection":[{"href":"https:\/\/cna-mauritania.com\/en\/wp-json\/wp\/v2\/pages"}],"about":[{"href":"https:\/\/cna-mauritania.com\/en\/wp-json\/wp\/v2\/types\/page"}],"author":[{"embeddable":true,"href":"https:\/\/cna-mauritania.com\/en\/wp-json\/wp\/v2\/users\/2"}],"replies":[{"embeddable":true,"href":"https:\/\/cna-mauritania.com\/en\/wp-json\/wp\/v2\/comments?post=6425"}],"version-history":[{"count":42,"href":"https:\/\/cna-mauritania.com\/en\/wp-json\/wp\/v2\/pages\/6425\/revisions"}],"predecessor-version":[{"id":46171,"href":"https:\/\/cna-mauritania.com\/en\/wp-json\/wp\/v2\/pages\/6425\/revisions\/46171"}],"wp:attachment":[{"href":"https:\/\/cna-mauritania.com\/en\/wp-json\/wp\/v2\/media?parent=6425"}],"curies":[{"name":"wp","href":"https:\/\/api.w.org\/{rel}","templated":true}]}}