{"id":5620,"date":"2020-01-21T16:55:32","date_gmt":"2020-01-21T16:55:32","guid":{"rendered":"https:\/\/www.cis-chad.com\/?page_id=5620"},"modified":"2026-03-26T11:33:17","modified_gmt":"2026-03-26T11:33:17","slug":"nos-clients","status":"publish","type":"page","link":"https:\/\/cna-mauritania.com\/en\/nos-clients\/","title":{"rendered":"Customers"},"content":{"rendered":"<div class=\"vc_row wpb_row vc_row-fluid vc_custom_1593095209402\"><div class=\"wpb_column vc_column_container vc_col-sm-12\"><div class=\"vc_column-inner\"><div class=\"wpb_wrapper\">\n\t<div class=\"wpb_text_column wpb_content_element\" >\n\t\t<div class=\"wpb_wrapper\">\n\t\t\t<h2 style=\"text-align: center;\">Whether your project is located on a mining site in the desert, an offshore or onshore oil site, a major infrastructure construction site, or even in an urban setting for your company or organization, CNA supports you at every stage of your project and is at your service to enhance the comfort of your personnel.<\/h2>\n<h2 style=\"text-align: center;\">We offer a wide range of integrated services, including catering, accommodation, facility management, and support services.<\/h2>\n\n\t\t<\/div>\n\t<\/div>\n<\/div><\/div><\/div><\/div><div class=\"vc_row wpb_row vc_row-fluid\"><div class=\"wpb_column vc_column_container vc_col-sm-12\"><div class=\"vc_column-inner\"><div class=\"wpb_wrapper\"><div class=\"vc_empty_space\"   style=\"height: 32px\"><span class=\"vc_empty_space_inner\"><\/span><\/div>\n\t<div class=\"wpb_text_column wpb_content_element\" >\n\t\t<div class=\"wpb_wrapper\">\n\t\t\t<h2 style=\"text-align: center;\">They trust us<\/h2>\n<p>&nbsp;<\/p>\n\n\t\t<\/div>\n\t<\/div>\n\n\t<div class=\"wpb_raw_code wpb_content_element wpb_raw_html\" >\n\t\t<div class=\"wpb_wrapper\">\n\t\t\t<!DOCTYPE html>\n<html lang=\"fr\">\n<head>\n  <meta charset=\"UTF-8\">\n  <meta name=\"viewport\" content=\"width=device-width, initial-scale=1.0\">\n  <style>\n    body {\n      font-family: Arial, sans-serif;\n      background: #fff;\n      margin: 0;\n      padding: 0;\n    }\n    .clients-section {\n      padding: 60px 20px;\n      background-color: #f9f9f9;\n      text-align: center;\n    }\n    .clients-grid {\n      display: grid;\n      grid-template-columns: repeat(3, 1fr); \/* 3 colonnes fixes *\/\n      gap: 30px;\n      max-width: 1000px;\n      margin: 0 auto;\n      place-items: center;\n    }\n    .clients-grid span {\n      font-size: 1.5rem;\n      color: #555;\n      padding: 10px 0;\n      transition: color 0.3s, border-bottom 0.3s;\n      border-bottom: 1px solid transparent;\n      cursor: default;\n      text-align: center;\n      max-width: 260px; \/* \u00e9vite que les longues lignes \u201cpoussent\u201d la grille *\/\n    }\n    .clients-grid span:hover {\n      color: #000;\n      border-bottom: 1px solid #000;\n    }\n  <\/style>\n<\/head>\n<body>\n  <section class=\"clients-section\">\n    <div class=\"clients-grid\">\n      <span>Kinross Tasiast<\/span>\n      <span>BP<\/span>\n      <span>VALARIS<\/span>\n\n      <span>French Embassy<\/span>\n      <span>Spanish Embassy<\/span>\n      <span>Japanese Embassy<\/span>\n\n      <span>French Institute of Mauritania (IFM)<\/span>\n      <span>Th\u00e9odore Monod French School (LFTM)<\/span>\n    <\/div>\n  <\/section>\n<\/body>\n<\/html>\n\n\t\t<\/div>\n\t<\/div>\n<\/div><\/div><\/div><\/div><div class=\"vc_row wpb_row vc_row-fluid\"><div class=\"wpb_column vc_column_container vc_col-sm-12\"><div class=\"vc_column-inner vc_custom_1580483081422\"><div class=\"wpb_wrapper\"><div class=\"\">\n\t<div class=\"rt-vc-title rtin-section-title-left\">\n\t\t\t\t\t<h2 class=\"rt-section-title-vc\" style=\"font-size:30px; color:#222222;\">Learn more<\/h2>\n\t\t\t<\/div>\n<\/div><\/div><\/div><\/div><\/div><div class=\"vc_row wpb_row vc_row-fluid vc_custom_1580897741691 vc_column-gap-30\"><div class=\"wpb_column vc_column_container vc_col-sm-4 vc_col-has-fill\"><div class=\"vc_column-inner vc_custom_1749713455083\"><div class=\"wpb_wrapper\">\n\t<div class=\"wpb_text_column wpb_content_element\" >\n\t\t<div class=\"wpb_wrapper\">\n\t\t\t<div class=\"eds-animate\" data-eds-entry-animation=\"zoomIn\" data-eds-entry-delay=\"0\" data-eds-entry-duration=\"1\" data-eds-entry-timing=\"linear\" data-eds-exit-animation=\"\" data-eds-exit-delay=\"\" data-eds-exit-duration=\"\" data-eds-exit-timing=\"\" data-eds-repeat-count=\"1\" data-eds-keep=\"yes\" data-eds-animate-on=\"hover\" data-eds-scroll-offset=\"\">\n<h2 style=\"text-align: center;\"><a href=\"https:\/\/cna-mauritania.com\/en\/presentation\/\"><strong><span style=\"color: #ffffff;\">Presentation<\/span><\/strong><\/a><\/h2>\n<\/div>\n\n\t\t<\/div>\n\t<\/div>\n<\/div><\/div><\/div><div class=\"wpb_column vc_column_container vc_col-sm-4 vc_col-has-fill\"><div class=\"vc_column-inner vc_custom_1749713466095\"><div class=\"wpb_wrapper\">\n\t<div class=\"wpb_text_column wpb_content_element\" >\n\t\t<div class=\"wpb_wrapper\">\n\t\t\t<div class=\"eds-animate\" data-eds-entry-animation=\"zoomIn\" data-eds-entry-delay=\"0\" data-eds-entry-duration=\"1\" data-eds-entry-timing=\"linear\" data-eds-exit-animation=\"\" data-eds-exit-delay=\"\" data-eds-exit-duration=\"\" data-eds-exit-timing=\"\" data-eds-repeat-count=\"1\" data-eds-keep=\"yes\" data-eds-animate-on=\"hover\" data-eds-scroll-offset=\"\">\n<h2 style=\"text-align: center;\"><a href=\"https:\/\/cna-mauritania.com\/en\/nos-engagements-qhse\/\"><strong><span style=\"color: #ffffff;\">QHSE Commitments<\/span><\/strong><\/a><\/h2>\n<p>&nbsp;<\/p>\n<\/div>\n\n\t\t<\/div>\n\t<\/div>\n<\/div><\/div><\/div><div class=\"wpb_column vc_column_container vc_col-sm-4 vc_col-has-fill\"><div class=\"vc_column-inner vc_custom_1749713477885\"><div class=\"wpb_wrapper\">\n\t<div class=\"wpb_text_column wpb_content_element\" >\n\t\t<div class=\"wpb_wrapper\">\n\t\t\t<div class=\"eds-animate\" data-eds-entry-animation=\"zoomIn\" data-eds-entry-delay=\"0\" data-eds-entry-duration=\"1\" data-eds-entry-timing=\"linear\" data-eds-exit-animation=\"\" data-eds-exit-delay=\"\" data-eds-exit-duration=\"\" data-eds-exit-timing=\"\" data-eds-repeat-count=\"1\" data-eds-keep=\"yes\" data-eds-animate-on=\"hover\" data-eds-scroll-offset=\"\">\n<h2 style=\"text-align: center;\"><a href=\"https:\/\/cna-mauritania.com\/en\/social\/\"><strong><span style=\"color: #ffffff;\">Sustainable development<\/span><\/strong><\/a><\/h2>\n<\/div>\n\n\t\t<\/div>\n\t<\/div>\n<\/div><\/div><\/div><\/div>","protected":false},"excerpt":{"rendered":"Que votre projet soit situ\u00e9 sur un site minier dans le d\u00e9sert, un site p\u00e9trolier offshore ou onshore, un grand chantier d'infrastructures, ou encore en milieu urbain pour votre entreprise ou organisation, CNA vous accompagne \u00e0 chaque \u00e9tape de votre projet et est \u00e0 votre service pour am\u00e9liorer le confort de votre personnel. Nous proposons [...]","protected":false},"author":2,"featured_media":0,"parent":0,"menu_order":0,"comment_status":"closed","ping_status":"closed","template":"","meta":{"footnotes":""},"class_list":["post-5620","page","type-page","status-publish","hentry"],"yoast_head":"<!-- This site is optimized with the Yoast SEO plugin v27.5 - https:\/\/yoast.com\/product\/yoast-seo-wordpress\/ -->\n<title>Clients - CNA Mauritania<\/title>\n<meta name=\"robots\" content=\"index, follow, max-snippet:-1, max-image-preview:large, max-video-preview:-1\" \/>\n<link rel=\"canonical\" href=\"https:\/\/cna-mauritania.com\/en\/nos-clients\/\" \/>\n<meta property=\"og:locale\" content=\"en_GB\" \/>\n<meta property=\"og:type\" content=\"article\" \/>\n<meta property=\"og:title\" content=\"Clients - CNA Mauritania\" \/>\n<meta property=\"og:url\" content=\"https:\/\/cna-mauritania.com\/en\/nos-clients\/\" \/>\n<meta property=\"og:site_name\" content=\"CNA Mauritania\" \/>\n<meta property=\"article:modified_time\" content=\"2026-03-26T11:33:17+00:00\" \/>\n<meta name=\"twitter:card\" content=\"summary_large_image\" \/>\n<meta name=\"twitter:label1\" content=\"Estimated reading time\" \/>\n\t<meta name=\"twitter:data1\" content=\"2 minutes\" \/>\n<!-- \/ Yoast SEO plugin. -->","yoast_head_json":{"title":"Clients - CNA Mauritania","robots":{"index":"index","follow":"follow","max-snippet":"max-snippet:-1","max-image-preview":"max-image-preview:large","max-video-preview":"max-video-preview:-1"},"canonical":"https:\/\/cna-mauritania.com\/en\/nos-clients\/","og_locale":"en_GB","og_type":"article","og_title":"Clients - CNA Mauritania","og_url":"https:\/\/cna-mauritania.com\/en\/nos-clients\/","og_site_name":"CNA Mauritania","article_modified_time":"2026-03-26T11:33:17+00:00","twitter_card":"summary_large_image","twitter_misc":{"Estimated reading time":"2 minutes"},"schema":{"@context":"https:\/\/schema.org","@graph":[{"@type":"WebPage","@id":"https:\/\/cna-mauritania.com\/nos-clients\/","url":"https:\/\/cna-mauritania.com\/nos-clients\/","name":"Clients - CNA Mauritania","isPartOf":{"@id":"https:\/\/cna-mauritania.com\/#website"},"datePublished":"2020-01-21T16:55:32+00:00","dateModified":"2026-03-26T11:33:17+00:00","breadcrumb":{"@id":"https:\/\/cna-mauritania.com\/nos-clients\/#breadcrumb"},"inLanguage":"en-GB","potentialAction":[{"@type":"ReadAction","target":["https:\/\/cna-mauritania.com\/nos-clients\/"]}]},{"@type":"BreadcrumbList","@id":"https:\/\/cna-mauritania.com\/nos-clients\/#breadcrumb","itemListElement":[{"@type":"ListItem","position":1,"name":"Accueil","item":"https:\/\/cna-mauritania.com\/"},{"@type":"ListItem","position":2,"name":"Clients"}]},{"@type":"WebSite","@id":"https:\/\/cna-mauritania.com\/#website","url":"https:\/\/cna-mauritania.com\/","name":"CNA Mauritania","description":"Integrated Life Support Services","potentialAction":[{"@type":"SearchAction","target":{"@type":"EntryPoint","urlTemplate":"https:\/\/cna-mauritania.com\/?s={search_term_string}"},"query-input":{"@type":"PropertyValueSpecification","valueRequired":true,"valueName":"search_term_string"}}],"inLanguage":"en-GB"}]}},"_links":{"self":[{"href":"https:\/\/cna-mauritania.com\/en\/wp-json\/wp\/v2\/pages\/5620","targetHints":{"allow":["GET"]}}],"collection":[{"href":"https:\/\/cna-mauritania.com\/en\/wp-json\/wp\/v2\/pages"}],"about":[{"href":"https:\/\/cna-mauritania.com\/en\/wp-json\/wp\/v2\/types\/page"}],"author":[{"embeddable":true,"href":"https:\/\/cna-mauritania.com\/en\/wp-json\/wp\/v2\/users\/2"}],"replies":[{"embeddable":true,"href":"https:\/\/cna-mauritania.com\/en\/wp-json\/wp\/v2\/comments?post=5620"}],"version-history":[{"count":51,"href":"https:\/\/cna-mauritania.com\/en\/wp-json\/wp\/v2\/pages\/5620\/revisions"}],"predecessor-version":[{"id":46325,"href":"https:\/\/cna-mauritania.com\/en\/wp-json\/wp\/v2\/pages\/5620\/revisions\/46325"}],"wp:attachment":[{"href":"https:\/\/cna-mauritania.com\/en\/wp-json\/wp\/v2\/media?parent=5620"}],"curies":[{"name":"wp","href":"https:\/\/api.w.org\/{rel}","templated":true}]}}