{"id":4640,"date":"2019-05-23T14:05:18","date_gmt":"2019-05-23T14:05:18","guid":{"rendered":"https:\/\/www.cieptal.com\/?page_id=4640"},"modified":"2026-03-12T17:41:23","modified_gmt":"2026-03-12T17:41:23","slug":"formation","status":"publish","type":"page","link":"https:\/\/cna-mauritania.com\/en\/formation\/","title":{"rendered":"Local"},"content":{"rendered":"<div class=\"vc_row wpb_row vc_row-fluid vc_custom_1593420173582\"><div class=\"wpb_column vc_column_container vc_col-sm-12\"><div class=\"vc_column-inner\"><div class=\"wpb_wrapper\">\n\t<div class=\"wpb_text_column wpb_content_element \" >\n\t\t<div class=\"wpb_wrapper\">\n\t\t\t<div class=\"vc_row wpb_row vc_row-fluid\">\n<div class=\"wpb_column vc_column_container vc_col-sm-12\">\n<div class=\"vc_column-inner\">\n<div class=\"wpb_wrapper\">\n<div class=\"wpb_text_column wpb_content_element \">\n<div class=\"wpb_wrapper\">\n<h2 style=\"text-align: center;\">Favoriser l\u2019\u00e9volution interne et l\u2019\u00e9panouissement professionnel de nos collaborateurs par la formation<\/h2>\n<\/div>\n<\/div>\n<\/div>\n<\/div>\n<\/div>\n<\/div>\n\n\t\t<\/div>\n\t<\/div>\n<\/div><\/div><\/div><\/div><div data-vc-full-width=\"true\" data-vc-full-width-init=\"false\" data-vc-stretch-content=\"true\" class=\"vc_row wpb_row vc_row-fluid vc_custom_1593426433935 vc_row-has-fill\"><div class=\"wpb_column vc_column_container vc_col-sm-4\"><div class=\"vc_column-inner vc_custom_1580482858319\"><div class=\"wpb_wrapper\">\n\t<div class=\"wpb_text_column wpb_content_element \" >\n\t\t<div class=\"wpb_wrapper\">\n\t\t\t<h2 style=\"text-align: center;\"><span style=\"color: #ffffff;\"><strong>Daily toolbox<\/strong><br \/>\nmeetings<\/span><\/h2>\n\n\t\t<\/div>\n\t<\/div>\n<\/div><\/div><\/div><div class=\"wpb_column vc_column_container vc_col-sm-4\"><div class=\"vc_column-inner vc_custom_1580482911683\"><div class=\"wpb_wrapper\">\n\t<div class=\"wpb_text_column wpb_content_element \" >\n\t\t<div class=\"wpb_wrapper\">\n\t\t\t<h2 style=\"text-align: center;\"><span style=\"color: #ffffff;\"><strong>4 550 heures<\/strong><br \/>\nde formation en 2025<\/span><\/h2>\n\n\t\t<\/div>\n\t<\/div>\n<\/div><\/div><\/div><div class=\"wpb_column vc_column_container vc_col-sm-4\"><div class=\"vc_column-inner vc_custom_1580482964200\"><div class=\"wpb_wrapper\">\n\t<div class=\"wpb_text_column wpb_content_element \" >\n\t\t<div class=\"wpb_wrapper\">\n\t\t\t<h2 style=\"text-align: center;\"><span style=\"color: #ffffff;\"><strong>Formation<\/strong><br \/>\nlocale<\/span><\/h2>\n\n\t\t<\/div>\n\t<\/div>\n<\/div><\/div><\/div><\/div><div class=\"vc_row-full-width vc_clearfix\"><\/div><div class=\"vc_row wpb_row vc_row-fluid vc_custom_1593423219907\"><div class=\"wpb_column vc_column_container vc_col-sm-12\"><div class=\"vc_column-inner\"><div class=\"wpb_wrapper\"><div class=\"\">\r\n\t<div class=\"rt-text-with-image\">\r\n\t\t<div class=\"row\">\r\n\t\t\t<div class=\"col-lg-6 col-md-6 col-sm-6 col-xs-12\">\r\n\t\t\t\t<div class=\"rtin-text-part\">\r\n\t\t\t\t\t\t\t\t\t\t<h2 style=\"color:#000000\">La formation pour d\u00e9velopper les comp\u00e9tences de nos collaborateurs<\/h2>\r\n\t\t\t\t\t\t\t\t\t\t<\/p>\n<p style=\"text-align: justify\"><span class=\"TextRun SCXW266065203 BCX0\" lang=\"FR-FR\" xml:lang=\"FR-FR\" data-contrast=\"none\"><span class=\"NormalTextRun SCXW266065203 BCX0\">CNA\u00a0<\/span><\/span><span class=\"TextRun SCXW266065203 BCX0\" lang=\"FR-FR\" xml:lang=\"FR-FR\" data-contrast=\"none\"><span class=\"NormalTextRun SpellingErrorV2 SCXW266065203 BCX0\">Mauritania<\/span><\/span><span class=\"TextRun SCXW266065203 BCX0\" lang=\"FR-FR\" xml:lang=\"FR-FR\" data-contrast=\"none\"><span class=\"NormalTextRun SCXW266065203 BCX0\">\u00a0<\/span><\/span><span class=\"TextRun SCXW266065203 BCX0\" lang=\"FR-FR\" xml:lang=\"FR-FR\" data-contrast=\"none\"><span class=\"NormalTextRun SCXW266065203 BCX0\">a d\u00e9velopp\u00e9 un centre de formation qui cr\u00e9e un\u00a0<\/span><\/span><span class=\"TextRun SCXW266065203 BCX0\" lang=\"FR-FR\" xml:lang=\"FR-FR\" data-contrast=\"none\"><span class=\"NormalTextRun SCXW266065203 BCX0\">environnement<\/span><\/span><span class=\"TextRun SCXW266065203 BCX0\" lang=\"FR-FR\" xml:lang=\"FR-FR\" data-contrast=\"none\"><span class=\"NormalTextRun SCXW266065203 BCX0\">\u00a0favorisant l\u2019apprentissage de nos collaborateurs sur un large \u00e9ventail de sujets QHSE, allant de la s\u00e9curit\u00e9 alimentaire, aux risques m\u00e9tiers et\u00a0<\/span><\/span><span class=\"TextRun SCXW266065203 BCX0\" lang=\"FR-FR\" xml:lang=\"FR-FR\" data-contrast=\"none\"><span class=\"NormalTextRun SCXW266065203 BCX0\">environnement<\/span><\/span><span class=\"TextRun SCXW266065203 BCX0\" lang=\"FR-FR\" xml:lang=\"FR-FR\" data-contrast=\"none\"><span class=\"NormalTextRun SCXW266065203 BCX0\">aux.<\/span><\/span><span class=\"EOP SCXW266065203 BCX0\" data-ccp-props=\"{&quot;201341983&quot;:0,&quot;335551550&quot;:6,&quot;335551620&quot;:6,&quot;335559739&quot;:160,&quot;335559740&quot;:240}\">\u00a0<\/span><\/p>\n<p style=\"text-align: justify\">Nos collaborateurs se voient \u00e9galement dispenser des formations sur les outils bureautiques.<\/p>\n<p style=\"text-align: justify\">Ces formations ont consid\u00e9rablement fait progresser la mauritanisation des postes : les responsables de d\u00e9partements sont en mesure d&#8217;identifier les futurs managers, de les former et suivre l\u2019\u00e9volution de leurs comp\u00e9tences.<\/p>\n<p>\t\t\t\t<\/div>\r\n\t\t\t<\/div>\r\n\t\t\t<div class=\"col-lg-6 col-md-6 col-sm-6 col-xs-12\">\r\n\t\t\t\t<img loading=\"lazy\" decoding=\"async\" width=\"550\" height=\"450\" src=\"https:\/\/cna-mauritania.com\/wp-content\/uploads\/2020\/06\/CNA-MAURITANIA-engagements-formation-5.jpg\" class=\"attachment-full size-full\" alt=\"\" srcset=\"https:\/\/cna-mauritania.com\/wp-content\/uploads\/2020\/06\/CNA-MAURITANIA-engagements-formation-5.jpg 550w, https:\/\/cna-mauritania.com\/wp-content\/uploads\/2020\/06\/CNA-MAURITANIA-engagements-formation-5-300x245.jpg 300w\" sizes=\"auto, (max-width: 550px) 100vw, 550px\" \/>\t\t\t<\/div>\r\n\t\t<\/div>\r\n\t<\/div>\r\n<\/div><div class=\"vc_custom_1601548294067\">\r\n\t<div class=\"rt-text-with-image\">\r\n\t\t<div class=\"row\">\r\n\t\t\t<div class=\"col-lg-6 col-md-6 col-sm-6 col-xs-12\">\r\n\t\t\t\t<img loading=\"lazy\" decoding=\"async\" width=\"550\" height=\"450\" src=\"https:\/\/cna-mauritania.com\/wp-content\/uploads\/2020\/06\/CNA-MAURITANIA-engagements-formation-7.jpg\" class=\"attachment-full size-full\" alt=\"\" srcset=\"https:\/\/cna-mauritania.com\/wp-content\/uploads\/2020\/06\/CNA-MAURITANIA-engagements-formation-7.jpg 550w, https:\/\/cna-mauritania.com\/wp-content\/uploads\/2020\/06\/CNA-MAURITANIA-engagements-formation-7-300x245.jpg 300w\" sizes=\"auto, (max-width: 550px) 100vw, 550px\" \/>\t\t\t<\/div>\t\t\t\t\t\r\n\t\t\t<div class=\"col-lg-6 col-md-6 col-sm-6 col-xs-12\">\r\n\t\t\t\t<div class=\"rtin-text-part\">\r\n\t\t\t\t\t\t\t\t\t\t<h2 style=\"color:#000000\">La s\u00e9curit\u00e9 \u00e0 travers la formation<\/h2>\r\n\t\t\t\t\t\t\t\t\t\t<\/p>\n<p style=\"text-align: justify\">Sur le site de Tasiast, le d\u00e9partement QHSE a mis en place une initiative de cr\u00e9ation de vid\u00e9os de s\u00e9curit\u00e9 en interne. Ces vid\u00e9os permettent \u00e0 tous les employ\u00e9s de comprendre facilement les r\u00e8gles et proc\u00e9dures \u00e0 suivre en cas d&#8217;incident sur le site. Gr\u00e2ce \u00e0 l&#8217;utilisation de vid\u00e9os de formation et de films NAPO pour promouvoir la s\u00e9curit\u00e9 et la sant\u00e9 au travail, les proc\u00e9dures et les risques sont expliqu\u00e9s de mani\u00e8re p\u00e9dagogique afin de garantir \u00e0 tout notre personnel, une parfaite compr\u00e9hension des sujets et promouvoir notre politique 0 accident.<\/p>\n<p style=\"text-align: justify\">Des \u00ab toolbox \u00bb quotidiens sont \u00e9galement organis\u00e9s pour l\u2019ensemble des employ\u00e9s (rappel des proc\u00e9dures, nouvelle r\u00e8glementation en vigueur, etc.) et des questionnaires annuels de validation des connaissances sont mis en place dans le cadre de certains m\u00e9tiers (ex : maintenance) pour s\u2019assurer de la bonne utilisation des objets ou machines \u00e0 risque. Par ailleurs, en 2018, CNA Mauritania a form\u00e9 75 secouristes, soit 18% de l&#8217;effectif total. Cette formation applicable non seulement dans le cadre professionnel sur site mais aussi \u00e0 l\u2019ext\u00e9rieur (ville, campagne) peut sauver des vies en tout lieu et \u00e0 tout moment.<\/p>\n<p>\t\t\t\t<\/div>\r\n\t\t\t<\/div>\r\n\t\t<\/div>\r\n\t<\/div>\r\n<\/div><\/div><\/div><\/div><\/div><div class=\"vc_row wpb_row vc_row-fluid vc_custom_1593423397566\"><div class=\"wpb_column vc_column_container vc_col-sm-12\"><div class=\"vc_column-inner\"><div class=\"wpb_wrapper\"><div class=\"\">\r\n\t<div class=\"rt-text-with-image\">\r\n\t\t<div class=\"row\">\r\n\t\t\t<div class=\"col-lg-6 col-md-6 col-sm-6 col-xs-12\">\r\n\t\t\t\t<div class=\"rtin-text-part\">\r\n\t\t\t\t\t\t\t\t\t\t<h2 style=\"color:#000000\">La formation, outil du d\u00e9veloppement local<\/h2>\r\n\t\t\t\t\t\t\t\t\t\t<\/p>\n<p style=\"text-align: justify\">La formation est l&#8217;un des principaux piliers de notre plan pour le d\u00e9veloppement local. Depuis 2013, CNA Mauritania a mis en place un plan de nationalisation des postes qui vise \u00e0 promouvoir les locaux sur des postes de haut niveau autrefois occup\u00e9s par des expatri\u00e9s. Le plan comprend des formations intensives, accompagnement, transfert de comp\u00e9tences et partage des meilleures pratiques internationales.<\/p>\n<p style=\"text-align: justify\">Par la formation, CNA Mauritania garantie un parcours professionnel \u00e9volutif, et s\u2019engage \u00e0 augmenter le nombre de femmes dans ses effectifs.<\/p>\n<p style=\"text-align: justify\">Gr\u00e2ce \u00e0 une collaboration avec un producteur local de farine (Grands Moulins de Mauritanie-GMM), CNA Mauritania a fait appel \u00e0 son laboratoire et a form\u00e9 le personnel de boulangerie et p\u00e2tisserie \u00e0 la meilleure utilisation du produit et \u00e0 l&#8217;am\u00e9lioration de la qualit\u00e9 de production. Avec l&#8217;aide de GMM, de nouvelles recettes ont \u00e9t\u00e9 cr\u00e9\u00e9es, permettant au personnel de d\u00e9couvrir de nouveaux int\u00e9r\u00eats et processus. Chaque ann\u00e9e, les demandes de formation des salari\u00e9s sont \u00e9tudi\u00e9es lors des entretiens individuels.<\/p>\n<p>\t\t\t\t<\/div>\r\n\t\t\t<\/div>\r\n\t\t\t<div class=\"col-lg-6 col-md-6 col-sm-6 col-xs-12\">\r\n\t\t\t\t<img loading=\"lazy\" decoding=\"async\" width=\"550\" height=\"440\" src=\"https:\/\/cna-mauritania.com\/wp-content\/uploads\/2025\/06\/CNA-MAURITANIA-HK.jpg\" class=\"attachment-full size-full\" alt=\"\" srcset=\"https:\/\/cna-mauritania.com\/wp-content\/uploads\/2025\/06\/CNA-MAURITANIA-HK.jpg 550w, https:\/\/cna-mauritania.com\/wp-content\/uploads\/2025\/06\/CNA-MAURITANIA-HK-300x240.jpg 300w, https:\/\/cna-mauritania.com\/wp-content\/uploads\/2025\/06\/CNA-MAURITANIA-HK-15x12.jpg 15w\" sizes=\"auto, (max-width: 550px) 100vw, 550px\" \/>\t\t\t<\/div>\r\n\t\t<\/div>\r\n\t<\/div>\r\n<\/div><\/div><\/div><\/div><\/div><div class=\"vc_row wpb_row vc_row-fluid vc_custom_1593520723208\"><div class=\"wpb_column vc_column_container vc_col-sm-12\"><div class=\"vc_column-inner\"><div class=\"wpb_wrapper\"><div class=\"rt-post-vc-section-1 owl-wrap rt-owl-nav-3 \">\r\n\t\t<div class=\"section-title-content\">\r\n\t\t<div class=\"section-title\">\r\n\t\t\t<h2 class=\"section-title-holder\" style=\"color:#222222;\">Nos derni\u00e8res actualit\u00e9s formation<\/h2>\r\n\t\t<\/div>\r\n\t\t<div class=\"owl-custom-nav owl-nav\">\r\n\t\t\t<div class=\"owl-prev\"><i class=\"fa fa-angle-left\"><\/i><\/div><div class=\"owl-next\"><i class=\"fa fa-angle-right\"><\/i><\/div>\r\n\t\t<\/div>\r\n\t\t<div class=\"owl-custom-nav-bar\"><\/div>\r\n\t\t<div class=\"clear\"><\/div>\r\n\t<\/div>\r\n\t\t<div class=\"owl-theme owl-carousel rt-owl-carousel\" data-carousel-options=\"{&quot;nav&quot;:true,&quot;navText&quot;:[&quot;&lt;i class=&#039;fa fa-angle-left&#039;&gt;&lt;\\\/i&gt;&quot;,&quot;&lt;i class=&#039;fa fa-angle-right&#039;&gt;&lt;\\\/i&gt;&quot;],&quot;dots&quot;:false,&quot;autoplay&quot;:true,&quot;autoplayTimeout&quot;:&quot;5000&quot;,&quot;autoplaySpeed&quot;:&quot;400&quot;,&quot;autoplayHoverPause&quot;:true,&quot;loop&quot;:true,&quot;margin&quot;:20,&quot;responsive&quot;:{&quot;0&quot;:{&quot;items&quot;:1},&quot;480&quot;:{&quot;items&quot;:2},&quot;768&quot;:{&quot;items&quot;:3},&quot;992&quot;:{&quot;items&quot;:3},&quot;1200&quot;:{&quot;items&quot;:3}}}\">\r\n\t\t\t\t\t\t\t\t\t<div class=\"rtin-single-post\">\r\n\t\t\t\t<div class=\"rtin-item-image\">\r\n\t\t\t\t\t<a href=\"https:\/\/cna-mauritania.com\/en\/cna-mauritania-soutient-lecole-dhotellerie-et-de-tourisme-de-nouakchott-avec-un-don-duniformes\/\">\r\n\t\t\t\t\t\t<img loading=\"lazy\" decoding=\"async\" width=\"570\" height=\"355\" src=\"https:\/\/cna-mauritania.com\/wp-content\/uploads\/2026\/01\/EHT-2025-01-e1768930289831-570x355.jpg\" class=\"img-responsive wp-post-image\" alt=\"\" \/>\t\t\t\t\t<\/a>\r\n\t\t\t\t\t\t\t\t\t\t<span class=\"date\">23 \/ 10 \/ 2025<\/span>\r\n\t\t\t\t\t\t\t\t\t<\/div>\r\n\t\t\t\t<div class=\"rtin-item-info\">\r\n\t\t\t\t\t<h3><a href=\"https:\/\/cna-mauritania.com\/en\/cna-mauritania-soutient-lecole-dhotellerie-et-de-tourisme-de-nouakchott-avec-un-don-duniformes\/\">CNA Mauritania soutient l\u2019\u00c9cole d\u2019H\u00f4tellerie et de Tourisme de Nouakchott avec un don d\u2019uniformes<\/a><\/h3>\r\n\t\t\t\t\t\t\t\t\t<\/div>\r\n\t\t\t<\/div>\r\n\t\t\t\t\t\t\t\t<div class=\"rtin-single-post\">\r\n\t\t\t\t<div class=\"rtin-item-image\">\r\n\t\t\t\t\t<a href=\"https:\/\/cna-mauritania.com\/en\/partenariat-entre-lecole-dhotellerie-et-du-tourisme-de-nouakchott-et-cna\/\">\r\n\t\t\t\t\t\t<img loading=\"lazy\" decoding=\"async\" width=\"570\" height=\"355\" src=\"https:\/\/cna-mauritania.com\/wp-content\/uploads\/2025\/06\/Lycee-Hotelier-NKC-570x355.jpg\" class=\"img-responsive wp-post-image\" alt=\"\" \/>\t\t\t\t\t<\/a>\r\n\t\t\t\t\t\t\t\t\t\t<span class=\"date\">25 \/ 04 \/ 2024<\/span>\r\n\t\t\t\t\t\t\t\t\t<\/div>\r\n\t\t\t\t<div class=\"rtin-item-info\">\r\n\t\t\t\t\t<h3><a href=\"https:\/\/cna-mauritania.com\/en\/partenariat-entre-lecole-dhotellerie-et-du-tourisme-de-nouakchott-et-cna\/\">Partenariat entre l\u2019Ecole d\u2019H\u00f4tellerie et du Tourisme de Nouakchott et CNA<\/a><\/h3>\r\n\t\t\t\t\t\t\t\t\t<\/div>\r\n\t\t\t<\/div>\r\n\t\t\t\t\t\t\t\t<div class=\"rtin-single-post\">\r\n\t\t\t\t<div class=\"rtin-item-image\">\r\n\t\t\t\t\t<a href=\"https:\/\/cna-mauritania.com\/en\/cna-mauritanie-a-organise-des-formations-speciales-covid-19\/\">\r\n\t\t\t\t\t\t<img loading=\"lazy\" decoding=\"async\" width=\"570\" height=\"355\" src=\"https:\/\/cna-mauritania.com\/wp-content\/uploads\/2020\/10\/CNA-MAURITANIA-news-2020-CNA-Mauritanie-a-organise-des-formations-speciales-Covid-19-570x355.jpg\" class=\"img-responsive wp-post-image\" alt=\"\" \/>\t\t\t\t\t<\/a>\r\n\t\t\t\t\t\t\t\t\t\t<span class=\"date\">13 \/ 06 \/ 2020<\/span>\r\n\t\t\t\t\t\t\t\t\t<\/div>\r\n\t\t\t\t<div class=\"rtin-item-info\">\r\n\t\t\t\t\t<h3><a href=\"https:\/\/cna-mauritania.com\/en\/cna-mauritanie-a-organise-des-formations-speciales-covid-19\/\">CNA Mauritanie a organis\u00e9 des formations sp\u00e9ciales Covid-19<\/a><\/h3>\r\n\t\t\t\t\t\t\t\t\t<\/div>\r\n\t\t\t<\/div>\r\n\t\t\t\t\t\t\t\t<div class=\"rtin-single-post\">\r\n\t\t\t\t<div class=\"rtin-item-image\">\r\n\t\t\t\t\t<a href=\"https:\/\/cna-mauritania.com\/en\/covid-19-formations-hygiene-et-securite\/\">\r\n\t\t\t\t\t\t<img loading=\"lazy\" decoding=\"async\" width=\"570\" height=\"355\" src=\"https:\/\/cna-mauritania.com\/wp-content\/uploads\/2020\/06\/CNA-MAURITANIA-news-2020-Covid-19-formations-hygi\u00e8ne-s\u00e9curit\u00e9-570x355.jpg\" class=\"img-responsive wp-post-image\" alt=\"\" \/>\t\t\t\t\t<\/a>\r\n\t\t\t\t\t\t\t\t\t\t<span class=\"date\">16 \/ 04 \/ 2020<\/span>\r\n\t\t\t\t\t\t\t\t\t<\/div>\r\n\t\t\t\t<div class=\"rtin-item-info\">\r\n\t\t\t\t\t<h3><a href=\"https:\/\/cna-mauritania.com\/en\/covid-19-formations-hygiene-et-securite\/\">COVID-19 : Formations hygi\u00e8ne et s\u00e9curit\u00e9<\/a><\/h3>\r\n\t\t\t\t\t\t\t\t\t<\/div>\r\n\t\t\t<\/div>\r\n\t\t\t\t\t\t\t\t<div class=\"rtin-single-post\">\r\n\t\t\t\t<div class=\"rtin-item-image\">\r\n\t\t\t\t\t<a href=\"https:\/\/cna-mauritania.com\/en\/covid-19-formation-hse\/\">\r\n\t\t\t\t\t\t<img loading=\"lazy\" decoding=\"async\" width=\"570\" height=\"355\" src=\"https:\/\/cna-mauritania.com\/wp-content\/uploads\/2020\/06\/CNA-MAURITANIA-news-2020-Covid-19-formation-hse-570x355.jpg\" class=\"img-responsive wp-post-image\" alt=\"\" \/>\t\t\t\t\t<\/a>\r\n\t\t\t\t\t\t\t\t\t\t<span class=\"date\">09 \/ 04 \/ 2020<\/span>\r\n\t\t\t\t\t\t\t\t\t<\/div>\r\n\t\t\t\t<div class=\"rtin-item-info\">\r\n\t\t\t\t\t<h3><a href=\"https:\/\/cna-mauritania.com\/en\/covid-19-formation-hse\/\">COVID-19 : Formation HSE<\/a><\/h3>\r\n\t\t\t\t\t\t\t\t\t<\/div>\r\n\t\t\t<\/div>\r\n\t\t\t\t\t\t\t\t<div class=\"rtin-single-post\">\r\n\t\t\t\t<div class=\"rtin-item-image\">\r\n\t\t\t\t\t<a href=\"https:\/\/cna-mauritania.com\/en\/formation-dhabilitations-electriques\/\">\r\n\t\t\t\t\t\t<img loading=\"lazy\" decoding=\"async\" width=\"570\" height=\"355\" src=\"https:\/\/cna-mauritania.com\/wp-content\/uploads\/2020\/06\/CNA-MAURITANIA-news-2018-formation-habilitations-\u00e9lectriques-570x355.jpg\" class=\"img-responsive wp-post-image\" alt=\"\" \/>\t\t\t\t\t<\/a>\r\n\t\t\t\t\t\t\t\t\t\t<span class=\"date\">19 \/ 02 \/ 2018<\/span>\r\n\t\t\t\t\t\t\t\t\t<\/div>\r\n\t\t\t\t<div class=\"rtin-item-info\">\r\n\t\t\t\t\t<h3><a href=\"https:\/\/cna-mauritania.com\/en\/formation-dhabilitations-electriques\/\">Formation d&#8217;habilitations \u00e9lectriques<\/a><\/h3>\r\n\t\t\t\t\t\t\t\t\t<\/div>\r\n\t\t\t<\/div>\r\n\t\t\t\t\t\t\t\t<div class=\"rtin-single-post\">\r\n\t\t\t\t<div class=\"rtin-item-image\">\r\n\t\t\t\t\t<a href=\"https:\/\/cna-mauritania.com\/en\/formation-de-secouriste\/\">\r\n\t\t\t\t\t\t<img loading=\"lazy\" decoding=\"async\" width=\"570\" height=\"355\" src=\"https:\/\/cna-mauritania.com\/wp-content\/uploads\/2020\/06\/CNA-MAURITANIA-news-2017-formation-de-secouristes-570x355.jpg\" class=\"img-responsive wp-post-image\" alt=\"\" \/>\t\t\t\t\t<\/a>\r\n\t\t\t\t\t\t\t\t\t\t<span class=\"date\">17 \/ 03 \/ 2017<\/span>\r\n\t\t\t\t\t\t\t\t\t<\/div>\r\n\t\t\t\t<div class=\"rtin-item-info\">\r\n\t\t\t\t\t<h3><a href=\"https:\/\/cna-mauritania.com\/en\/formation-de-secouriste\/\">Formation de secouriste<\/a><\/h3>\r\n\t\t\t\t\t\t\t\t\t<\/div>\r\n\t\t\t<\/div>\r\n\t\t\t\t\t<\/div>\r\n<\/div><\/div><\/div><\/div><\/div><div class=\"vc_row wpb_row vc_row-fluid\"><div class=\"wpb_column vc_column_container vc_col-sm-12\"><div class=\"vc_column-inner vc_custom_1580741610076\"><div class=\"wpb_wrapper\"><div class=\"\">\n\t<div class=\"rt-vc-title rtin-section-title-left\">\n\t\t\t\t\t<h2 class=\"rt-section-title-vc\" style=\"font-size:30px; color:#222222;\">En savoir plus<\/h2>\n\t\t\t<\/div>\n<\/div><\/div><\/div><\/div><\/div><div class=\"vc_row wpb_row vc_row-fluid vc_custom_1558709885478 vc_column-gap-30\"><div class=\"wpb_column vc_column_container vc_col-sm-4 vc_col-has-fill\"><div class=\"vc_column-inner vc_custom_1749649185254\"><div class=\"wpb_wrapper\">\n\t<div class=\"wpb_text_column wpb_content_element \" >\n\t\t<div class=\"wpb_wrapper\">\n\t\t\t<div class=\"eds-animate  \" data-eds-entry-animation=\"zoomIn\" data-eds-entry-delay=\"0\" data-eds-entry-duration=\"1\" data-eds-entry-timing=\"linear\" data-eds-exit-animation=\"\" data-eds-exit-delay=\"\" data-eds-exit-duration=\"\" data-eds-exit-timing=\"\" data-eds-repeat-count=\"1\" data-eds-keep=\"yes\" data-eds-animate-on=\"hover\" data-eds-scroll-offset=\"\">\n<h2 style=\"text-align: center;\"><a href=\"https:\/\/cna-mauritania.com\/nos-engagements-qhse\/\"><strong><span style=\"color: #ffffff;\">Engagements QHSE<\/span><\/strong><\/a><\/h2>\n<\/div>\n\n\t\t<\/div>\n\t<\/div>\n<\/div><\/div><\/div><div class=\"wpb_column vc_column_container vc_col-sm-4 vc_col-has-fill\"><div class=\"vc_column-inner vc_custom_1749649207102\"><div class=\"wpb_wrapper\">\n\t<div class=\"wpb_text_column wpb_content_element \" >\n\t\t<div class=\"wpb_wrapper\">\n\t\t\t<div class=\"eds-animate  \" data-eds-entry-animation=\"zoomIn\" data-eds-entry-delay=\"0\" data-eds-entry-duration=\"1\" data-eds-entry-timing=\"linear\" data-eds-exit-animation=\"\" data-eds-exit-delay=\"\" data-eds-exit-duration=\"\" data-eds-exit-timing=\"\" data-eds-repeat-count=\"1\" data-eds-keep=\"yes\" data-eds-animate-on=\"hover\" data-eds-scroll-offset=\"\">\n<h2 style=\"text-align: center;\"><a href=\"https:\/\/cna-mauritania.com\/certifications\/\"><strong><span style=\"color: #ffffff;\">Certifications<\/span><\/strong><\/a><\/h2>\n<\/div>\n\n\t\t<\/div>\n\t<\/div>\n<\/div><\/div><\/div><div class=\"wpb_column vc_column_container vc_col-sm-4 vc_col-has-fill\"><div class=\"vc_column-inner vc_custom_1749649518434\"><div class=\"wpb_wrapper\">\n\t<div class=\"wpb_text_column wpb_content_element \" >\n\t\t<div class=\"wpb_wrapper\">\n\t\t\t<div class=\"eds-animate  \" data-eds-entry-animation=\"zoomIn\" data-eds-entry-delay=\"0\" data-eds-entry-duration=\"1\" data-eds-entry-timing=\"linear\" data-eds-exit-animation=\"\" data-eds-exit-delay=\"\" data-eds-exit-duration=\"\" data-eds-exit-timing=\"\" data-eds-repeat-count=\"1\" data-eds-keep=\"yes\" data-eds-animate-on=\"hover\" data-eds-scroll-offset=\"\">\n<h2 style=\"text-align: center;\"><a href=\"https:\/\/cna-mauritania.com\/ethique\/\"><strong><span style=\"color: #ffffff;\">Ethique<\/span><\/strong><\/a><\/h2>\n<\/div>\n\n\t\t<\/div>\n\t<\/div>\n<\/div><\/div><\/div><\/div>\n","protected":false},"excerpt":{"rendered":"Entre le 09 et le 16 mars 2017, un formateur qualifi\u00e9 de la soci\u00e9t\u00e9 marocaine Himaya \u00e9tait \u00e0 Tasiast pour une formation de secouriste. 75 employ\u00e9s de CNA ont assist\u00e9 \u00e0 cette formation de 12 heures. 3 grands th\u00e8mes ont \u00e9t\u00e9 mis en pratique: Comment prot\u00e9ger la victime? Comment alerter le sauvetage? Comment limiter l'aggravation [...]","protected":false},"author":2,"featured_media":0,"parent":0,"menu_order":0,"comment_status":"closed","ping_status":"closed","template":"","meta":{"footnotes":""},"class_list":["post-4640","page","type-page","status-publish","hentry"],"yoast_head":"<!-- This site is optimized with the Yoast SEO plugin v27.1.1 - https:\/\/yoast.com\/product\/yoast-seo-wordpress\/ -->\n<title>Formation - CNA Mauritania<\/title>\n<meta name=\"robots\" content=\"index, follow, max-snippet:-1, max-image-preview:large, max-video-preview:-1\" \/>\n<link rel=\"canonical\" href=\"https:\/\/cna-mauritania.com\/en\/formation\/\" \/>\n<meta property=\"og:locale\" content=\"en_GB\" \/>\n<meta property=\"og:type\" content=\"article\" \/>\n<meta property=\"og:title\" content=\"Formation - CNA Mauritania\" \/>\n<meta property=\"og:url\" content=\"https:\/\/cna-mauritania.com\/en\/formation\/\" \/>\n<meta property=\"og:site_name\" content=\"CNA Mauritania\" \/>\n<meta property=\"article:modified_time\" content=\"2026-03-12T17:41:23+00:00\" \/>\n<meta name=\"twitter:card\" content=\"summary_large_image\" \/>\n<meta name=\"twitter:label1\" content=\"Estimated reading time\" \/>\n\t<meta name=\"twitter:data1\" content=\"4 minutes\" \/>\n<!-- \/ Yoast SEO plugin. -->","yoast_head_json":{"title":"Formation - CNA Mauritania","robots":{"index":"index","follow":"follow","max-snippet":"max-snippet:-1","max-image-preview":"max-image-preview:large","max-video-preview":"max-video-preview:-1"},"canonical":"https:\/\/cna-mauritania.com\/en\/formation\/","og_locale":"en_GB","og_type":"article","og_title":"Formation - CNA Mauritania","og_url":"https:\/\/cna-mauritania.com\/en\/formation\/","og_site_name":"CNA Mauritania","article_modified_time":"2026-03-12T17:41:23+00:00","twitter_card":"summary_large_image","twitter_misc":{"Estimated reading time":"4 minutes"},"schema":{"@context":"https:\/\/schema.org","@graph":[{"@type":"WebPage","@id":"https:\/\/cna-mauritania.com\/formation\/","url":"https:\/\/cna-mauritania.com\/formation\/","name":"Formation - CNA Mauritania","isPartOf":{"@id":"https:\/\/cna-mauritania.com\/#website"},"datePublished":"2019-05-23T14:05:18+00:00","dateModified":"2026-03-12T17:41:23+00:00","breadcrumb":{"@id":"https:\/\/cna-mauritania.com\/formation\/#breadcrumb"},"inLanguage":"en-GB","potentialAction":[{"@type":"ReadAction","target":["https:\/\/cna-mauritania.com\/formation\/"]}]},{"@type":"BreadcrumbList","@id":"https:\/\/cna-mauritania.com\/formation\/#breadcrumb","itemListElement":[{"@type":"ListItem","position":1,"name":"Accueil","item":"https:\/\/cna-mauritania.com\/"},{"@type":"ListItem","position":2,"name":"Formation"}]},{"@type":"WebSite","@id":"https:\/\/cna-mauritania.com\/#website","url":"https:\/\/cna-mauritania.com\/","name":"CNA Mauritania","description":"Integrated Life Support Services","potentialAction":[{"@type":"SearchAction","target":{"@type":"EntryPoint","urlTemplate":"https:\/\/cna-mauritania.com\/?s={search_term_string}"},"query-input":{"@type":"PropertyValueSpecification","valueRequired":true,"valueName":"search_term_string"}}],"inLanguage":"en-GB"}]}},"_links":{"self":[{"href":"https:\/\/cna-mauritania.com\/en\/wp-json\/wp\/v2\/pages\/4640","targetHints":{"allow":["GET"]}}],"collection":[{"href":"https:\/\/cna-mauritania.com\/en\/wp-json\/wp\/v2\/pages"}],"about":[{"href":"https:\/\/cna-mauritania.com\/en\/wp-json\/wp\/v2\/types\/page"}],"author":[{"embeddable":true,"href":"https:\/\/cna-mauritania.com\/en\/wp-json\/wp\/v2\/users\/2"}],"replies":[{"embeddable":true,"href":"https:\/\/cna-mauritania.com\/en\/wp-json\/wp\/v2\/comments?post=4640"}],"version-history":[{"count":96,"href":"https:\/\/cna-mauritania.com\/en\/wp-json\/wp\/v2\/pages\/4640\/revisions"}],"predecessor-version":[{"id":46318,"href":"https:\/\/cna-mauritania.com\/en\/wp-json\/wp\/v2\/pages\/4640\/revisions\/46318"}],"wp:attachment":[{"href":"https:\/\/cna-mauritania.com\/en\/wp-json\/wp\/v2\/media?parent=4640"}],"curies":[{"name":"wp","href":"https:\/\/api.w.org\/{rel}","templated":true}]}}