{"id":4207,"date":"2019-05-09T11:59:49","date_gmt":"2019-05-09T11:59:49","guid":{"rendered":"https:\/\/www.cieptal.com\/?page_id=4207"},"modified":"2025-06-11T10:22:59","modified_gmt":"2025-06-11T10:22:59","slug":"certifications","status":"publish","type":"page","link":"https:\/\/cna-mauritania.com\/en\/certifications\/","title":{"rendered":"Certifications"},"content":{"rendered":"<div data-vc-full-width=\"true\" data-vc-full-width-init=\"false\" data-vc-stretch-content=\"true\" class=\"vc_row wpb_row vc_row-fluid vc_custom_1593418385857 vc_row-has-fill\"><div class=\"wpb_column vc_column_container vc_col-sm-6\"><div class=\"vc_column-inner vc_custom_1580480812918\"><div class=\"wpb_wrapper\">\n\t<div class=\"wpb_text_column wpb_content_element\" >\n\t\t<div class=\"wpb_wrapper\">\n\t\t\t<h2 style=\"text-align: center;\"><strong><span style=\"color: #ffffff;\">ISO 45001<\/span><\/strong><\/h2>\n\n\t\t<\/div>\n\t<\/div>\n<\/div><\/div><\/div><div class=\"wpb_column vc_column_container vc_col-sm-6\"><div class=\"vc_column-inner vc_custom_1580480819236\"><div class=\"wpb_wrapper\">\n\t<div class=\"wpb_text_column wpb_content_element\" >\n\t\t<div class=\"wpb_wrapper\">\n\t\t\t<h2 style=\"text-align: center;\"><strong><span style=\"color: #ffffff;\">ISO 9001<\/span><\/strong><\/h2>\n\n\t\t<\/div>\n\t<\/div>\n<\/div><\/div><\/div><\/div><div class=\"vc_row-full-width vc_clearfix\"><\/div><div class=\"vc_row wpb_row vc_row-fluid vc_custom_1601049775208\"><div class=\"wpb_column vc_column_container vc_col-sm-12\"><div class=\"vc_column-inner\"><div class=\"wpb_wrapper\"><div class=\"\">\n\t<div class=\"rt-vc-title rtin-section-title-center\">\n\t\t\t\t\t<h2 class=\"rt-section-title-vc\" style=\"font-size:30px; color:#222222;\">CNA Mauritania est certifi\u00e9 ISO 9001 et ISO 45001<\/h2>\n\t\t\t<\/div>\n<\/div>\n\t<div  class=\"wpb_single_image wpb_content_element vc_align_center\">\n\t\t\n\t\t<figure class=\"wpb_wrapper vc_figure\">\n\t\t\t<div class=\"vc_single_image-wrapper   vc_box_border_grey\"><img loading=\"lazy\" decoding=\"async\" width=\"1980\" height=\"699\" src=\"https:\/\/cna-mauritania.com\/wp-content\/uploads\/2025\/06\/CNA-MAURITANIA-equipes-rognee.jpg\" class=\"vc_single_image-img attachment-full\" alt=\"\" title=\"CNA MAURITANIA - equipes rogn\u00e9e\" srcset=\"https:\/\/cna-mauritania.com\/wp-content\/uploads\/2025\/06\/CNA-MAURITANIA-equipes-rognee.jpg 1980w, https:\/\/cna-mauritania.com\/wp-content\/uploads\/2025\/06\/CNA-MAURITANIA-equipes-rognee-300x106.jpg 300w, https:\/\/cna-mauritania.com\/wp-content\/uploads\/2025\/06\/CNA-MAURITANIA-equipes-rognee-1024x362.jpg 1024w, https:\/\/cna-mauritania.com\/wp-content\/uploads\/2025\/06\/CNA-MAURITANIA-equipes-rognee-768x271.jpg 768w, https:\/\/cna-mauritania.com\/wp-content\/uploads\/2025\/06\/CNA-MAURITANIA-equipes-rognee-1536x542.jpg 1536w, https:\/\/cna-mauritania.com\/wp-content\/uploads\/2025\/06\/CNA-MAURITANIA-equipes-rognee-18x6.jpg 18w\" sizes=\"auto, (max-width: 1980px) 100vw, 1980px\" \/><\/div>\n\t\t<\/figure>\n\t<\/div>\n<\/div><\/div><\/div><\/div><div class=\"vc_row wpb_row vc_row-fluid vc_custom_1580735613627\"><div class=\"wpb_column vc_column_container vc_col-sm-6\"><div class=\"vc_column-inner vc_custom_1557404085081\"><div class=\"wpb_wrapper\">\n\t<div class=\"wpb_text_column wpb_content_element\" >\n\t\t<div class=\"wpb_wrapper\">\n\t\t\t<h2 style=\"text-align: center;\"><strong>ISO 9001<\/strong><\/h2>\n\n\t\t<\/div>\n\t<\/div>\n\n\t<div class=\"wpb_text_column wpb_content_element  vc_custom_1595586622865\" >\n\t\t<div class=\"wpb_wrapper\">\n\t\t\t<p style=\"text-align: justify;\"><img loading=\"lazy\" decoding=\"async\" class=\"wp-image-4287 alignnone\" src=\"https:\/\/www.cieptal.com\/wp-content\/uploads\/2019\/05\/CIEPTAL-picto-fleche-v3.png\" alt=\"\" width=\"20\" height=\"19\" srcset=\"https:\/\/cna-mauritania.com\/wp-content\/uploads\/2019\/05\/CIEPTAL-picto-fleche-v3.png 180w, https:\/\/cna-mauritania.com\/wp-content\/uploads\/2019\/05\/CIEPTAL-picto-fleche-v3-150x150.png 150w, https:\/\/cna-mauritania.com\/wp-content\/uploads\/2019\/05\/CIEPTAL-picto-fleche-v3-92x92.png 92w\" sizes=\"auto, (max-width: 20px) 100vw, 20px\" \/> The ISO 9001 standard,<br \/>\nis a a standard that defines the criteria for a quality management system, notably involving a strong customer orientation and the continuous improvement of the services offered, with the commitment and motivation of the management.<\/p>\n\n\t\t<\/div>\n\t<\/div>\n<\/div><\/div><\/div><div class=\"wpb_column vc_column_container vc_col-sm-6\"><div class=\"vc_column-inner\"><div class=\"wpb_wrapper\">\n\t<div class=\"wpb_text_column wpb_content_element\" >\n\t\t<div class=\"wpb_wrapper\">\n\t\t\t<h2 style=\"text-align: center;\"><strong>ISO 45001<\/strong><\/h2>\n\n\t\t<\/div>\n\t<\/div>\n\n\t<div class=\"wpb_text_column wpb_content_element  vc_custom_1749636860785\" >\n\t\t<div class=\"wpb_wrapper\">\n\t\t\t<p style=\"text-align: justify;\"><img loading=\"lazy\" decoding=\"async\" class=\"alignnone wp-image-4287\" src=\"https:\/\/www.cieptal.com\/wp-content\/uploads\/2019\/05\/CIEPTAL-picto-fleche-v3.png\" alt=\"\" width=\"20\" height=\"19\" srcset=\"https:\/\/cna-mauritania.com\/wp-content\/uploads\/2019\/05\/CIEPTAL-picto-fleche-v3.png 180w, https:\/\/cna-mauritania.com\/wp-content\/uploads\/2019\/05\/CIEPTAL-picto-fleche-v3-150x150.png 150w, https:\/\/cna-mauritania.com\/wp-content\/uploads\/2019\/05\/CIEPTAL-picto-fleche-v3-92x92.png 92w\" sizes=\"auto, (max-width: 20px) 100vw, 20px\" \/>La norme ISO 45001,<br \/>\nindicates the method of setting up a management system of health and safety at work. The aim is to achieve better prevent and manage risks to reduce the number of accidents, improve health and safety performance at work, and comply with legislation.<\/p>\n\n\t\t<\/div>\n\t<\/div>\n<\/div><\/div><\/div><\/div><div class=\"vc_row wpb_row vc_row-fluid\"><div class=\"wpb_column vc_column_container vc_col-sm-12\"><div class=\"vc_column-inner\"><div class=\"wpb_wrapper\"><div class=\"vc_empty_space\"   style=\"height: 50px\"><span class=\"vc_empty_space_inner\"><\/span><\/div><\/div><\/div><\/div><\/div><div class=\"vc_row wpb_row vc_row-fluid\"><div class=\"wpb_column vc_column_container vc_col-sm-12\"><div class=\"vc_column-inner\"><div class=\"wpb_wrapper\">\n\t<div class=\"wpb_text_column wpb_content_element\" >\n\t\t<div class=\"wpb_wrapper\">\n\t\t\t<h2>Managing Director Statement<\/h2>\n\n\t\t<\/div>\n\t<\/div>\n<\/div><\/div><\/div><\/div><div class=\"vc_row wpb_row vc_row-fluid\"><div class=\"wpb_column vc_column_container vc_col-sm-2\"><div class=\"vc_column-inner\"><div class=\"wpb_wrapper\"><\/div><\/div><\/div><div class=\"wpb_column vc_column_container vc_col-sm-2\"><div class=\"vc_column-inner\"><div class=\"wpb_wrapper\"><div class=\"vc_empty_space\"   style=\"height: 20px\"><span class=\"vc_empty_space_inner\"><\/span><\/div>\n\t<div  class=\"wpb_single_image wpb_content_element vc_align_right\">\n\t\t\n\t\t<figure class=\"wpb_wrapper vc_figure\">\n\t\t\t<div class=\"vc_single_image-wrapper vc_box_circle  vc_box_border_grey\"><img loading=\"lazy\" decoding=\"async\" width=\"300\" height=\"300\" src=\"https:\/\/cna-mauritania.com\/wp-content\/uploads\/2025\/06\/CNA-mauritania-directeur-general-Christian-1-300x300.jpg\" class=\"vc_single_image-img attachment-medium\" alt=\"\" title=\"CNA-mauritania-directeur-general-Christian-1\" srcset=\"https:\/\/cna-mauritania.com\/wp-content\/uploads\/2025\/06\/CNA-mauritania-directeur-general-Christian-1-300x300.jpg 300w, https:\/\/cna-mauritania.com\/wp-content\/uploads\/2025\/06\/CNA-mauritania-directeur-general-Christian-1-1024x1024.jpg 1024w, https:\/\/cna-mauritania.com\/wp-content\/uploads\/2025\/06\/CNA-mauritania-directeur-general-Christian-1-150x150.jpg 150w, https:\/\/cna-mauritania.com\/wp-content\/uploads\/2025\/06\/CNA-mauritania-directeur-general-Christian-1-768x768.jpg 768w, https:\/\/cna-mauritania.com\/wp-content\/uploads\/2025\/06\/CNA-mauritania-directeur-general-Christian-1-1536x1536.jpg 1536w, https:\/\/cna-mauritania.com\/wp-content\/uploads\/2025\/06\/CNA-mauritania-directeur-general-Christian-1-12x12.jpg 12w, https:\/\/cna-mauritania.com\/wp-content\/uploads\/2025\/06\/CNA-mauritania-directeur-general-Christian-1-400x400.jpg 400w, https:\/\/cna-mauritania.com\/wp-content\/uploads\/2025\/06\/CNA-mauritania-directeur-general-Christian-1-92x92.jpg 92w, https:\/\/cna-mauritania.com\/wp-content\/uploads\/2025\/06\/CNA-mauritania-directeur-general-Christian-1.jpg 1700w\" sizes=\"auto, (max-width: 300px) 100vw, 300px\" \/><\/div>\n\t\t<\/figure>\n\t<\/div>\n<\/div><\/div><\/div><div class=\"wpb_column vc_column_container vc_col-sm-6 vc_col-has-fill\"><div class=\"vc_column-inner vc_custom_1556548016059\"><div class=\"wpb_wrapper\">\n\t<div class=\"wpb_text_column wpb_content_element\" >\n\t\t<div class=\"wpb_wrapper\">\n\t\t\t<h3><strong>Christian Logan NORGAARD<br \/>\n<\/strong><strong>Managing Director, CNA Mauritania &amp; Regional Managing Director<\/strong><\/h3>\n<p style=\"text-align: left;\"><em>Depuis 2011, CNA Mauritania accompagne des entreprises de premier plan en Mauritanie, telles que Kinross ou plus r\u00e9cemment BP,<\/em><\/p>\n\n\t\t<\/div>\n\t<\/div>\n<div class=\"vc_btn3-container vc_btn3-inline vc_custom_1579623009403\" ><a onmouseleave=\"this.style.borderColor='#0d496f'; this.style.backgroundColor='transparent'; this.style.color='#0d496f'\" onmouseenter=\"this.style.borderColor='#0d496f'; this.style.backgroundColor='#0d496f'; this.style.color='#ffffff';\" style=\"border-color:#0d496f; color:#0d496f;\" class=\"vc_general vc_btn3 vc_btn3-size-md vc_btn3-shape-square vc_btn3-style-outline-custom\" href=\"https:\/\/cna-mauritania.com\/en\/mot-du-directeur-general\/\" title=\"Managing Director Statement\">Learn more<\/a><\/div><\/div><\/div><\/div><div class=\"wpb_column vc_column_container vc_col-sm-2\"><div class=\"vc_column-inner\"><div class=\"wpb_wrapper\"><\/div><\/div><\/div><\/div><div class=\"vc_row wpb_row vc_row-fluid\"><div class=\"wpb_column vc_column_container vc_col-sm-12\"><div class=\"vc_column-inner vc_custom_1580377446858\"><div class=\"wpb_wrapper\"><div class=\"\">\n\t<div class=\"rt-vc-title rtin-section-title-left\">\n\t\t\t\t\t<h2 class=\"rt-section-title-vc\" style=\"font-size:30px; color:#222222;\">Learn more<\/h2>\n\t\t\t<\/div>\n<\/div><\/div><\/div><\/div><\/div><div class=\"vc_row wpb_row vc_row-fluid vc_custom_1558702009119 vc_column-gap-30\"><div class=\"wpb_column vc_column_container vc_col-sm-4 vc_col-has-fill\"><div class=\"vc_column-inner vc_custom_1749637090189\"><div class=\"wpb_wrapper\">\n\t<div class=\"wpb_text_column wpb_content_element\" >\n\t\t<div class=\"wpb_wrapper\">\n\t\t\t<div class=\"eds-animate\" data-eds-entry-animation=\"zoomIn\" data-eds-entry-delay=\"0\" data-eds-entry-duration=\"1\" data-eds-entry-timing=\"linear\" data-eds-exit-animation=\"\" data-eds-exit-delay=\"\" data-eds-exit-duration=\"\" data-eds-exit-timing=\"\" data-eds-repeat-count=\"1\" data-eds-keep=\"yes\" data-eds-animate-on=\"hover\" data-eds-scroll-offset=\"\">\n<h2 style=\"text-align: center;\"><a href=\"https:\/\/cna-mauritania.com\/en\/nos-engagements-qhse\/\"><strong><span style=\"color: #ffffff;\">QHSE Commitments<\/span><\/strong><\/a><\/h2>\n<\/div>\n\n\t\t<\/div>\n\t<\/div>\n<\/div><\/div><\/div><div class=\"wpb_column vc_column_container vc_col-sm-4 vc_col-has-fill\"><div class=\"vc_column-inner vc_custom_1749637107381\"><div class=\"wpb_wrapper\">\n\t<div class=\"wpb_text_column wpb_content_element\" >\n\t\t<div class=\"wpb_wrapper\">\n\t\t\t<div class=\"eds-animate\" data-eds-entry-animation=\"zoomIn\" data-eds-entry-delay=\"0\" data-eds-entry-duration=\"1\" data-eds-entry-timing=\"linear\" data-eds-exit-animation=\"\" data-eds-exit-delay=\"\" data-eds-exit-duration=\"\" data-eds-exit-timing=\"\" data-eds-repeat-count=\"1\" data-eds-keep=\"yes\" data-eds-animate-on=\"hover\" data-eds-scroll-offset=\"\">\n<h2 style=\"text-align: center;\"><a href=\"https:\/\/cna-mauritania.com\/en\/formation\/\"><strong><span style=\"color: #ffffff;\">Local<\/span><\/strong><\/a><\/h2>\n<\/div>\n\n\t\t<\/div>\n\t<\/div>\n<\/div><\/div><\/div><div class=\"wpb_column vc_column_container vc_col-sm-4 vc_col-has-fill\"><div class=\"vc_column-inner vc_custom_1749637374921\"><div class=\"wpb_wrapper\">\n\t<div class=\"wpb_text_column wpb_content_element\" >\n\t\t<div class=\"wpb_wrapper\">\n\t\t\t<div class=\"eds-animate\" data-eds-entry-animation=\"zoomIn\" data-eds-entry-delay=\"0\" data-eds-entry-duration=\"1\" data-eds-entry-timing=\"linear\" data-eds-exit-animation=\"\" data-eds-exit-delay=\"\" data-eds-exit-duration=\"\" data-eds-exit-timing=\"\" data-eds-repeat-count=\"1\" data-eds-keep=\"yes\" data-eds-animate-on=\"hover\" data-eds-scroll-offset=\"\">\n<h2 style=\"text-align: center;\"><span style=\"color: #ffffff;\"><a style=\"color: #ffffff;\" href=\"https:\/\/cna-mauritania.com\/en\/ethique\/\"><strong>Ethics<\/strong><\/a><\/span><\/h2>\n<\/div>\n\n\t\t<\/div>\n\t<\/div>\n<\/div><\/div><\/div><\/div>","protected":false},"excerpt":{"rendered":"ISO 45001 ISO 9001 CNA Mauritania est certifi\u00e9 ISO 9001 et ISO 45001 ISO 9001 La norme ISO 9001, cette norme d\u00e9finie les crit\u00e8res pour un syst\u00e8me de management de la qualit\u00e9, impliquant notamment une forte orientation client et l\u2019am\u00e9lioration continue des services propos\u00e9s, avec l\u2019engagement et la motivation de la direction. ISO 45001 La [...]","protected":false},"author":2,"featured_media":0,"parent":0,"menu_order":0,"comment_status":"closed","ping_status":"closed","template":"","meta":{"footnotes":""},"class_list":["post-4207","page","type-page","status-publish","hentry"],"yoast_head":"<!-- This site is optimized with the Yoast SEO plugin v27.1.1 - https:\/\/yoast.com\/product\/yoast-seo-wordpress\/ -->\n<title>Certifications - CNA Mauritania<\/title>\n<meta name=\"robots\" content=\"index, follow, max-snippet:-1, max-image-preview:large, max-video-preview:-1\" \/>\n<link rel=\"canonical\" href=\"https:\/\/cna-mauritania.com\/en\/certifications\/\" \/>\n<meta property=\"og:locale\" content=\"en_GB\" \/>\n<meta property=\"og:type\" content=\"article\" \/>\n<meta property=\"og:title\" content=\"Certifications - CNA Mauritania\" \/>\n<meta property=\"og:url\" content=\"https:\/\/cna-mauritania.com\/en\/certifications\/\" \/>\n<meta property=\"og:site_name\" content=\"CNA Mauritania\" \/>\n<meta property=\"article:modified_time\" content=\"2025-06-11T10:22:59+00:00\" \/>\n<meta property=\"og:image\" content=\"https:\/\/www.cieptal.com\/wp-content\/uploads\/2019\/05\/CIEPTAL-picto-fleche-v3.png\" \/>\n<meta name=\"twitter:card\" content=\"summary_large_image\" \/>\n<meta name=\"twitter:label1\" content=\"Estimated reading time\" \/>\n\t<meta name=\"twitter:data1\" content=\"3 minutes\" \/>\n<!-- \/ Yoast SEO plugin. -->","yoast_head_json":{"title":"Certifications - CNA Mauritania","robots":{"index":"index","follow":"follow","max-snippet":"max-snippet:-1","max-image-preview":"max-image-preview:large","max-video-preview":"max-video-preview:-1"},"canonical":"https:\/\/cna-mauritania.com\/en\/certifications\/","og_locale":"en_GB","og_type":"article","og_title":"Certifications - CNA Mauritania","og_url":"https:\/\/cna-mauritania.com\/en\/certifications\/","og_site_name":"CNA Mauritania","article_modified_time":"2025-06-11T10:22:59+00:00","og_image":[{"url":"https:\/\/www.cieptal.com\/wp-content\/uploads\/2019\/05\/CIEPTAL-picto-fleche-v3.png","type":"","width":"","height":""}],"twitter_card":"summary_large_image","twitter_misc":{"Estimated reading time":"3 minutes"},"schema":{"@context":"https:\/\/schema.org","@graph":[{"@type":"WebPage","@id":"https:\/\/cna-mauritania.com\/certifications\/","url":"https:\/\/cna-mauritania.com\/certifications\/","name":"Certifications - CNA Mauritania","isPartOf":{"@id":"https:\/\/cna-mauritania.com\/#website"},"primaryImageOfPage":{"@id":"https:\/\/cna-mauritania.com\/certifications\/#primaryimage"},"image":{"@id":"https:\/\/cna-mauritania.com\/certifications\/#primaryimage"},"thumbnailUrl":"https:\/\/www.cieptal.com\/wp-content\/uploads\/2019\/05\/CIEPTAL-picto-fleche-v3.png","datePublished":"2019-05-09T11:59:49+00:00","dateModified":"2025-06-11T10:22:59+00:00","breadcrumb":{"@id":"https:\/\/cna-mauritania.com\/certifications\/#breadcrumb"},"inLanguage":"en-GB","potentialAction":[{"@type":"ReadAction","target":["https:\/\/cna-mauritania.com\/certifications\/"]}]},{"@type":"ImageObject","inLanguage":"en-GB","@id":"https:\/\/cna-mauritania.com\/certifications\/#primaryimage","url":"https:\/\/www.cieptal.com\/wp-content\/uploads\/2019\/05\/CIEPTAL-picto-fleche-v3.png","contentUrl":"https:\/\/www.cieptal.com\/wp-content\/uploads\/2019\/05\/CIEPTAL-picto-fleche-v3.png"},{"@type":"BreadcrumbList","@id":"https:\/\/cna-mauritania.com\/certifications\/#breadcrumb","itemListElement":[{"@type":"ListItem","position":1,"name":"Accueil","item":"https:\/\/cna-mauritania.com\/"},{"@type":"ListItem","position":2,"name":"Certifications"}]},{"@type":"WebSite","@id":"https:\/\/cna-mauritania.com\/#website","url":"https:\/\/cna-mauritania.com\/","name":"CNA Mauritania","description":"Integrated Life Support Services","potentialAction":[{"@type":"SearchAction","target":{"@type":"EntryPoint","urlTemplate":"https:\/\/cna-mauritania.com\/?s={search_term_string}"},"query-input":{"@type":"PropertyValueSpecification","valueRequired":true,"valueName":"search_term_string"}}],"inLanguage":"en-GB"}]}},"_links":{"self":[{"href":"https:\/\/cna-mauritania.com\/en\/wp-json\/wp\/v2\/pages\/4207","targetHints":{"allow":["GET"]}}],"collection":[{"href":"https:\/\/cna-mauritania.com\/en\/wp-json\/wp\/v2\/pages"}],"about":[{"href":"https:\/\/cna-mauritania.com\/en\/wp-json\/wp\/v2\/types\/page"}],"author":[{"embeddable":true,"href":"https:\/\/cna-mauritania.com\/en\/wp-json\/wp\/v2\/users\/2"}],"replies":[{"embeddable":true,"href":"https:\/\/cna-mauritania.com\/en\/wp-json\/wp\/v2\/comments?post=4207"}],"version-history":[{"count":102,"href":"https:\/\/cna-mauritania.com\/en\/wp-json\/wp\/v2\/pages\/4207\/revisions"}],"predecessor-version":[{"id":46116,"href":"https:\/\/cna-mauritania.com\/en\/wp-json\/wp\/v2\/pages\/4207\/revisions\/46116"}],"wp:attachment":[{"href":"https:\/\/cna-mauritania.com\/en\/wp-json\/wp\/v2\/media?parent=4207"}],"curies":[{"name":"wp","href":"https:\/\/api.w.org\/{rel}","templated":true}]}}