{"id":4199,"date":"2019-05-09T11:50:05","date_gmt":"2019-05-09T11:50:05","guid":{"rendered":"https:\/\/www.cieptal.com\/?page_id=4199"},"modified":"2026-03-12T17:28:38","modified_gmt":"2026-03-12T17:28:38","slug":"autres-services-integres","status":"publish","type":"page","link":"https:\/\/cna-mauritania.com\/en\/autres-services-integres\/","title":{"rendered":"Other integrated services"},"content":{"rendered":"<div class=\"vc_row wpb_row vc_row-fluid vc_custom_1593087748726\"><div class=\"wpb_column vc_column_container vc_col-sm-12\"><div class=\"vc_column-inner\"><div class=\"wpb_wrapper\">\n\t<div class=\"wpb_text_column wpb_content_element\" >\n\t\t<div class=\"wpb_wrapper\">\n\t\t\t<h2 style=\"text-align: center;\"><strong>Innovative solutions to optimize management on-site<br \/>\nand improve the well-being of residents<\/strong><\/h2>\n<p>&nbsp;<\/p>\n<h2 style=\"text-align: center;\"><b><\/b>Sourcing &amp; logistics, Staff transport, Provision of specialized staff, Access control, IT solutions, Leisure &amp; well-being, Supermarket<\/h2>\n\n\t\t<\/div>\n\t<\/div>\n<\/div><\/div><\/div><\/div><div data-vc-full-width=\"true\" data-vc-full-width-init=\"false\" data-vc-stretch-content=\"true\" class=\"vc_row wpb_row vc_row-fluid vc_custom_1593088341786 vc_row-has-fill\"><div class=\"wpb_column vc_column_container vc_col-sm-4\"><div class=\"vc_column-inner vc_custom_1560263821246\"><div class=\"wpb_wrapper\">\n\t<div class=\"wpb_text_column wpb_content_element\" >\n\t\t<div class=\"wpb_wrapper\">\n\t\t\t<h2 style=\"text-align: center;\"><span style=\"color: #ffffff;\"><strong>Dashboard<\/strong><br \/>\nand <strong>cost control<\/strong><\/span><\/h2>\n\n\t\t<\/div>\n\t<\/div>\n<\/div><\/div><\/div><div class=\"wpb_column vc_column_container vc_col-sm-4\"><div class=\"vc_column-inner vc_custom_1560263831708\"><div class=\"wpb_wrapper\">\n\t<div class=\"wpb_text_column wpb_content_element\" >\n\t\t<div class=\"wpb_wrapper\">\n\t\t\t<h2 style=\"text-align: center;\"><span style=\"color: #ffffff;\"><strong>Safety <\/strong><br \/>\nand <strong>security<\/strong><\/span><\/h2>\n\n\t\t<\/div>\n\t<\/div>\n<\/div><\/div><\/div><div class=\"wpb_column vc_column_container vc_col-sm-4\"><div class=\"vc_column-inner vc_custom_1560263837997\"><div class=\"wpb_wrapper\">\n\t<div class=\"wpb_text_column wpb_content_element\" >\n\t\t<div class=\"wpb_wrapper\">\n\t\t\t<h2 style=\"text-align: center;\"><span style=\"color: #ffffff;\"><strong>95% de satisfaction client<\/strong><\/span><\/h2>\n<h2 style=\"text-align: center;\"><span style=\"color: #ffffff;\">sur la gestion des installations de loisirs en 2025<a style=\"color: #ffffff;\" href=\"https:\/\/cna-mauritania.com\/en\/chiffres-cles\/\">*<\/a><\/span><\/h2>\n\n\t\t<\/div>\n\t<\/div>\n<\/div><\/div><\/div><\/div><div class=\"vc_row-full-width vc_clearfix\"><\/div><div class=\"vc_row wpb_row vc_row-fluid vc_custom_1593087762262\"><div class=\"wpb_column vc_column_container vc_col-sm-12\"><div class=\"vc_column-inner\"><div class=\"wpb_wrapper\"><div class=\"\">\r\n\t<div class=\"rt-text-with-image\">\r\n\t\t<div class=\"row\">\r\n\t\t\t<div class=\"col-lg-6 col-md-6 col-sm-6 col-xs-12\">\r\n\t\t\t\t<div class=\"rtin-text-part\">\r\n\t\t\t\t\t\t\t\t\t\t<h2 style=\"color:#000000\">Supply &amp; logistics<\/h2>\r\n\t\t\t\t\t\t\t\t\t\t<\/p>\n<p style=\"text-align: justify\">Our teams ensure total control of the supply chain through our network of trusted local and international partners.<\/p>\n<p style=\"text-align: justify\">Each supplier meets rigorous criteria and is audited regularly.<\/p>\n<p style=\"text-align: justify\">Fully attentive to the needs of our customers, CNA Mauritania is able to monitor consumption in real time via digital inventory monitoring, allowing us to anticipate and optimize orders.<\/p>\n<p>\t\t\t\t<\/div>\r\n\t\t\t<\/div>\r\n\t\t\t<div class=\"col-lg-6 col-md-6 col-sm-6 col-xs-12\">\r\n\t\t\t\t<img loading=\"lazy\" decoding=\"async\" width=\"550\" height=\"440\" src=\"https:\/\/cna-mauritania.com\/wp-content\/uploads\/2025\/06\/CNA-MAURITANIA-Magasin.jpg\" class=\"attachment-full size-full\" alt=\"\" srcset=\"https:\/\/cna-mauritania.com\/wp-content\/uploads\/2025\/06\/CNA-MAURITANIA-Magasin.jpg 550w, https:\/\/cna-mauritania.com\/wp-content\/uploads\/2025\/06\/CNA-MAURITANIA-Magasin-300x240.jpg 300w, https:\/\/cna-mauritania.com\/wp-content\/uploads\/2025\/06\/CNA-MAURITANIA-Magasin-15x12.jpg 15w\" sizes=\"auto, (max-width: 550px) 100vw, 550px\" \/>\t\t\t<\/div>\r\n\t\t<\/div>\r\n\t<\/div>\r\n<\/div><\/div><\/div><\/div><\/div><div class=\"vc_row wpb_row vc_row-fluid vc_custom_1593088007485\"><div class=\"wpb_column vc_column_container vc_col-sm-12\"><div class=\"vc_column-inner\"><div class=\"wpb_wrapper\"><div class=\"\">\r\n\t<div class=\"rt-text-with-image\">\r\n\t\t<div class=\"row\">\r\n\t\t\t<div class=\"col-lg-6 col-md-6 col-sm-6 col-xs-12\">\r\n\t\t\t\t<img loading=\"lazy\" decoding=\"async\" width=\"550\" height=\"440\" src=\"https:\/\/cna-mauritania.com\/wp-content\/uploads\/2025\/06\/cna-mauritania-service-restauration-innovation.jpg\" class=\"attachment-full size-full\" alt=\"\" srcset=\"https:\/\/cna-mauritania.com\/wp-content\/uploads\/2025\/06\/cna-mauritania-service-restauration-innovation.jpg 550w, https:\/\/cna-mauritania.com\/wp-content\/uploads\/2025\/06\/cna-mauritania-service-restauration-innovation-300x240.jpg 300w, https:\/\/cna-mauritania.com\/wp-content\/uploads\/2025\/06\/cna-mauritania-service-restauration-innovation-15x12.jpg 15w\" sizes=\"auto, (max-width: 550px) 100vw, 550px\" \/>\t\t\t<\/div>\t\t\t\t\t\r\n\t\t\t<div class=\"col-lg-6 col-md-6 col-sm-6 col-xs-12\">\r\n\t\t\t\t<div class=\"rtin-text-part\">\r\n\t\t\t\t\t\t\t\t\t\t<h2 style=\"color:#000000\">Bringing value-added solutions for remote sites<\/h2>\r\n\t\t\t\t\t\t\t\t\t\tAround our core business, catering, accommodation services, and Facility Management, we have developed innovative solutions to meet our client's expectations in terms of safety, wellbeing, performance, and efficiency.<\/p>\n<p>Smart4you offers smart solutions for remote sites, with one objective: bring turnkey solutions to our clients to support them in the daily management of their site and improve the quality of life for the residents.<\/p>\n<p>Our access control solutions are more broadly part of the building management program.\t\t\t\t<\/div>\r\n\t\t\t<\/div>\r\n\t\t<\/div>\r\n\t<\/div>\r\n<\/div><\/div><\/div><\/div><\/div><div class=\"vc_row wpb_row vc_row-fluid\"><div class=\"wpb_column vc_column_container vc_col-sm-12\"><div class=\"vc_column-inner\"><div class=\"wpb_wrapper\"><div class=\"\">\r\n\t<div class=\"rt-text-with-image\">\r\n\t\t<div class=\"row\">\r\n\t\t\t<div class=\"col-lg-6 col-md-6 col-sm-6 col-xs-12\">\r\n\t\t\t\t<div class=\"rtin-text-part\">\r\n\t\t\t\t\t\t\t\t\t\t<h2 style=\"color:#000000\">Leisure &amp; well-being<\/h2>\r\n\t\t\t\t\t\t\t\t\t\t<\/p>\n<p style=\"text-align: justify\">Because the well-being of our residents is a necessity, CNA Mauritania offers multiple services intended to improve comfort on site, in particular through the management of sports equipment (gym, football and basketball field, sports lessons) and participate to organize tournaments and sporting events.<\/p>\n<p style=\"text-align: justify\">Infrastructures are adapted to the cultural expectations of our customers (separate gym, mosque).<\/p>\n<p style=\"text-align: justify\">CNA Mauritania also manages a convenience store service with all the products necessary for daily life.<\/p>\n<p style=\"text-align: justify\">For our residents, smart4you provides safer living conditions and facilitates access to personal development through e-training.<\/p>\n<p>\t\t\t\t<\/div>\r\n\t\t\t<\/div>\r\n\t\t\t<div class=\"col-lg-6 col-md-6 col-sm-6 col-xs-12\">\r\n\t\t\t\t<img loading=\"lazy\" decoding=\"async\" width=\"550\" height=\"440\" src=\"https:\/\/cna-mauritania.com\/wp-content\/uploads\/2025\/06\/CNA-MAURITANIA-CNA-Team.jpg\" class=\"attachment-full size-full\" alt=\"\" srcset=\"https:\/\/cna-mauritania.com\/wp-content\/uploads\/2025\/06\/CNA-MAURITANIA-CNA-Team.jpg 550w, https:\/\/cna-mauritania.com\/wp-content\/uploads\/2025\/06\/CNA-MAURITANIA-CNA-Team-300x240.jpg 300w, https:\/\/cna-mauritania.com\/wp-content\/uploads\/2025\/06\/CNA-MAURITANIA-CNA-Team-15x12.jpg 15w\" sizes=\"auto, (max-width: 550px) 100vw, 550px\" \/>\t\t\t<\/div>\r\n\t\t<\/div>\r\n\t<\/div>\r\n<\/div><\/div><\/div><\/div><\/div><div class=\"vc_row wpb_row vc_row-fluid\"><div class=\"wpb_column vc_column_container vc_col-sm-12\"><div class=\"vc_column-inner vc_custom_1580217477415\"><div class=\"wpb_wrapper\"><div class=\"\">\n\t<div class=\"rt-vc-title rtin-section-title-left\">\n\t\t\t\t\t<h2 class=\"rt-section-title-vc\" style=\"font-size:30px; color:#222222;\">Our other areas of expertise<\/h2>\n\t\t\t<\/div>\n<\/div><\/div><\/div><\/div><\/div><div class=\"vc_row wpb_row vc_row-fluid vc_custom_1558534549080 vc_column-gap-30\"><div class=\"wpb_column vc_column_container vc_col-sm-4 vc_col-has-fill\"><div class=\"vc_column-inner vc_custom_1749634952932\"><div class=\"wpb_wrapper\">\n\t<div class=\"wpb_text_column wpb_content_element\" >\n\t\t<div class=\"wpb_wrapper\">\n\t\t\t<div class=\"eds-animate\" data-eds-entry-animation=\"zoomIn\" data-eds-entry-delay=\"0\" data-eds-entry-duration=\"1\" data-eds-entry-timing=\"linear\" data-eds-exit-animation=\"\" data-eds-exit-delay=\"\" data-eds-exit-duration=\"\" data-eds-exit-timing=\"\" data-eds-repeat-count=\"1\" data-eds-keep=\"yes\" data-eds-animate-on=\"hover\" data-eds-scroll-offset=\"\">\n<h2 style=\"text-align: center;\"><a href=\"https:\/\/cna-mauritania.com\/en\/restauration-2\/\"><strong><span style=\"color: #ffffff;\"><img loading=\"lazy\" decoding=\"async\" class=\"aligncenter wp-image-6632\" src=\"https:\/\/cna-mauritania.com\/wp-content\/uploads\/2020\/06\/CNA-MAURITANIA-expertise-picto-restauration-catering.png\" alt=\"\" width=\"44\" height=\"80\" \/>Catering<\/span><\/strong><\/a><\/h2>\n<\/div>\n\n\t\t<\/div>\n\t<\/div>\n<\/div><\/div><\/div><div class=\"wpb_column vc_column_container vc_col-sm-4 vc_col-has-fill\"><div class=\"vc_column-inner vc_custom_1749634966086\"><div class=\"wpb_wrapper\">\n\t<div class=\"wpb_text_column wpb_content_element\" >\n\t\t<div class=\"wpb_wrapper\">\n\t\t\t<div class=\"eds-animate\" data-eds-entry-animation=\"zoomIn\" data-eds-entry-delay=\"0\" data-eds-entry-duration=\"1\" data-eds-entry-timing=\"linear\" data-eds-exit-animation=\"\" data-eds-exit-delay=\"\" data-eds-exit-duration=\"\" data-eds-exit-timing=\"\" data-eds-repeat-count=\"1\" data-eds-keep=\"yes\" data-eds-animate-on=\"hover\" data-eds-scroll-offset=\"\">\n<h2 style=\"text-align: center;\"><\/h2>\n<h2 style=\"text-align: center;\"><strong><a href=\"https:\/\/cna-mauritania.com\/en\/hotellerie\/\"><img loading=\"lazy\" decoding=\"async\" class=\"size-full wp-image-6634 aligncenter\" src=\"https:\/\/cna-mauritania.com\/wp-content\/uploads\/2020\/06\/CNA-MAURITANIA-expertise-picto-accomodation-h\u00f4tellerie.png\" alt=\"\" width=\"117\" height=\"52\" \/><\/a><a href=\"https:\/\/cna-mauritania.com\/en\/hotellerie\/\"><span style=\"color: #ffffff;\">Accommodation<\/span><\/a><\/strong><\/h2>\n<\/div>\n\n\t\t<\/div>\n\t<\/div>\n<\/div><\/div><\/div><div class=\"wpb_column vc_column_container vc_col-sm-4 vc_col-has-fill\"><div class=\"vc_column-inner vc_custom_1749634978567\"><div class=\"wpb_wrapper\">\n\t<div class=\"wpb_text_column wpb_content_element  vc_custom_1614769446345\" >\n\t\t<div class=\"wpb_wrapper\">\n\t\t\t<div class=\"eds-animate\" data-eds-entry-animation=\"zoomIn\" data-eds-entry-delay=\"0\" data-eds-entry-duration=\"1\" data-eds-entry-timing=\"linear\" data-eds-exit-animation=\"\" data-eds-exit-delay=\"\" data-eds-exit-duration=\"\" data-eds-exit-timing=\"\" data-eds-repeat-count=\"1\" data-eds-keep=\"yes\" data-eds-animate-on=\"hover\" data-eds-scroll-offset=\"\">\n<h2 style=\"text-align: center;\"><strong><a href=\"https:\/\/cna-mauritania.com\/en\/facility-management\/\"><img loading=\"lazy\" decoding=\"async\" class=\"aligncenter wp-image-6635\" src=\"https:\/\/cna-mauritania.com\/wp-content\/uploads\/2020\/06\/CNA-MAURITANIA-expertise-picto-facilities-management.png\" alt=\"\" width=\"81\" height=\"80\" srcset=\"https:\/\/cna-mauritania.com\/wp-content\/uploads\/2020\/06\/CNA-MAURITANIA-expertise-picto-facilities-management.png 121w, https:\/\/cna-mauritania.com\/wp-content\/uploads\/2020\/06\/CNA-MAURITANIA-expertise-picto-facilities-management-92x92.png 92w\" sizes=\"auto, (max-width: 81px) 100vw, 81px\" \/><\/a><a href=\"https:\/\/cna-mauritania.com\/en\/facility-management\/\"><span style=\"color: #ffffff;\">Facility<\/span><\/a><\/strong><br \/>\n<strong><span style=\"color: #ffffff;\"><a style=\"color: #ffffff;\" href=\"https:\/\/cna-mauritania.com\/en\/facility-management\/\">Management<\/a><\/span><\/strong><\/h2>\n<\/div>\n\n\t\t<\/div>\n\t<\/div>\n<\/div><\/div><\/div><\/div>","protected":false},"excerpt":{"rendered":"Des solutions innovantes pour optimiser la gestion sur site et am\u00e9liorer le bien-\u00eatre des r\u00e9sidents &nbsp; Sourcing &amp; logistique, Transport du personnel, Mise \u00e0 disposition de personnel sp\u00e9cialis\u00e9, Contr\u00f4le d\u2019acc\u00e8s, Solutions IT, Loisirs &amp; bien-\u00eatre, Superette Tableau de bord et ma\u00eetrise des co\u00fbts S\u00fbret\u00e9 et s\u00e9curit\u00e9 95% de satisfaction client sur la gestion des installations [...]","protected":false},"author":2,"featured_media":0,"parent":0,"menu_order":0,"comment_status":"closed","ping_status":"closed","template":"","meta":{"footnotes":""},"class_list":["post-4199","page","type-page","status-publish","hentry"],"yoast_head":"<!-- This site is optimized with the Yoast SEO plugin v27.1.1 - https:\/\/yoast.com\/product\/yoast-seo-wordpress\/ -->\n<title>Autres services int\u00e9gr\u00e9s - CNA Mauritania<\/title>\n<meta name=\"robots\" content=\"index, follow, max-snippet:-1, max-image-preview:large, max-video-preview:-1\" \/>\n<link rel=\"canonical\" href=\"https:\/\/cna-mauritania.com\/en\/autres-services-integres\/\" \/>\n<meta property=\"og:locale\" content=\"en_GB\" \/>\n<meta property=\"og:type\" content=\"article\" \/>\n<meta property=\"og:title\" content=\"Autres services int\u00e9gr\u00e9s - CNA Mauritania\" \/>\n<meta property=\"og:url\" content=\"https:\/\/cna-mauritania.com\/en\/autres-services-integres\/\" \/>\n<meta property=\"og:site_name\" content=\"CNA Mauritania\" \/>\n<meta property=\"article:modified_time\" content=\"2026-03-12T17:28:38+00:00\" \/>\n<meta property=\"og:image\" content=\"https:\/\/cna-mauritania.com\/wp-content\/uploads\/2020\/06\/CNA-MAURITANIA-expertise-picto-restauration-catering.png\" \/>\n<meta name=\"twitter:card\" content=\"summary_large_image\" \/>\n<meta name=\"twitter:label1\" content=\"Estimated reading time\" \/>\n\t<meta name=\"twitter:data1\" content=\"4 minutes\" \/>\n<!-- \/ Yoast SEO plugin. -->","yoast_head_json":{"title":"Autres services int\u00e9gr\u00e9s - CNA Mauritania","robots":{"index":"index","follow":"follow","max-snippet":"max-snippet:-1","max-image-preview":"max-image-preview:large","max-video-preview":"max-video-preview:-1"},"canonical":"https:\/\/cna-mauritania.com\/en\/autres-services-integres\/","og_locale":"en_GB","og_type":"article","og_title":"Autres services int\u00e9gr\u00e9s - CNA Mauritania","og_url":"https:\/\/cna-mauritania.com\/en\/autres-services-integres\/","og_site_name":"CNA Mauritania","article_modified_time":"2026-03-12T17:28:38+00:00","og_image":[{"url":"https:\/\/cna-mauritania.com\/wp-content\/uploads\/2020\/06\/CNA-MAURITANIA-expertise-picto-restauration-catering.png","type":"","width":"","height":""}],"twitter_card":"summary_large_image","twitter_misc":{"Estimated reading time":"4 minutes"},"schema":{"@context":"https:\/\/schema.org","@graph":[{"@type":"WebPage","@id":"https:\/\/cna-mauritania.com\/autres-services-integres\/","url":"https:\/\/cna-mauritania.com\/autres-services-integres\/","name":"Autres services int\u00e9gr\u00e9s - CNA Mauritania","isPartOf":{"@id":"https:\/\/cna-mauritania.com\/#website"},"primaryImageOfPage":{"@id":"https:\/\/cna-mauritania.com\/autres-services-integres\/#primaryimage"},"image":{"@id":"https:\/\/cna-mauritania.com\/autres-services-integres\/#primaryimage"},"thumbnailUrl":"https:\/\/cna-mauritania.com\/wp-content\/uploads\/2020\/06\/CNA-MAURITANIA-expertise-picto-restauration-catering.png","datePublished":"2019-05-09T11:50:05+00:00","dateModified":"2026-03-12T17:28:38+00:00","breadcrumb":{"@id":"https:\/\/cna-mauritania.com\/autres-services-integres\/#breadcrumb"},"inLanguage":"en-GB","potentialAction":[{"@type":"ReadAction","target":["https:\/\/cna-mauritania.com\/autres-services-integres\/"]}]},{"@type":"ImageObject","inLanguage":"en-GB","@id":"https:\/\/cna-mauritania.com\/autres-services-integres\/#primaryimage","url":"https:\/\/cna-mauritania.com\/wp-content\/uploads\/2020\/06\/CNA-MAURITANIA-expertise-picto-restauration-catering.png","contentUrl":"https:\/\/cna-mauritania.com\/wp-content\/uploads\/2020\/06\/CNA-MAURITANIA-expertise-picto-restauration-catering.png"},{"@type":"BreadcrumbList","@id":"https:\/\/cna-mauritania.com\/autres-services-integres\/#breadcrumb","itemListElement":[{"@type":"ListItem","position":1,"name":"Accueil","item":"https:\/\/cna-mauritania.com\/"},{"@type":"ListItem","position":2,"name":"Autres services int\u00e9gr\u00e9s"}]},{"@type":"WebSite","@id":"https:\/\/cna-mauritania.com\/#website","url":"https:\/\/cna-mauritania.com\/","name":"CNA Mauritania","description":"Integrated Life Support Services","potentialAction":[{"@type":"SearchAction","target":{"@type":"EntryPoint","urlTemplate":"https:\/\/cna-mauritania.com\/?s={search_term_string}"},"query-input":{"@type":"PropertyValueSpecification","valueRequired":true,"valueName":"search_term_string"}}],"inLanguage":"en-GB"}]}},"_links":{"self":[{"href":"https:\/\/cna-mauritania.com\/en\/wp-json\/wp\/v2\/pages\/4199","targetHints":{"allow":["GET"]}}],"collection":[{"href":"https:\/\/cna-mauritania.com\/en\/wp-json\/wp\/v2\/pages"}],"about":[{"href":"https:\/\/cna-mauritania.com\/en\/wp-json\/wp\/v2\/types\/page"}],"author":[{"embeddable":true,"href":"https:\/\/cna-mauritania.com\/en\/wp-json\/wp\/v2\/users\/2"}],"replies":[{"embeddable":true,"href":"https:\/\/cna-mauritania.com\/en\/wp-json\/wp\/v2\/comments?post=4199"}],"version-history":[{"count":108,"href":"https:\/\/cna-mauritania.com\/en\/wp-json\/wp\/v2\/pages\/4199\/revisions"}],"predecessor-version":[{"id":46315,"href":"https:\/\/cna-mauritania.com\/en\/wp-json\/wp\/v2\/pages\/4199\/revisions\/46315"}],"wp:attachment":[{"href":"https:\/\/cna-mauritania.com\/en\/wp-json\/wp\/v2\/media?parent=4199"}],"curies":[{"name":"wp","href":"https:\/\/api.w.org\/{rel}","templated":true}]}}