{"id":4193,"date":"2019-05-09T11:41:24","date_gmt":"2019-05-09T11:41:24","guid":{"rendered":"https:\/\/www.cieptal.com\/?page_id=4193"},"modified":"2026-03-12T17:51:14","modified_gmt":"2026-03-12T17:51:14","slug":"hotellerie","status":"publish","type":"page","link":"https:\/\/cna-mauritania.com\/en\/hotellerie\/","title":{"rendered":"Accommodation"},"content":{"rendered":"<div class=\"vc_row wpb_row vc_row-fluid vc_custom_1593079133315\"><div class=\"wpb_column vc_column_container vc_col-sm-12\"><div class=\"vc_column-inner\"><div class=\"wpb_wrapper\">\n\t<div class=\"wpb_text_column wpb_content_element\" >\n\t\t<div class=\"wpb_wrapper\">\n\t\t\t<h2 style=\"text-align: center;\"><strong>\u00a0CNA Mauritania, quality accommodation services<\/strong><\/h2>\n<p>&nbsp;<\/p>\n<h2 style=\"text-align: center;\"><b><\/b>Reception, Laundry, Cleanliness of rooms and premises, Concierge<\/h2>\n\n\t\t<\/div>\n\t<\/div>\n<\/div><\/div><\/div><\/div><div data-vc-full-width=\"true\" data-vc-full-width-init=\"false\" data-vc-stretch-content=\"true\" class=\"vc_row wpb_row vc_row-fluid vc_custom_1593079076053 vc_row-has-fill\"><div class=\"wpb_column vc_column_container vc_col-sm-12\"><div class=\"vc_column-inner vc_custom_1580480295275\"><div class=\"wpb_wrapper\">\n\t<div class=\"wpb_text_column wpb_content_element\" >\n\t\t<div class=\"wpb_wrapper\">\n\t\t\t<h2 style=\"text-align: center;\"><span style=\"color: #ffffff;\"><strong>98%<\/strong><\/span><br \/>\n<span style=\"color: #ffffff;\">customer satisfaction with the<\/span><br \/>\n<span style=\"color: #ffffff;\">service d\u2019h\u00e9bergement en 2025<a style=\"color: #ffffff;\" href=\"https:\/\/cna-mauritania.com\/en\/chiffres-cles\/\">*<\/a><\/span><\/h2>\n\n\t\t<\/div>\n\t<\/div>\n<\/div><\/div><\/div><\/div><div class=\"vc_row-full-width vc_clearfix\"><\/div><div class=\"vc_row wpb_row vc_row-fluid vc_custom_1593079645540\"><div class=\"wpb_column vc_column_container vc_col-sm-12\"><div class=\"vc_column-inner\"><div class=\"wpb_wrapper\"><div class=\"\">\r\n\t<div class=\"rt-text-with-image\">\r\n\t\t<div class=\"row\">\r\n\t\t\t<div class=\"col-lg-6 col-md-6 col-sm-6 col-xs-12\">\r\n\t\t\t\t<img loading=\"lazy\" decoding=\"async\" width=\"550\" height=\"440\" src=\"https:\/\/cna-mauritania.com\/wp-content\/uploads\/2025\/06\/CNA-MAURITANIA-Hebergement.jpg\" class=\"attachment-full size-full\" alt=\"\" srcset=\"https:\/\/cna-mauritania.com\/wp-content\/uploads\/2025\/06\/CNA-MAURITANIA-Hebergement.jpg 550w, https:\/\/cna-mauritania.com\/wp-content\/uploads\/2025\/06\/CNA-MAURITANIA-Hebergement-300x240.jpg 300w, https:\/\/cna-mauritania.com\/wp-content\/uploads\/2025\/06\/CNA-MAURITANIA-Hebergement-15x12.jpg 15w\" sizes=\"auto, (max-width: 550px) 100vw, 550px\" \/>\t\t\t<\/div>\t\t\t\t\t\r\n\t\t\t<div class=\"col-lg-6 col-md-6 col-sm-6 col-xs-12\">\r\n\t\t\t\t<div class=\"rtin-text-part\">\r\n\t\t\t\t\t\t\t\t\t\t<h2 style=\"color:#000000\">Full management of accommodation<\/h2>\r\n\t\t\t\t\t\t\t\t\t\t<\/p>\n<p style=\"text-align: justify\">Our qualified staff manage the reception, housekeeping of the rooms and provide a laundry service for all residents.<\/p>\n<p style=\"text-align: justify\">CNA Mauritania teams provide equipped, comfortable and safe rooms. A concierge service is also available upon request.<\/p>\n<p style=\"text-align: justify\">Access to the private and common areas is completely secure thanks to our access control solution.<\/p>\n<p>\t\t\t\t<\/div>\r\n\t\t\t<\/div>\r\n\t\t<\/div>\r\n\t<\/div>\r\n<\/div><\/div><\/div><\/div><\/div><div class=\"vc_row wpb_row vc_row-fluid\"><div class=\"wpb_column vc_column_container vc_col-sm-12\"><div class=\"vc_column-inner vc_custom_1593079815638\"><div class=\"wpb_wrapper\"><div class=\"\">\r\n\t<div class=\"rt-text-with-image\">\r\n\t\t<div class=\"row\">\r\n\t\t\t<div class=\"col-lg-6 col-md-6 col-sm-6 col-xs-12\">\r\n\t\t\t\t<div class=\"rtin-text-part\">\r\n\t\t\t\t\t\t\t\t\t\t<h2 style=\"color:#000000\">Cleanliness of the premises<\/h2>\r\n\t\t\t\t\t\t\t\t\t\t<\/p>\n<p style=\"text-align: justify\">CNA Mauritania takes care of the cleanliness of all common areas on site.<\/p>\n<p style=\"text-align: justify\">Waste management, collection and destruction are carried out on a permanent basis in compliance with current Mauritanian environmental standards.<\/p>\n<p style=\"text-align: justify\">CNA Mauritania uses all of its technical expertise to provide hygiene and cleanliness solutions that meet the needs of its customers and their facilities.<\/p>\n<p>\t\t\t\t<\/div>\r\n\t\t\t<\/div>\r\n\t\t\t<div class=\"col-lg-6 col-md-6 col-sm-6 col-xs-12\">\r\n\t\t\t\t<img loading=\"lazy\" decoding=\"async\" width=\"550\" height=\"440\" src=\"https:\/\/cna-mauritania.com\/wp-content\/uploads\/2025\/06\/CNA-MAURITANIA-HK.jpg\" class=\"attachment-full size-full\" alt=\"\" srcset=\"https:\/\/cna-mauritania.com\/wp-content\/uploads\/2025\/06\/CNA-MAURITANIA-HK.jpg 550w, https:\/\/cna-mauritania.com\/wp-content\/uploads\/2025\/06\/CNA-MAURITANIA-HK-300x240.jpg 300w, https:\/\/cna-mauritania.com\/wp-content\/uploads\/2025\/06\/CNA-MAURITANIA-HK-15x12.jpg 15w\" sizes=\"auto, (max-width: 550px) 100vw, 550px\" \/>\t\t\t<\/div>\r\n\t\t<\/div>\r\n\t<\/div>\r\n<\/div><\/div><\/div><\/div><\/div><div class=\"vc_row wpb_row vc_row-fluid\"><div class=\"wpb_column vc_column_container vc_col-sm-12\"><div class=\"vc_column-inner vc_custom_1580201495421\"><div class=\"wpb_wrapper\"><div class=\"\">\n\t<div class=\"rt-vc-title rtin-section-title-left\">\n\t\t\t\t\t<h2 class=\"rt-section-title-vc\" style=\"font-size:30px; color:#222222;\">Our other areas of expertise<\/h2>\n\t\t\t<\/div>\n<\/div><\/div><\/div><\/div><\/div><div class=\"vc_row wpb_row vc_row-fluid vc_custom_1594045438530 vc_column-gap-30\"><div class=\"wpb_column vc_column_container vc_col-sm-4 vc_col-has-fill\"><div class=\"vc_column-inner vc_custom_1749713357003\"><div class=\"wpb_wrapper\">\n\t<div class=\"wpb_text_column wpb_content_element\" >\n\t\t<div class=\"wpb_wrapper\">\n\t\t\t<div class=\"eds-animate\" data-eds-entry-animation=\"zoomIn\" data-eds-entry-delay=\"0\" data-eds-entry-duration=\"1\" data-eds-entry-timing=\"linear\" data-eds-exit-animation=\"\" data-eds-exit-delay=\"\" data-eds-exit-duration=\"\" data-eds-exit-timing=\"\" data-eds-repeat-count=\"1\" data-eds-keep=\"yes\" data-eds-animate-on=\"hover\" data-eds-scroll-offset=\"\">\n<h2 style=\"text-align: center;\"><a href=\"https:\/\/cna-mauritania.com\/en\/restauration-2\/\"><strong><span style=\"color: #ffffff;\"><img loading=\"lazy\" decoding=\"async\" class=\"aligncenter wp-image-6632\" src=\"https:\/\/cna-mauritania.com\/wp-content\/uploads\/2020\/06\/CNA-MAURITANIA-expertise-picto-restauration-catering.png\" alt=\"\" width=\"44\" height=\"80\" \/>Catering<\/span><\/strong><\/a><\/h2>\n<\/div>\n\n\t\t<\/div>\n\t<\/div>\n<\/div><\/div><\/div><div class=\"wpb_column vc_column_container vc_col-sm-4 vc_col-has-fill\"><div class=\"vc_column-inner vc_custom_1749713368306\"><div class=\"wpb_wrapper\">\n\t<div class=\"wpb_text_column wpb_content_element  vc_custom_1614766154914\" >\n\t\t<div class=\"wpb_wrapper\">\n\t\t\t<div class=\"eds-animate\" data-eds-entry-animation=\"zoomIn\" data-eds-entry-delay=\"0\" data-eds-entry-duration=\"1\" data-eds-entry-timing=\"linear\" data-eds-exit-animation=\"\" data-eds-exit-delay=\"\" data-eds-exit-duration=\"\" data-eds-exit-timing=\"\" data-eds-repeat-count=\"1\" data-eds-keep=\"yes\" data-eds-animate-on=\"hover\" data-eds-scroll-offset=\"\">\n<h2 style=\"text-align: center;\"><strong><a href=\"https:\/\/cna-mauritania.com\/en\/facility-management\/\"><img loading=\"lazy\" decoding=\"async\" class=\"aligncenter wp-image-6635\" src=\"https:\/\/cna-mauritania.com\/wp-content\/uploads\/2020\/06\/CNA-MAURITANIA-expertise-picto-facilities-management.png\" alt=\"\" width=\"81\" height=\"80\" srcset=\"https:\/\/cna-mauritania.com\/wp-content\/uploads\/2020\/06\/CNA-MAURITANIA-expertise-picto-facilities-management.png 121w, https:\/\/cna-mauritania.com\/wp-content\/uploads\/2020\/06\/CNA-MAURITANIA-expertise-picto-facilities-management-92x92.png 92w\" sizes=\"auto, (max-width: 81px) 100vw, 81px\" \/><\/a><a href=\"https:\/\/cna-mauritania.com\/en\/facility-management\/\"><span style=\"color: #ffffff;\">Facility<\/span><\/a><\/strong><br \/>\n<strong><span style=\"color: #ffffff;\"><a style=\"color: #ffffff;\" href=\"https:\/\/cna-mauritania.com\/en\/facility-management\/\">Management<\/a><\/span><\/strong><\/h2>\n<p>&nbsp;<\/p>\n<\/div>\n\n\t\t<\/div>\n\t<\/div>\n<\/div><\/div><\/div><div class=\"wpb_column vc_column_container vc_col-sm-4 vc_col-has-fill\"><div class=\"vc_column-inner vc_custom_1749713389179\"><div class=\"wpb_wrapper\">\n\t<div class=\"wpb_text_column wpb_content_element\" >\n\t\t<div class=\"wpb_wrapper\">\n\t\t\t<div class=\"eds-animate\" data-eds-entry-animation=\"zoomIn\" data-eds-entry-delay=\"0\" data-eds-entry-duration=\"1\" data-eds-entry-timing=\"linear\" data-eds-exit-animation=\"\" data-eds-exit-delay=\"\" data-eds-exit-duration=\"\" data-eds-exit-timing=\"\" data-eds-repeat-count=\"1\" data-eds-keep=\"yes\" data-eds-animate-on=\"hover\" data-eds-scroll-offset=\"\">\n<h2 style=\"text-align: center;\"><strong><a href=\"https:\/\/cna-mauritania.com\/en\/autres-services-integres\/\"><img loading=\"lazy\" decoding=\"async\" class=\"aligncenter wp-image-6839\" src=\"https:\/\/cna-mauritania.com\/wp-content\/uploads\/2020\/06\/CNA-MAURITANIA-expertise-picto-services-int\u00e9gr\u00e9s.png\" alt=\"\" width=\"59\" height=\"80\" \/><\/a><a href=\"https:\/\/cna-mauritania.com\/en\/autres-services-integres\/\"><span style=\"color: #ffffff;\">Integrated services<\/span><\/a><\/strong><\/h2>\n<p>&nbsp;<\/p>\n<\/div>\n\n\t\t<\/div>\n\t<\/div>\n<\/div><\/div><\/div><\/div>","protected":false},"excerpt":{"rendered":"\u00a0CNA Mauritania, un service h\u00f4telier de qualit\u00e9 &nbsp; Accueil\/r\u00e9ception, Blanchisserie, Propret\u00e9 des chambres et des locaux, Conciergerie 98% de satisfaction client sur le service d\u2019h\u00e9bergement en 2025* Gestion compl\u00e8te des h\u00e9bergements Notre personnel qualifi\u00e9 g\u00e8re l\u2019accueil, la r\u00e9ception, l\u2019entretien m\u00e9nager des chambres et fourni un service de blanchisserie pour tous les r\u00e9sidents. Les \u00e9quipes de [...]","protected":false},"author":2,"featured_media":0,"parent":0,"menu_order":0,"comment_status":"closed","ping_status":"closed","template":"","meta":{"footnotes":""},"class_list":["post-4193","page","type-page","status-publish","hentry"],"yoast_head":"<!-- This site is optimized with the Yoast SEO plugin v27.1.1 - https:\/\/yoast.com\/product\/yoast-seo-wordpress\/ -->\n<title>H\u00f4tellerie - CNA Mauritania<\/title>\n<meta name=\"robots\" content=\"index, follow, max-snippet:-1, max-image-preview:large, max-video-preview:-1\" \/>\n<link rel=\"canonical\" href=\"https:\/\/cna-mauritania.com\/en\/hotellerie\/\" \/>\n<meta property=\"og:locale\" content=\"en_GB\" \/>\n<meta property=\"og:type\" content=\"article\" \/>\n<meta property=\"og:title\" content=\"H\u00f4tellerie - CNA Mauritania\" \/>\n<meta property=\"og:url\" content=\"https:\/\/cna-mauritania.com\/en\/hotellerie\/\" \/>\n<meta property=\"og:site_name\" content=\"CNA Mauritania\" \/>\n<meta property=\"article:modified_time\" content=\"2026-03-12T17:51:14+00:00\" \/>\n<meta property=\"og:image\" content=\"https:\/\/cna-mauritania.com\/wp-content\/uploads\/2020\/06\/CNA-MAURITANIA-expertise-picto-restauration-catering.png\" \/>\n<meta name=\"twitter:card\" content=\"summary_large_image\" \/>\n<meta name=\"twitter:label1\" content=\"Estimated reading time\" \/>\n\t<meta name=\"twitter:data1\" content=\"3 minutes\" \/>\n<!-- \/ Yoast SEO plugin. -->","yoast_head_json":{"title":"H\u00f4tellerie - CNA Mauritania","robots":{"index":"index","follow":"follow","max-snippet":"max-snippet:-1","max-image-preview":"max-image-preview:large","max-video-preview":"max-video-preview:-1"},"canonical":"https:\/\/cna-mauritania.com\/en\/hotellerie\/","og_locale":"en_GB","og_type":"article","og_title":"H\u00f4tellerie - CNA Mauritania","og_url":"https:\/\/cna-mauritania.com\/en\/hotellerie\/","og_site_name":"CNA Mauritania","article_modified_time":"2026-03-12T17:51:14+00:00","og_image":[{"url":"https:\/\/cna-mauritania.com\/wp-content\/uploads\/2020\/06\/CNA-MAURITANIA-expertise-picto-restauration-catering.png","type":"","width":"","height":""}],"twitter_card":"summary_large_image","twitter_misc":{"Estimated reading time":"3 minutes"},"schema":{"@context":"https:\/\/schema.org","@graph":[{"@type":"WebPage","@id":"https:\/\/cna-mauritania.com\/hotellerie\/","url":"https:\/\/cna-mauritania.com\/hotellerie\/","name":"H\u00f4tellerie - CNA Mauritania","isPartOf":{"@id":"https:\/\/cna-mauritania.com\/#website"},"primaryImageOfPage":{"@id":"https:\/\/cna-mauritania.com\/hotellerie\/#primaryimage"},"image":{"@id":"https:\/\/cna-mauritania.com\/hotellerie\/#primaryimage"},"thumbnailUrl":"https:\/\/cna-mauritania.com\/wp-content\/uploads\/2020\/06\/CNA-MAURITANIA-expertise-picto-restauration-catering.png","datePublished":"2019-05-09T11:41:24+00:00","dateModified":"2026-03-12T17:51:14+00:00","breadcrumb":{"@id":"https:\/\/cna-mauritania.com\/hotellerie\/#breadcrumb"},"inLanguage":"en-GB","potentialAction":[{"@type":"ReadAction","target":["https:\/\/cna-mauritania.com\/hotellerie\/"]}]},{"@type":"ImageObject","inLanguage":"en-GB","@id":"https:\/\/cna-mauritania.com\/hotellerie\/#primaryimage","url":"https:\/\/cna-mauritania.com\/wp-content\/uploads\/2020\/06\/CNA-MAURITANIA-expertise-picto-restauration-catering.png","contentUrl":"https:\/\/cna-mauritania.com\/wp-content\/uploads\/2020\/06\/CNA-MAURITANIA-expertise-picto-restauration-catering.png"},{"@type":"BreadcrumbList","@id":"https:\/\/cna-mauritania.com\/hotellerie\/#breadcrumb","itemListElement":[{"@type":"ListItem","position":1,"name":"Accueil","item":"https:\/\/cna-mauritania.com\/"},{"@type":"ListItem","position":2,"name":"H\u00f4tellerie"}]},{"@type":"WebSite","@id":"https:\/\/cna-mauritania.com\/#website","url":"https:\/\/cna-mauritania.com\/","name":"CNA Mauritania","description":"Integrated Life Support Services","potentialAction":[{"@type":"SearchAction","target":{"@type":"EntryPoint","urlTemplate":"https:\/\/cna-mauritania.com\/?s={search_term_string}"},"query-input":{"@type":"PropertyValueSpecification","valueRequired":true,"valueName":"search_term_string"}}],"inLanguage":"en-GB"}]}},"_links":{"self":[{"href":"https:\/\/cna-mauritania.com\/en\/wp-json\/wp\/v2\/pages\/4193","targetHints":{"allow":["GET"]}}],"collection":[{"href":"https:\/\/cna-mauritania.com\/en\/wp-json\/wp\/v2\/pages"}],"about":[{"href":"https:\/\/cna-mauritania.com\/en\/wp-json\/wp\/v2\/types\/page"}],"author":[{"embeddable":true,"href":"https:\/\/cna-mauritania.com\/en\/wp-json\/wp\/v2\/users\/2"}],"replies":[{"embeddable":true,"href":"https:\/\/cna-mauritania.com\/en\/wp-json\/wp\/v2\/comments?post=4193"}],"version-history":[{"count":98,"href":"https:\/\/cna-mauritania.com\/en\/wp-json\/wp\/v2\/pages\/4193\/revisions"}],"predecessor-version":[{"id":46321,"href":"https:\/\/cna-mauritania.com\/en\/wp-json\/wp\/v2\/pages\/4193\/revisions\/46321"}],"wp:attachment":[{"href":"https:\/\/cna-mauritania.com\/en\/wp-json\/wp\/v2\/media?parent=4193"}],"curies":[{"name":"wp","href":"https:\/\/api.w.org\/{rel}","templated":true}]}}