{"id":4086,"date":"2019-04-29T10:26:54","date_gmt":"2019-04-29T10:26:54","guid":{"rendered":"https:\/\/www.cieptal.com\/?page_id=4086"},"modified":"2026-03-12T17:26:32","modified_gmt":"2026-03-12T17:26:32","slug":"restauration-2","status":"publish","type":"page","link":"https:\/\/cna-mauritania.com\/en\/restauration-2\/","title":{"rendered":"Catering"},"content":{"rendered":"<div class=\"vc_row wpb_row vc_row-fluid vc_custom_1593087282449\"><div class=\"wpb_column vc_column_container vc_col-sm-12\"><div class=\"vc_column-inner\"><div class=\"wpb_wrapper\">\n\t<div class=\"wpb_text_column wpb_content_element\" >\n\t\t<div class=\"wpb_wrapper\">\n\t\t\t<h2 style=\"text-align: center;\"><strong>Catering, CNA Mauritania's core business<\/strong><\/h2>\n<p>&nbsp;<\/p>\n<h2 style=\"text-align: center;\"><b><\/b>Collective catering, Events, Packed lunch, Snacking<\/h2>\n\n\t\t<\/div>\n\t<\/div>\n<\/div><\/div><\/div><\/div><div data-vc-full-width=\"true\" data-vc-full-width-init=\"false\" data-vc-stretch-content=\"true\" class=\"vc_row wpb_row vc_row-fluid vc_custom_1593158477737 vc_row-has-fill\"><div class=\"wpb_column vc_column_container vc_col-sm-4\"><div class=\"vc_column-inner vc_custom_1560263036205\"><div class=\"wpb_wrapper\">\n\t<div class=\"wpb_text_column wpb_content_element\" >\n\t\t<div class=\"wpb_wrapper\">\n\t\t\t<h2 style=\"text-align: center;\"><span style=\"color: #ffffff;\"><strong>+3 700 000<\/strong><br \/>\nrepas servis en 2025<\/span><\/h2>\n\n\t\t<\/div>\n\t<\/div>\n<\/div><\/div><\/div><div class=\"wpb_column vc_column_container vc_col-sm-4\"><div class=\"vc_column-inner vc_custom_1560263062579\"><div class=\"wpb_wrapper\">\n\t<div class=\"wpb_text_column wpb_content_element\" >\n\t\t<div class=\"wpb_wrapper\">\n\t\t\t<h2 style=\"text-align: center;\"><span style=\"color: #ffffff;\"><strong>Purchase<\/strong><br \/>\nof local products<\/span><\/h2>\n\n\t\t<\/div>\n\t<\/div>\n<\/div><\/div><\/div><div class=\"wpb_column vc_column_container vc_col-sm-4\"><div class=\"vc_column-inner vc_custom_1560263075929\"><div class=\"wpb_wrapper\">\n\t<div class=\"wpb_text_column wpb_content_element\" >\n\t\t<div class=\"wpb_wrapper\">\n\t\t\t<h2 style=\"text-align: center;\"><span style=\"color: #ffffff;\"><strong>92%<\/strong><\/span><br \/>\n<span style=\"color: #ffffff;\">customer satisfaction on catering services in 2025<a style=\"color: #ffffff;\" href=\"https:\/\/cna-mauritania.com\/en\/chiffres-cles\/\">*<\/a><\/span><\/h2>\n\n\t\t<\/div>\n\t<\/div>\n<\/div><\/div><\/div><\/div><div class=\"vc_row-full-width vc_clearfix\"><\/div><div class=\"vc_row wpb_row vc_row-fluid vc_custom_1593078361554\"><div class=\"wpb_column vc_column_container vc_col-sm-12\"><div class=\"vc_column-inner\"><div class=\"wpb_wrapper\"><div class=\"\">\r\n\t<div class=\"rt-text-with-image\">\r\n\t\t<div class=\"row\">\r\n\t\t\t<div class=\"col-lg-6 col-md-6 col-sm-6 col-xs-12\">\r\n\t\t\t\t<div class=\"rtin-text-part\">\r\n\t\t\t\t\t\t\t\t\t\t<h2 style=\"color:#000000\">Quality of service and culinary know-how<\/h2>\r\n\t\t\t\t\t\t\t\t\t\t<\/p>\n<p style=\"text-align: justify\">CNA Mauritania offers catering (3 meals a day), events and take-out (packed lunch) to adapt to the needs of its customers.<\/p>\n<p style=\"text-align: justify\">CNA Mauritania masters butchery, pastry, bakery and offers menus adapted to the traditions and customs of each resident. Each menu combines culinary know-how, quality of service, food safety in compliance with international standards.<\/p>\n<p>\t\t\t\t<\/div>\r\n\t\t\t<\/div>\r\n\t\t\t<div class=\"col-lg-6 col-md-6 col-sm-6 col-xs-12\">\r\n\t\t\t\t<img loading=\"lazy\" decoding=\"async\" width=\"1600\" height=\"1067\" src=\"https:\/\/cna-mauritania.com\/wp-content\/uploads\/2025\/06\/cna-mauritania-service-restauration-chef-cuisine.jpg\" class=\"attachment-full size-full\" alt=\"\" srcset=\"https:\/\/cna-mauritania.com\/wp-content\/uploads\/2025\/06\/cna-mauritania-service-restauration-chef-cuisine.jpg 1600w, https:\/\/cna-mauritania.com\/wp-content\/uploads\/2025\/06\/cna-mauritania-service-restauration-chef-cuisine-300x200.jpg 300w, https:\/\/cna-mauritania.com\/wp-content\/uploads\/2025\/06\/cna-mauritania-service-restauration-chef-cuisine-1024x683.jpg 1024w, https:\/\/cna-mauritania.com\/wp-content\/uploads\/2025\/06\/cna-mauritania-service-restauration-chef-cuisine-768x512.jpg 768w, https:\/\/cna-mauritania.com\/wp-content\/uploads\/2025\/06\/cna-mauritania-service-restauration-chef-cuisine-1536x1024.jpg 1536w, https:\/\/cna-mauritania.com\/wp-content\/uploads\/2025\/06\/cna-mauritania-service-restauration-chef-cuisine-18x12.jpg 18w\" sizes=\"auto, (max-width: 1600px) 100vw, 1600px\" \/>\t\t\t<\/div>\r\n\t\t<\/div>\r\n\t<\/div>\r\n<\/div><\/div><\/div><\/div><\/div><div class=\"vc_row wpb_row vc_row-fluid\"><div class=\"wpb_column vc_column_container vc_col-sm-12\"><div class=\"vc_column-inner vc_custom_1581090417287\"><div class=\"wpb_wrapper\"><div class=\"\">\r\n\t<div class=\"rt-text-with-image\">\r\n\t\t<div class=\"row\">\r\n\t\t\t<div class=\"col-lg-6 col-md-6 col-sm-6 col-xs-12\">\r\n\t\t\t\t<img loading=\"lazy\" decoding=\"async\" width=\"550\" height=\"450\" src=\"https:\/\/cna-mauritania.com\/wp-content\/uploads\/2020\/06\/CNA-MAURITANIA-expertise-restauration-4.jpg\" class=\"attachment-full size-full\" alt=\"\" srcset=\"https:\/\/cna-mauritania.com\/wp-content\/uploads\/2020\/06\/CNA-MAURITANIA-expertise-restauration-4.jpg 550w, https:\/\/cna-mauritania.com\/wp-content\/uploads\/2020\/06\/CNA-MAURITANIA-expertise-restauration-4-300x245.jpg 300w\" sizes=\"auto, (max-width: 550px) 100vw, 550px\" \/>\t\t\t<\/div>\t\t\t\t\t\r\n\t\t\t<div class=\"col-lg-6 col-md-6 col-sm-6 col-xs-12\">\r\n\t\t\t\t<div class=\"rtin-text-part\">\r\n\t\t\t\t\t\t\t\t\t\t<h2 style=\"color:#000000\">Food safety at the heart of our requirements<\/h2>\r\n\t\t\t\t\t\t\t\t\t\t<\/p>\n<p style=\"text-align: justify\">CNA Mauritania operates with a food safety management system based on HACCP in order to ensure a standard of excellence for our customers in terms of hygiene, sanitation, while respecting good practices:<\/p>\n<p class=\"translation-block\">\u2013 Daily inspections,<br>\n\u2013 Regular bacteriological self-checking of employees' hands in contact with food and surfaces,<br>\n\u2013 Weekly analysis of sample dishes, water used in cooking and bottled mineral water received,\nKitchen hygiene,<br>\n\u2013 Clothing and personal hygiene,<br>\n\u2013 Waste management,<br>\n\u2013 Temperature control:The respect of the cold chain and the hot connection are prerequisites controlled thanks to new technologies such as Thermopuces,<br>\n\u2013 Wearing of regulatory PPE,<br>\n\u2013 Establishment of regular training based on food safety via a rigorous tailor-made training program.<br>\n\u2013 Pest control.<\/div>\r\n\t\t\t<\/div>\r\n\t\t<\/div>\r\n\t<\/div>\r\n<\/div><\/div><\/div><\/div><\/div><div class=\"vc_row wpb_row vc_row-fluid vc_custom_1593087331933\"><div class=\"wpb_column vc_column_container vc_col-sm-12\"><div class=\"vc_column-inner\"><div class=\"wpb_wrapper\"><div class=\"\">\r\n\t<div class=\"rt-text-with-image\">\r\n\t\t<div class=\"row\">\r\n\t\t\t<div class=\"col-lg-6 col-md-6 col-sm-6 col-xs-12\">\r\n\t\t\t\t<div class=\"rtin-text-part\">\r\n\t\t\t\t\t\t\t\t\t\t<h2 style=\"color:#000000\">Guarantee nutritional balance<\/h2>\r\n\t\t\t\t\t\t\t\t\t\t<\/p>\n<p style=\"text-align: justify\">With more than 3 million meals served per year, CNA Mauritania plays an essential role and must meet a double requirement: to offer diversified and quality meals while meeting current nutritional requirements.<\/p>\n<p style=\"text-align: justify\">Through its Health4U program, CNA Mauritania has implemented a color code (red \/ yellow \/ green) which informs consumers on the nutritional benefits of each dish. Through collaboration with the clinic at the Tasiast site, CNA Mauritania educates residents and contributes to the nutritional balance of all.<\/p>\n<p>\t\t\t\t<\/div>\r\n\t\t\t<\/div>\r\n\t\t\t<div class=\"col-lg-6 col-md-6 col-sm-6 col-xs-12\">\r\n\t\t\t\t<img loading=\"lazy\" decoding=\"async\" width=\"550\" height=\"440\" src=\"https:\/\/cna-mauritania.com\/wp-content\/uploads\/2025\/06\/CNA-MAURITANIA-Equilibre-nutri.jpg\" class=\"attachment-full size-full\" alt=\"\" srcset=\"https:\/\/cna-mauritania.com\/wp-content\/uploads\/2025\/06\/CNA-MAURITANIA-Equilibre-nutri.jpg 550w, https:\/\/cna-mauritania.com\/wp-content\/uploads\/2025\/06\/CNA-MAURITANIA-Equilibre-nutri-300x240.jpg 300w, https:\/\/cna-mauritania.com\/wp-content\/uploads\/2025\/06\/CNA-MAURITANIA-Equilibre-nutri-15x12.jpg 15w\" sizes=\"auto, (max-width: 550px) 100vw, 550px\" \/>\t\t\t<\/div>\r\n\t\t<\/div>\r\n\t<\/div>\r\n<\/div><\/div><\/div><\/div><\/div><div class=\"vc_row wpb_row vc_row-fluid\"><div class=\"wpb_column vc_column_container vc_col-sm-12\"><div class=\"vc_column-inner vc_custom_1581090417287\"><div class=\"wpb_wrapper\"><div class=\"\">\r\n\t<div class=\"rt-text-with-image\">\r\n\t\t<div class=\"row\">\r\n\t\t\t<div class=\"col-lg-6 col-md-6 col-sm-6 col-xs-12\">\r\n\t\t\t\t<img loading=\"lazy\" decoding=\"async\" width=\"550\" height=\"440\" src=\"https:\/\/cna-mauritania.com\/wp-content\/uploads\/2025\/06\/cna-mauritania-service-restauration-innovation.jpg\" class=\"attachment-full size-full\" alt=\"\" srcset=\"https:\/\/cna-mauritania.com\/wp-content\/uploads\/2025\/06\/cna-mauritania-service-restauration-innovation.jpg 550w, https:\/\/cna-mauritania.com\/wp-content\/uploads\/2025\/06\/cna-mauritania-service-restauration-innovation-300x240.jpg 300w, https:\/\/cna-mauritania.com\/wp-content\/uploads\/2025\/06\/cna-mauritania-service-restauration-innovation-15x12.jpg 15w\" sizes=\"auto, (max-width: 550px) 100vw, 550px\" \/>\t\t\t<\/div>\t\t\t\t\t\r\n\t\t\t<div class=\"col-lg-6 col-md-6 col-sm-6 col-xs-12\">\r\n\t\t\t\t<div class=\"rtin-text-part\">\r\n\t\t\t\t\t\t\t\t\t\t<h2 style=\"color:#000000\">Innovation at the heart of our restaurants<\/h2>\r\n\t\t\t\t\t\t\t\t\t\t<\/p>\n<p style=\"text-align: justify\"><span class=\"TextRun SCXW201697939 BCX0\" lang=\"FR-FR\" xml:lang=\"FR-FR\" data-contrast=\"none\"><span class=\"NormalTextRun SCXW201697939 BCX0\">Through its<\/span><\/span><span class=\"TextRun SCXW201697939 BCX0\" lang=\"FR-FR\" xml:lang=\"FR-FR\" data-contrast=\"none\"><span class=\"NormalTextRun SpellingErrorV2 SCXW201697939 BCX0\">smart4you program<\/span><\/span><span class=\"TextRun SCXW201697939 BCX0\" lang=\"FR-FR\" xml:lang=\"FR-FR\" data-contrast=\"none\"><span class=\"NormalTextRun SCXW201697939 BCX0\">, CNA<\/span><\/span><span class=\"TextRun SCXW201697939 BCX0\" lang=\"FR-FR\" xml:lang=\"FR-FR\" data-contrast=\"none\"><span class=\"NormalTextRun SCXW201697939 BCX0\">\u00a0<\/span><\/span><span class=\"TextRun SCXW201697939 BCX0\" lang=\"FR-FR\" xml:lang=\"FR-FR\" data-contrast=\"none\"><span class=\"NormalTextRun SpellingErrorV2 SCXW201697939 BCX0\">Mauritania<\/span><\/span><span class=\"TextRun SCXW201697939 BCX0\" lang=\"FR-FR\" xml:lang=\"FR-FR\" data-contrast=\"none\"><span class=\"NormalTextRun SCXW201697939 BCX0\">\u00a0has set up an access control system at the entrance of its restaurants and\u00a0<\/span><\/span><span class=\"TextRun SCXW201697939 BCX0\" lang=\"FR-FR\" xml:lang=\"FR-FR\" data-contrast=\"none\"><span class=\"NormalTextRun SCXW201697939 BCX0\">un\u00a0<\/span><\/span><span class=\"TextRun SCXW201697939 BCX0\" lang=\"FR-FR\" xml:lang=\"FR-FR\" data-contrast=\"none\"><span class=\"NormalTextRun SCXW201697939 BCX0\">a meal tracking system, allowing optimized management of the catering spaces for our customers (identification and control of residents, personalized access rights).<\/span><\/span><span class=\"EOP SCXW201697939 BCX0\" data-ccp-props=\"{&quot;201341983&quot;:0,&quot;335551550&quot;:6,&quot;335551620&quot;:6,&quot;335559739&quot;:160,&quot;335559740&quot;:240}\">\u00a0<\/span><\/p>\n<p>\t\t\t\t<\/div>\r\n\t\t\t<\/div>\r\n\t\t<\/div>\r\n\t<\/div>\r\n<\/div><\/div><\/div><\/div><\/div><div class=\"vc_row wpb_row vc_row-fluid vc_custom_1580200302767\"><div class=\"wpb_column vc_column_container vc_col-sm-12\"><div class=\"vc_column-inner vc_custom_1581603326815\"><div class=\"wpb_wrapper\"><div class=\"\">\n\t<div class=\"rt-vc-title rtin-section-title-left\">\n\t\t\t\t\t<h2 class=\"rt-section-title-vc\" style=\"font-size:30px; color:#222222;\">Our other areas of expertise<\/h2>\n\t\t\t<\/div>\n<\/div><\/div><\/div><\/div><\/div><div class=\"vc_row wpb_row vc_row-fluid vc_custom_1560249803264 vc_column-gap-30\"><div class=\"wpb_column vc_column_container vc_col-sm-4 vc_col-has-fill\"><div class=\"vc_column-inner vc_custom_1749631485754\"><div class=\"wpb_wrapper\">\n\t<div class=\"wpb_text_column wpb_content_element\" >\n\t\t<div class=\"wpb_wrapper\">\n\t\t\t<div class=\"eds-animate\" data-eds-entry-animation=\"zoomIn\" data-eds-entry-delay=\"0\" data-eds-entry-duration=\"1\" data-eds-entry-timing=\"linear\" data-eds-exit-animation=\"\" data-eds-exit-delay=\"\" data-eds-exit-duration=\"\" data-eds-exit-timing=\"\" data-eds-repeat-count=\"1\" data-eds-keep=\"yes\" data-eds-animate-on=\"hover\" data-eds-scroll-offset=\"\">\n<h2 style=\"text-align: center;\"><\/h2>\n<h2 style=\"text-align: center;\"><strong><a href=\"https:\/\/cna-mauritania.com\/en\/hotellerie\/\"><img loading=\"lazy\" decoding=\"async\" class=\"size-full wp-image-6634 aligncenter\" src=\"https:\/\/cna-mauritania.com\/wp-content\/uploads\/2020\/06\/CNA-MAURITANIA-expertise-picto-accomodation-h\u00f4tellerie.png\" alt=\"\" width=\"117\" height=\"52\" \/><\/a><a href=\"https:\/\/cna-mauritania.com\/en\/hotellerie\/\"><span style=\"color: #ffffff;\">Accommodation<\/span><\/a><\/strong><\/h2>\n<\/div>\n\n\t\t<\/div>\n\t<\/div>\n<\/div><\/div><\/div><div class=\"wpb_column vc_column_container vc_col-sm-4 vc_col-has-fill\"><div class=\"vc_column-inner vc_custom_1749631514914\"><div class=\"wpb_wrapper\">\n\t<div class=\"wpb_text_column wpb_content_element  vc_custom_1614763850150\" >\n\t\t<div class=\"wpb_wrapper\">\n\t\t\t<div class=\"eds-animate\" data-eds-entry-animation=\"zoomIn\" data-eds-entry-delay=\"0\" data-eds-entry-duration=\"1\" data-eds-entry-timing=\"linear\" data-eds-exit-animation=\"\" data-eds-exit-delay=\"\" data-eds-exit-duration=\"\" data-eds-exit-timing=\"\" data-eds-repeat-count=\"1\" data-eds-keep=\"yes\" data-eds-animate-on=\"hover\" data-eds-scroll-offset=\"\">\n<h2 style=\"text-align: center;\"><strong><a href=\"https:\/\/cna-mauritania.com\/en\/facility-management\/\"><img loading=\"lazy\" decoding=\"async\" class=\"aligncenter wp-image-6635\" src=\"https:\/\/cna-mauritania.com\/wp-content\/uploads\/2020\/06\/CNA-MAURITANIA-expertise-picto-facilities-management.png\" alt=\"\" width=\"81\" height=\"80\" srcset=\"https:\/\/cna-mauritania.com\/wp-content\/uploads\/2020\/06\/CNA-MAURITANIA-expertise-picto-facilities-management.png 121w, https:\/\/cna-mauritania.com\/wp-content\/uploads\/2020\/06\/CNA-MAURITANIA-expertise-picto-facilities-management-92x92.png 92w\" sizes=\"auto, (max-width: 81px) 100vw, 81px\" \/><\/a><a href=\"https:\/\/cna-mauritania.com\/en\/facility-management\/\"><span style=\"color: #ffffff;\">Facility<\/span><\/a><\/strong><br \/>\n<strong><span style=\"color: #ffffff;\"><a style=\"color: #ffffff;\" href=\"https:\/\/cna-mauritania.com\/en\/facility-management\/\">Management<\/a><\/span><\/strong><\/h2>\n<p>&nbsp;<\/p>\n<\/div>\n\n\t\t<\/div>\n\t<\/div>\n<\/div><\/div><\/div><div class=\"wpb_column vc_column_container vc_col-sm-4 vc_col-has-fill\"><div class=\"vc_column-inner vc_custom_1749657807138\"><div class=\"wpb_wrapper\">\n\t<div class=\"wpb_text_column wpb_content_element  vc_custom_1614764085148\" >\n\t\t<div class=\"wpb_wrapper\">\n\t\t\t<div class=\"eds-animate\" data-eds-entry-animation=\"zoomIn\" data-eds-entry-delay=\"0\" data-eds-entry-duration=\"1\" data-eds-entry-timing=\"linear\" data-eds-exit-animation=\"\" data-eds-exit-delay=\"\" data-eds-exit-duration=\"\" data-eds-exit-timing=\"\" data-eds-repeat-count=\"1\" data-eds-keep=\"yes\" data-eds-animate-on=\"hover\" data-eds-scroll-offset=\"\">\n<h2 style=\"text-align: center;\"><strong><a href=\"https:\/\/cna-mauritania.com\/en\/autres-services-integres\/\"><img loading=\"lazy\" decoding=\"async\" class=\"aligncenter wp-image-6839\" src=\"https:\/\/cna-mauritania.com\/wp-content\/uploads\/2020\/06\/CNA-MAURITANIA-expertise-picto-services-int\u00e9gr\u00e9s.png\" alt=\"\" width=\"59\" height=\"80\" \/><\/a><a href=\"https:\/\/cna-mauritania.com\/en\/autres-services-integres\/\"><span style=\"color: #ffffff;\">Integrated services<\/span><\/a><\/strong><\/h2>\n<p>&nbsp;<\/p>\n<\/div>\n\n\t\t<\/div>\n\t<\/div>\n<\/div><\/div><\/div><\/div>","protected":false},"excerpt":{"rendered":"La restauration, le c\u0153ur de m\u00e9tier de CNA Mauritania &nbsp; Restauration collective, Ev\u00e9nementiel, Panier repas, Snacking +3 700 000 repas servis en 2025 Achat de produits locaux 92% de satisfaction client sur la restauration en 2025* Qualit\u00e9 de service et savoir-faire culinaire CNA Mauritania propose des offres de restauration collective (3 repas par jour), \u00e9v\u00e8nementielle [...]","protected":false},"author":2,"featured_media":0,"parent":0,"menu_order":0,"comment_status":"closed","ping_status":"closed","template":"","meta":{"footnotes":""},"class_list":["post-4086","page","type-page","status-publish","hentry"],"yoast_head":"<!-- This site is optimized with the Yoast SEO plugin v27.1.1 - https:\/\/yoast.com\/product\/yoast-seo-wordpress\/ -->\n<title>Restauration - CNA Mauritania<\/title>\n<meta name=\"robots\" content=\"index, follow, max-snippet:-1, max-image-preview:large, max-video-preview:-1\" \/>\n<link rel=\"canonical\" href=\"https:\/\/cna-mauritania.com\/en\/restauration-2\/\" \/>\n<meta property=\"og:locale\" content=\"en_GB\" \/>\n<meta property=\"og:type\" content=\"article\" \/>\n<meta property=\"og:title\" content=\"Restauration - CNA Mauritania\" \/>\n<meta property=\"og:url\" content=\"https:\/\/cna-mauritania.com\/en\/restauration-2\/\" \/>\n<meta property=\"og:site_name\" content=\"CNA Mauritania\" \/>\n<meta property=\"article:modified_time\" content=\"2026-03-12T17:26:32+00:00\" \/>\n<meta property=\"og:image\" content=\"https:\/\/cna-mauritania.com\/wp-content\/uploads\/2020\/06\/CNA-MAURITANIA-expertise-picto-facilities-management.png\" \/>\n<meta name=\"twitter:card\" content=\"summary_large_image\" \/>\n<meta name=\"twitter:label1\" content=\"Estimated reading time\" \/>\n\t<meta name=\"twitter:data1\" content=\"5 minutes\" \/>\n<!-- \/ Yoast SEO plugin. -->","yoast_head_json":{"title":"Restauration - CNA Mauritania","robots":{"index":"index","follow":"follow","max-snippet":"max-snippet:-1","max-image-preview":"max-image-preview:large","max-video-preview":"max-video-preview:-1"},"canonical":"https:\/\/cna-mauritania.com\/en\/restauration-2\/","og_locale":"en_GB","og_type":"article","og_title":"Restauration - CNA Mauritania","og_url":"https:\/\/cna-mauritania.com\/en\/restauration-2\/","og_site_name":"CNA Mauritania","article_modified_time":"2026-03-12T17:26:32+00:00","og_image":[{"url":"https:\/\/cna-mauritania.com\/wp-content\/uploads\/2020\/06\/CNA-MAURITANIA-expertise-picto-facilities-management.png","type":"","width":"","height":""}],"twitter_card":"summary_large_image","twitter_misc":{"Estimated reading time":"5 minutes"},"schema":{"@context":"https:\/\/schema.org","@graph":[{"@type":"WebPage","@id":"https:\/\/cna-mauritania.com\/restauration-2\/","url":"https:\/\/cna-mauritania.com\/restauration-2\/","name":"Restauration - CNA Mauritania","isPartOf":{"@id":"https:\/\/cna-mauritania.com\/#website"},"primaryImageOfPage":{"@id":"https:\/\/cna-mauritania.com\/restauration-2\/#primaryimage"},"image":{"@id":"https:\/\/cna-mauritania.com\/restauration-2\/#primaryimage"},"thumbnailUrl":"https:\/\/cna-mauritania.com\/wp-content\/uploads\/2020\/06\/CNA-MAURITANIA-expertise-picto-facilities-management.png","datePublished":"2019-04-29T10:26:54+00:00","dateModified":"2026-03-12T17:26:32+00:00","breadcrumb":{"@id":"https:\/\/cna-mauritania.com\/restauration-2\/#breadcrumb"},"inLanguage":"en-GB","potentialAction":[{"@type":"ReadAction","target":["https:\/\/cna-mauritania.com\/restauration-2\/"]}]},{"@type":"ImageObject","inLanguage":"en-GB","@id":"https:\/\/cna-mauritania.com\/restauration-2\/#primaryimage","url":"https:\/\/cna-mauritania.com\/wp-content\/uploads\/2020\/06\/CNA-MAURITANIA-expertise-picto-facilities-management.png","contentUrl":"https:\/\/cna-mauritania.com\/wp-content\/uploads\/2020\/06\/CNA-MAURITANIA-expertise-picto-facilities-management.png"},{"@type":"BreadcrumbList","@id":"https:\/\/cna-mauritania.com\/restauration-2\/#breadcrumb","itemListElement":[{"@type":"ListItem","position":1,"name":"Accueil","item":"https:\/\/cna-mauritania.com\/"},{"@type":"ListItem","position":2,"name":"Restauration"}]},{"@type":"WebSite","@id":"https:\/\/cna-mauritania.com\/#website","url":"https:\/\/cna-mauritania.com\/","name":"CNA Mauritania","description":"Integrated Life Support Services","potentialAction":[{"@type":"SearchAction","target":{"@type":"EntryPoint","urlTemplate":"https:\/\/cna-mauritania.com\/?s={search_term_string}"},"query-input":{"@type":"PropertyValueSpecification","valueRequired":true,"valueName":"search_term_string"}}],"inLanguage":"en-GB"}]}},"_links":{"self":[{"href":"https:\/\/cna-mauritania.com\/en\/wp-json\/wp\/v2\/pages\/4086","targetHints":{"allow":["GET"]}}],"collection":[{"href":"https:\/\/cna-mauritania.com\/en\/wp-json\/wp\/v2\/pages"}],"about":[{"href":"https:\/\/cna-mauritania.com\/en\/wp-json\/wp\/v2\/types\/page"}],"author":[{"embeddable":true,"href":"https:\/\/cna-mauritania.com\/en\/wp-json\/wp\/v2\/users\/2"}],"replies":[{"embeddable":true,"href":"https:\/\/cna-mauritania.com\/en\/wp-json\/wp\/v2\/comments?post=4086"}],"version-history":[{"count":212,"href":"https:\/\/cna-mauritania.com\/en\/wp-json\/wp\/v2\/pages\/4086\/revisions"}],"predecessor-version":[{"id":46314,"href":"https:\/\/cna-mauritania.com\/en\/wp-json\/wp\/v2\/pages\/4086\/revisions\/46314"}],"wp:attachment":[{"href":"https:\/\/cna-mauritania.com\/en\/wp-json\/wp\/v2\/media?parent=4086"}],"curies":[{"name":"wp","href":"https:\/\/api.w.org\/{rel}","templated":true}]}}