{"id":3989,"date":"2019-04-19T07:53:02","date_gmt":"2019-04-19T07:53:02","guid":{"rendered":"https:\/\/www.cieptal.com\/?page_id=3989"},"modified":"2026-03-26T11:34:05","modified_gmt":"2026-03-26T11:34:05","slug":"chiffres-cles","status":"publish","type":"page","link":"https:\/\/cna-mauritania.com\/en\/chiffres-cles\/","title":{"rendered":"Key figures"},"content":{"rendered":"<div data-vc-full-width=\"true\" data-vc-full-width-init=\"false\" data-vc-stretch-content=\"true\" class=\"vc_row wpb_row vc_row-fluid vc_custom_1580477823425 vc_row-o-content-middle vc_row-flex\"><div class=\"wpb_column vc_column_container vc_col-sm-1\/5\"><div class=\"vc_column-inner\"><div class=\"wpb_wrapper\"><div class=\"layout6\" style=\"\" data-color=\"\" data-hover=\"#0d496f\">\n\t<div class=\"rt-infobox-6\">\n\t\t<div class=\"rtin-info-icon\" style=\"background-color:#f4f4f4\">\n\t\t\t<i class=\"flaticon-finance-avatar\" aria-hidden=\"true\" style=\"\"><\/i>\n\t\t<\/div>\n\t\t<div class=\"rtin-info-content\">\n\t\t\t<h3 style=\"font-size: 30px;\">+790<\/h3>\n\t\t\t<p style=\"font-size: 22px;\">employees<br \/>\nin 2026<\/p>\n\t\t<\/div>\n\t<\/div>\n<\/div>\n<div class=\"clear\"><\/div><\/div><\/div><\/div><div class=\"wpb_column vc_column_container vc_col-sm-1\/5\"><div class=\"vc_column-inner\"><div class=\"wpb_wrapper\"><div class=\"layout6\" style=\"\" data-color=\"\" data-hover=\"#0d496f\">\n\t<div class=\"rt-infobox-6\">\n\t\t<div class=\"rtin-info-icon\" style=\"background-color:#f4f4f4\">\n\t\t\t<i class=\"flaticon-custom-target\" aria-hidden=\"true\" style=\"\"><\/i>\n\t\t<\/div>\n\t\t<div class=\"rtin-info-content\">\n\t\t\t<h3 style=\"font-size: 30px;\">93%<\/h3>\n\t\t\t<p style=\"font-size: 22px;\">customer<br \/>\nsatisfaction<a href=\"https:\/\/cna-mauritania.com\/en\/chiffres-cles\/\">*<\/a><\/p>\n\t\t<\/div>\n\t<\/div>\n<\/div>\n<div class=\"clear\"><\/div><\/div><\/div><\/div><div class=\"wpb_column vc_column_container vc_col-sm-1\/5\"><div class=\"vc_column-inner\"><div class=\"wpb_wrapper\"><div class=\"layout6\" style=\"\" data-color=\"\" data-hover=\"#0d496f\">\n\t<div class=\"rt-infobox-6\">\n\t\t<div class=\"rtin-info-icon\" style=\"background-color:#f4f4f4\">\n\t\t\t<i class=\"flaticon-custom-commerce\" aria-hidden=\"true\" style=\"\"><\/i>\n\t\t<\/div>\n\t\t<div class=\"rtin-info-content\">\n\t\t\t<h3 style=\"font-size: 30px;\">+3 700 000<\/h3>\n\t\t\t<p style=\"font-size: 22px;\">meals served<br \/>\nin 2025<\/p>\n\t\t<\/div>\n\t<\/div>\n<\/div>\n<div class=\"clear\"><\/div><\/div><\/div><\/div><div class=\"wpb_column vc_column_container vc_col-sm-1\/5\"><div class=\"vc_column-inner\"><div class=\"wpb_wrapper\"><div class=\"layout6\" style=\"\" data-color=\"\" data-hover=\"#0d496f\">\n\t<div class=\"rt-infobox-6\">\n\t\t<div class=\"rtin-info-icon\" style=\"background-color:#f4f4f4\">\n\t\t\t<i class=\"fa fa-check-square-o\" aria-hidden=\"true\" style=\"\"><\/i>\n\t\t<\/div>\n\t\t<div class=\"rtin-info-content\">\n\t\t\t<h3 style=\"font-size: 30px;\">Control<\/h3>\n\t\t\t<p style=\"font-size: 22px;\" class=\"translation-block\">of the economic<br>\nand social context<\/p>\n\t\t<\/div>\n\t<\/div>\n<\/div>\n<div class=\"clear\"><\/div><\/div><\/div><\/div><div class=\"wpb_column vc_column_container vc_col-sm-1\/5\"><div class=\"vc_column-inner\"><div class=\"wpb_wrapper\"><div class=\"layout6\" style=\"\" data-color=\"\" data-hover=\"#0d496f\">\n\t<div class=\"rt-infobox-6\">\n\t\t<div class=\"rtin-info-icon\" style=\"background-color:#f4f4f4\">\n\t\t\t<i class=\"flaticon-sam-screen\" aria-hidden=\"true\" style=\"\"><\/i>\n\t\t<\/div>\n\t\t<div class=\"rtin-info-content\">\n\t\t\t<h3 style=\"font-size: 30px;\">4,550 hours<\/h3>\n\t\t\t<p style=\"font-size: 22px;\">of training<br \/>\nin 2025<\/p>\n\t\t<\/div>\n\t<\/div>\n<\/div>\n<div class=\"clear\"><\/div><\/div><\/div><\/div><\/div><div class=\"vc_row-full-width vc_clearfix\"><\/div><div data-vc-full-width=\"true\" data-vc-full-width-init=\"false\" data-vc-stretch-content=\"true\" data-vc-parallax=\"1\" data-vc-parallax-image=\"https:\/\/cna-mauritania.com\/wp-content\/uploads\/2025\/06\/photo-femmes-equipe-managers-couleur-scaled.jpg\" class=\"vc_row wpb_row vc_row-fluid vc_custom_1749816871405 vc_row-has-fill vc_general vc_parallax vc_parallax-content-moving\"><div class=\"wpb_column vc_column_container vc_col-sm-12\"><div class=\"vc_column-inner vc_custom_1580477431508\"><div class=\"wpb_wrapper\"><\/div><\/div><\/div><\/div><div class=\"vc_row-full-width vc_clearfix\"><\/div><div data-vc-full-width=\"true\" data-vc-full-width-init=\"false\" data-vc-stretch-content=\"true\" class=\"vc_row wpb_row vc_row-fluid vc_row-o-content-middle vc_row-flex\"><div class=\"wpb_column vc_column_container vc_col-sm-3\"><div class=\"vc_column-inner\"><div class=\"wpb_wrapper\"><div class=\"layout6\" style=\"\" data-color=\"\" data-hover=\"#0d496f\">\n\t<div class=\"rt-infobox-6\">\n\t\t<div class=\"rtin-info-icon\" style=\"background-color:#f4f4f4\">\n\t\t\t<i class=\"flaticon-custom-share\" aria-hidden=\"true\" style=\"\"><\/i>\n\t\t<\/div>\n\t\t<div class=\"rtin-info-content\">\n\t\t\t<h3 style=\"font-size: 30px;\">Double certification<\/h3>\n\t\t\t<p style=\"font-size: 22px;\">ISO 9001,<br \/>\nISO 45001<\/p>\n\t\t<\/div>\n\t<\/div>\n<\/div>\n<div class=\"clear\"><\/div><\/div><\/div><\/div><div class=\"wpb_column vc_column_container vc_col-sm-3\"><div class=\"vc_column-inner\"><div class=\"wpb_wrapper\"><div class=\"layout6\" style=\"\" data-color=\"\" data-hover=\"#0d496f\">\n\t<div class=\"rt-infobox-6\">\n\t\t<div class=\"rtin-info-icon\" style=\"background-color:#f4f4f4\">\n\t\t\t<i class=\"flaticon-sam-placeholder\" aria-hidden=\"true\" style=\"\"><\/i>\n\t\t<\/div>\n\t\t<div class=\"rtin-info-content\">\n\t\t\t<h3 style=\"font-size: 30px;\">Since 2011<\/h3>\n\t\t\t<p style=\"font-size: 22px;\">presence in<br \/>\nMauritania<\/p>\n\t\t<\/div>\n\t<\/div>\n<\/div>\n<div class=\"clear\"><\/div><\/div><\/div><\/div><div class=\"wpb_column vc_column_container vc_col-sm-3\"><div class=\"vc_column-inner\"><div class=\"wpb_wrapper\"><div class=\"layout6\" style=\"\" data-color=\"\" data-hover=\"#0d496f\">\n\t<div class=\"rt-infobox-6\">\n\t\t<div class=\"rtin-info-icon\" style=\"background-color:#f4f4f4\">\n\t\t\t<i class=\"flaticon-custom-handshake\" aria-hidden=\"true\" style=\"\"><\/i>\n\t\t<\/div>\n\t\t<div class=\"rtin-info-content\">\n\t\t\t<h3 style=\"font-size: 30px;\">+97%<\/h3>\n\t\t\t<p style=\"font-size: 22px;\">Local employment<br \/>\nin 2025<\/p>\n\t\t<\/div>\n\t<\/div>\n<\/div>\n<div class=\"clear\"><\/div><\/div><\/div><\/div><div class=\"wpb_column vc_column_container vc_col-sm-3\"><div class=\"vc_column-inner\"><div class=\"wpb_wrapper\"><div class=\"layout6\" style=\"\" data-color=\"\" data-hover=\"#0d496f\">\n\t<div class=\"rt-infobox-6\">\n\t\t<div class=\"rtin-info-icon\" style=\"background-color:#f4f4f4\">\n\t\t\t<i class=\"flaticon-sam-trophy\" aria-hidden=\"true\" style=\"\"><\/i>\n\t\t<\/div>\n\t\t<div class=\"rtin-info-content\">\n\t\t\t<h3 style=\"font-size: 30px;\">+10 000 000<\/h3>\n\t\t\t<p style=\"font-size: 22px;\">working hours<br \/>\nwithout LTI in 2022<\/p>\n\t\t<\/div>\n\t<\/div>\n<\/div>\n<div class=\"clear\"><\/div><\/div><\/div><\/div><\/div><div class=\"vc_row-full-width vc_clearfix\"><\/div><div data-vc-full-width=\"true\" data-vc-full-width-init=\"false\" data-vc-stretch-content=\"true\" data-vc-parallax=\"1\" data-vc-parallax-image=\"https:\/\/cna-mauritania.com\/wp-content\/uploads\/2025\/06\/photo-equipe-managers-1-scaled.jpg\" class=\"vc_row wpb_row vc_row-fluid vc_custom_1749816849284 vc_row-has-fill vc_general vc_parallax vc_parallax-content-moving\"><div class=\"wpb_column vc_column_container vc_col-sm-12\"><div class=\"vc_column-inner vc_custom_1580477431508\"><div class=\"wpb_wrapper\"><\/div><\/div><\/div><\/div><div class=\"vc_row-full-width vc_clearfix\"><\/div><div data-vc-full-width=\"true\" data-vc-full-width-init=\"false\" data-vc-stretch-content=\"true\" data-vc-parallax=\"1\" class=\"vc_row wpb_row vc_row-fluid vc_custom_1749724026783 vc_row-has-fill vc_general vc_parallax vc_parallax-content-moving\"><div class=\"wpb_column vc_column_container vc_col-sm-12\"><div class=\"vc_column-inner\"><div class=\"wpb_wrapper\">\n\t<div class=\"wpb_text_column wpb_content_element\" >\n\t\t<div class=\"wpb_wrapper\">\n\t\t\t<p style=\"text-align: center;\">Data collected from 1 January to 31 December 2025 across our clients\u2019 operational sites Kinross Tasiast and BP Tortue, based on 192,332 feedback entries across all service areas.<\/p>\n<p style=\"text-align: center;\">*Internal indicators based on data collected as of 31 December 2025.<\/p>\n<p style=\"text-align: center;\"><span data-teams=\"true\">\u00a0*Percentage of local employment in 2026 based on contracts in Mauritania.<\/span><\/p>\n\n\t\t<\/div>\n\t<\/div>\n<\/div><\/div><\/div><\/div><div class=\"vc_row-full-width vc_clearfix\"><\/div><div class=\"vc_row wpb_row vc_row-fluid vc_custom_1749724075917\"><div class=\"wpb_column vc_column_container vc_col-sm-12\"><div class=\"vc_column-inner\"><div class=\"wpb_wrapper\"><div class=\"\">\n\t<div class=\"rt-vc-title rtin-section-title-left\">\n\t\t\t\t\t<h2 class=\"rt-section-title-vc\" style=\"font-size:30px; color:#222222;\">Learn more<\/h2>\n\t\t\t<\/div>\n<\/div><\/div><\/div><\/div><\/div><div class=\"vc_row wpb_row vc_row-fluid vc_custom_1558541112190 vc_column-gap-30\"><div class=\"wpb_column vc_column_container vc_col-sm-4 vc_col-has-fill\"><div class=\"vc_column-inner vc_custom_1749657615534\"><div class=\"wpb_wrapper\">\n\t<div class=\"wpb_text_column wpb_content_element\" >\n\t\t<div class=\"wpb_wrapper\">\n\t\t\t<div class=\"eds-animate\" data-eds-entry-animation=\"zoomIn\" data-eds-entry-delay=\"0\" data-eds-entry-duration=\"1\" data-eds-entry-timing=\"linear\" data-eds-exit-animation=\"\" data-eds-exit-delay=\"\" data-eds-exit-duration=\"\" data-eds-exit-timing=\"\" data-eds-repeat-count=\"1\" data-eds-keep=\"yes\" data-eds-animate-on=\"hover\" data-eds-scroll-offset=\"\">\n<h2 style=\"text-align: center;\"><a href=\"https:\/\/cna-mauritania.com\/en\/presentation\/\"><span style=\"color: #ffffff;\"><strong>Presentation<\/strong><\/span><\/a><\/h2>\n<\/div>\n\n\t\t<\/div>\n\t<\/div>\n<\/div><\/div><\/div><div class=\"wpb_column vc_column_container vc_col-sm-4 vc_col-has-fill\"><div class=\"vc_column-inner vc_custom_1749657628459\"><div class=\"wpb_wrapper\">\n\t<div class=\"wpb_text_column wpb_content_element\" >\n\t\t<div class=\"wpb_wrapper\">\n\t\t\t<div class=\"eds-animate\" data-eds-entry-animation=\"zoomIn\" data-eds-entry-delay=\"0\" data-eds-entry-duration=\"1\" data-eds-entry-timing=\"linear\" data-eds-exit-animation=\"\" data-eds-exit-delay=\"\" data-eds-exit-duration=\"\" data-eds-exit-timing=\"\" data-eds-repeat-count=\"1\" data-eds-keep=\"yes\" data-eds-animate-on=\"hover\" data-eds-scroll-offset=\"\">\n<h2 style=\"text-align: center;\"><a href=\"https:\/\/cna-mauritania.com\/en\/recompenses\/\"><span style=\"color: #ffffff;\"><strong>Awards<\/strong><\/span><\/a><\/h2>\n<\/div>\n\n\t\t<\/div>\n\t<\/div>\n<\/div><\/div><\/div><div class=\"wpb_column vc_column_container vc_col-sm-4 vc_col-has-fill\"><div class=\"vc_column-inner vc_custom_1749657648462\"><div class=\"wpb_wrapper\">\n\t<div class=\"wpb_text_column wpb_content_element\" >\n\t\t<div class=\"wpb_wrapper\">\n\t\t\t<div class=\"eds-animate\" data-eds-entry-animation=\"zoomIn\" data-eds-entry-delay=\"0\" data-eds-entry-duration=\"1\" data-eds-entry-timing=\"linear\" data-eds-exit-animation=\"\" data-eds-exit-delay=\"\" data-eds-exit-duration=\"\" data-eds-exit-timing=\"\" data-eds-repeat-count=\"1\" data-eds-keep=\"yes\" data-eds-animate-on=\"hover\" data-eds-scroll-offset=\"\">\n<h2 style=\"text-align: center;\"><a href=\"https:\/\/cna-mauritania.com\/en\/equipes\/\"><span style=\"color: #ffffff;\"><strong>Teams<\/strong><\/span><\/a><\/h2>\n<\/div>\n\n\t\t<\/div>\n\t<\/div>\n<\/div><\/div><\/div><\/div>","protected":false},"excerpt":{"rendered":"+790 employ\u00e9s en 2026 93% de satisfaction client* +3 700 000 repas servis en 2025 Ma\u00eetrise du contexte \u00e9conomique et social 4 550 heures de formation en 2025 Double certification ISO 9001, ISO 45001 Depuis 2011 pr\u00e9sence en Mauritanie +97% d'emploi local en 2025 +10 000 000 heures de travail sans LTI en 2022 * [...]","protected":false},"author":2,"featured_media":0,"parent":0,"menu_order":0,"comment_status":"closed","ping_status":"closed","template":"","meta":{"footnotes":""},"class_list":["post-3989","page","type-page","status-publish","hentry"],"yoast_head":"<!-- This site is optimized with the Yoast SEO plugin v27.5 - https:\/\/yoast.com\/product\/yoast-seo-wordpress\/ -->\n<title>Chiffres cl\u00e9s - CNA Mauritania<\/title>\n<meta name=\"robots\" content=\"index, follow, max-snippet:-1, max-image-preview:large, max-video-preview:-1\" \/>\n<link rel=\"canonical\" href=\"https:\/\/cna-mauritania.com\/en\/chiffres-cles\/\" \/>\n<meta property=\"og:locale\" content=\"en_GB\" \/>\n<meta property=\"og:type\" content=\"article\" \/>\n<meta property=\"og:title\" content=\"Chiffres cl\u00e9s - CNA Mauritania\" \/>\n<meta property=\"og:url\" content=\"https:\/\/cna-mauritania.com\/en\/chiffres-cles\/\" \/>\n<meta property=\"og:site_name\" content=\"CNA Mauritania\" \/>\n<meta property=\"article:modified_time\" content=\"2026-03-26T11:34:05+00:00\" \/>\n<meta name=\"twitter:card\" content=\"summary_large_image\" \/>\n<meta name=\"twitter:label1\" content=\"Estimated reading time\" \/>\n\t<meta name=\"twitter:data1\" content=\"2 minutes\" \/>\n<!-- \/ Yoast SEO plugin. -->","yoast_head_json":{"title":"Chiffres cl\u00e9s - CNA Mauritania","robots":{"index":"index","follow":"follow","max-snippet":"max-snippet:-1","max-image-preview":"max-image-preview:large","max-video-preview":"max-video-preview:-1"},"canonical":"https:\/\/cna-mauritania.com\/en\/chiffres-cles\/","og_locale":"en_GB","og_type":"article","og_title":"Chiffres cl\u00e9s - CNA Mauritania","og_url":"https:\/\/cna-mauritania.com\/en\/chiffres-cles\/","og_site_name":"CNA Mauritania","article_modified_time":"2026-03-26T11:34:05+00:00","twitter_card":"summary_large_image","twitter_misc":{"Estimated reading time":"2 minutes"},"schema":{"@context":"https:\/\/schema.org","@graph":[{"@type":"WebPage","@id":"https:\/\/cna-mauritania.com\/chiffres-cles\/","url":"https:\/\/cna-mauritania.com\/chiffres-cles\/","name":"Chiffres cl\u00e9s - CNA Mauritania","isPartOf":{"@id":"https:\/\/cna-mauritania.com\/#website"},"datePublished":"2019-04-19T07:53:02+00:00","dateModified":"2026-03-26T11:34:05+00:00","breadcrumb":{"@id":"https:\/\/cna-mauritania.com\/chiffres-cles\/#breadcrumb"},"inLanguage":"en-GB","potentialAction":[{"@type":"ReadAction","target":["https:\/\/cna-mauritania.com\/chiffres-cles\/"]}]},{"@type":"BreadcrumbList","@id":"https:\/\/cna-mauritania.com\/chiffres-cles\/#breadcrumb","itemListElement":[{"@type":"ListItem","position":1,"name":"Accueil","item":"https:\/\/cna-mauritania.com\/"},{"@type":"ListItem","position":2,"name":"Chiffres cl\u00e9s"}]},{"@type":"WebSite","@id":"https:\/\/cna-mauritania.com\/#website","url":"https:\/\/cna-mauritania.com\/","name":"CNA Mauritania","description":"Integrated Life Support Services","potentialAction":[{"@type":"SearchAction","target":{"@type":"EntryPoint","urlTemplate":"https:\/\/cna-mauritania.com\/?s={search_term_string}"},"query-input":{"@type":"PropertyValueSpecification","valueRequired":true,"valueName":"search_term_string"}}],"inLanguage":"en-GB"}]}},"_links":{"self":[{"href":"https:\/\/cna-mauritania.com\/en\/wp-json\/wp\/v2\/pages\/3989","targetHints":{"allow":["GET"]}}],"collection":[{"href":"https:\/\/cna-mauritania.com\/en\/wp-json\/wp\/v2\/pages"}],"about":[{"href":"https:\/\/cna-mauritania.com\/en\/wp-json\/wp\/v2\/types\/page"}],"author":[{"embeddable":true,"href":"https:\/\/cna-mauritania.com\/en\/wp-json\/wp\/v2\/users\/2"}],"replies":[{"embeddable":true,"href":"https:\/\/cna-mauritania.com\/en\/wp-json\/wp\/v2\/comments?post=3989"}],"version-history":[{"count":244,"href":"https:\/\/cna-mauritania.com\/en\/wp-json\/wp\/v2\/pages\/3989\/revisions"}],"predecessor-version":[{"id":46324,"href":"https:\/\/cna-mauritania.com\/en\/wp-json\/wp\/v2\/pages\/3989\/revisions\/46324"}],"wp:attachment":[{"href":"https:\/\/cna-mauritania.com\/en\/wp-json\/wp\/v2\/media?parent=3989"}],"curies":[{"name":"wp","href":"https:\/\/api.w.org\/{rel}","templated":true}]}}