{"id":3771,"date":"2019-04-03T15:40:49","date_gmt":"2019-04-03T15:40:49","guid":{"rendered":"https:\/\/www.cieptal.com\/?page_id=3771"},"modified":"2025-06-16T11:23:08","modified_gmt":"2025-06-16T11:23:08","slug":"mot-du-directeur-general","status":"publish","type":"page","link":"https:\/\/cna-mauritania.com\/en\/mot-du-directeur-general\/","title":{"rendered":"Managing Director Statement"},"content":{"rendered":"<div data-vc-full-width=\"true\" data-vc-full-width-init=\"false\" data-vc-parallax=\"1\" data-vc-parallax-image=\"https:\/\/cna-mauritania.com\/wp-content\/uploads\/2025\/06\/photo-femmes-equipe-managers-scaled.jpg\" class=\"vc_row wpb_row vc_row-fluid vc_custom_1750072963121 vc_row-has-fill vc_row-o-content-middle vc_row-flex vc_general vc_parallax vc_parallax-content-moving\"><div class=\"wpb_column vc_column_container vc_col-sm-12\"><div class=\"vc_column-inner vc_custom_1580197955954\"><div class=\"wpb_wrapper\">\n\t<div class=\"wpb_text_column wpb_content_element\" >\n\t\t<div class=\"wpb_wrapper\">\n\t\t\t<h2 style=\"text-align: center;\" class=\"translation-block\"><span style=\"color: #ffffff\"><strong>I<\/strong>ntegrity\u00a0 <strong>R<\/strong>esponsibility\u00a0 <strong>R<\/strong>espect\u00a0 <strong>E<\/strong>xcellence\u00a0 <strong>T<\/strong>eam spirit<\/span><\/h2>\n\n\t\t<\/div>\n\t<\/div>\n<\/div><\/div><\/div><\/div><div class=\"vc_row-full-width vc_clearfix\"><\/div><div class=\"vc_row wpb_row vc_row-fluid\"><div class=\"wpb_column vc_column_container vc_col-sm-4\"><div class=\"vc_column-inner\"><div class=\"wpb_wrapper\">\n\t<div  class=\"wpb_single_image wpb_content_element vc_align_left\">\n\t\t\n\t\t<figure class=\"wpb_wrapper vc_figure\">\n\t\t\t<div class=\"vc_single_image-wrapper   vc_box_border_grey\"><img loading=\"lazy\" decoding=\"async\" width=\"1700\" height=\"2552\" src=\"https:\/\/cna-mauritania.com\/wp-content\/uploads\/2025\/06\/CNA-mauritania-directeur-general-Christian.jpg\" class=\"vc_single_image-img attachment-full\" alt=\"\" title=\"CNA-mauritania-directeur-general-Christian\" srcset=\"https:\/\/cna-mauritania.com\/wp-content\/uploads\/2025\/06\/CNA-mauritania-directeur-general-Christian.jpg 1700w, https:\/\/cna-mauritania.com\/wp-content\/uploads\/2025\/06\/CNA-mauritania-directeur-general-Christian-200x300.jpg 200w, https:\/\/cna-mauritania.com\/wp-content\/uploads\/2025\/06\/CNA-mauritania-directeur-general-Christian-682x1024.jpg 682w, https:\/\/cna-mauritania.com\/wp-content\/uploads\/2025\/06\/CNA-mauritania-directeur-general-Christian-768x1153.jpg 768w, https:\/\/cna-mauritania.com\/wp-content\/uploads\/2025\/06\/CNA-mauritania-directeur-general-Christian-1023x1536.jpg 1023w, https:\/\/cna-mauritania.com\/wp-content\/uploads\/2025\/06\/CNA-mauritania-directeur-general-Christian-1364x2048.jpg 1364w, https:\/\/cna-mauritania.com\/wp-content\/uploads\/2025\/06\/CNA-mauritania-directeur-general-Christian-8x12.jpg 8w\" sizes=\"auto, (max-width: 1700px) 100vw, 1700px\" \/><\/div>\n\t\t<\/figure>\n\t<\/div>\n<\/div><\/div><\/div><div class=\"wpb_column vc_column_container vc_col-sm-8\"><div class=\"vc_column-inner\"><div class=\"wpb_wrapper\"><div class=\"\">\n\t<div class=\"rt-vc-title rtin-section-title-left\">\n\t\t\t\t\t<h2 class=\"rt-section-title-vc\" style=\"font-size:30px; color:#222222;\">CNA Mauritania, your partner of excellence in integrated services<\/h2>\n\t\t\t<\/div>\n<\/div>\n\t<div class=\"wpb_text_column wpb_content_element\" >\n\t\t<div class=\"wpb_wrapper\">\n\t\t\t<p>Since 2011, CNA Mauritania has been supporting leading companies in Mauritania, such as Kinross and, more recently, BP, by providing catering, facilities management, and much more. Whether for onshore or offshore projects, we are committed to delivering tailored and innovative solutions that meet the unique requirements of each client.<\/p>\n<p>Our extensive experience across diverse environments\u2014from the Tasiast mining site to offshore platforms and urban facilities\u2014enables us to ensure impeccable service quality. By combining operational expertise with a deep understanding of the specific needs of each sector, we provide uninterrupted services that are critical to the safety and efficiency of our clients' operations.<\/p>\n<p>Safety is a core value at CNA Mauritania, exemplified by our \"No one gets hurt\" program and our ISO 9001 and ISO 45001 certifications. We ensure that every employee is trained to prevent risks and that our services adhere to the highest quality and safety standards.<\/p>\n<p>CNA Mauritania is deeply committed to local development, promoting employment and training for Mauritanian talent. We support local growth through our partnership with the Nouakchott Hospitality and Tourism School and prioritize local sourcing to strengthen the Mauritanian economy.<\/p>\n<p>We place a strong emphasis on incorporating sustainable practices and continuously innovating to address our clients\u2019 evolving needs. Our ability to adapt to the specific challenges of each project enables us to remain a trusted partner.<\/p>\n<p style=\"text-align: justify;\"><span style=\"color: #000000;\"><strong>Christian Logan NORGAARD<br \/>\n<\/strong><\/span><strong>Managing Director, CNA Mauritania &amp; Regional Managing Director<\/strong><\/p>\n\n\t\t<\/div>\n\t<\/div>\n<\/div><\/div><\/div><\/div><div class=\"vc_row wpb_row vc_row-fluid vc_custom_1580725246167\"><div class=\"wpb_column vc_column_container vc_col-sm-2\"><div class=\"vc_column-inner\"><div class=\"wpb_wrapper\">\n\t<div  class=\"wpb_single_image wpb_content_element vc_align_right\">\n\t\t\n\t\t<figure class=\"wpb_wrapper vc_figure\">\n\t\t\t<div class=\"vc_single_image-wrapper   vc_box_border_grey\"><img loading=\"lazy\" decoding=\"async\" width=\"139\" height=\"168\" src=\"https:\/\/cna-mauritania.com\/wp-content\/uploads\/2019\/04\/Guillements-bleu-gauche-v-e1580723951685.png\" class=\"vc_single_image-img attachment-medium\" alt=\"\" title=\"Guillements-bleu - gauche v\" \/><\/div>\n\t\t<\/figure>\n\t<\/div>\n<\/div><\/div><\/div><div class=\"wpb_column vc_column_container vc_col-sm-8\"><div class=\"vc_column-inner\"><div class=\"wpb_wrapper\">\n\t<div class=\"wpb_text_column wpb_content_element  vc_custom_1592580729056\" >\n\t\t<div class=\"wpb_wrapper\">\n\t\t\t<h2 style=\"text-align: center;\" class=\"translation-block\"><span style=\"color: #000000\"><strong><em>Adaptability, innovation and social responsibility <\/em><\/strong><strong><em>at the heart of our business <\/em><\/strong><\/span><\/h2>\n\n\t\t<\/div>\n\t<\/div>\n<\/div><\/div><\/div><div class=\"wpb_column vc_column_container vc_col-sm-2\"><div class=\"vc_column-inner\"><div class=\"wpb_wrapper\">\n\t<div  class=\"wpb_single_image wpb_content_element vc_align_left\">\n\t\t\n\t\t<figure class=\"wpb_wrapper vc_figure\">\n\t\t\t<div class=\"vc_single_image-wrapper   vc_box_border_grey\"><img loading=\"lazy\" decoding=\"async\" width=\"127\" height=\"145\" src=\"https:\/\/cna-mauritania.com\/wp-content\/uploads\/2019\/04\/Guillements-bleu-droit-v-e1580723872992.png\" class=\"vc_single_image-img attachment-medium\" alt=\"\" title=\"Guillements-bleu - droit v\" \/><\/div>\n\t\t<\/figure>\n\t<\/div>\n<\/div><\/div><\/div><\/div><div class=\"vc_row wpb_row vc_row-fluid\"><div class=\"wpb_column vc_column_container vc_col-sm-12\"><div class=\"vc_column-inner vc_custom_1580725099525\"><div class=\"wpb_wrapper\"><div class=\"\">\n\t<div class=\"rt-vc-title rtin-section-title-left\">\n\t\t\t\t\t<h2 class=\"rt-section-title-vc\" style=\"font-size:30px; color:#222222;\">Learn more<\/h2>\n\t\t\t<\/div>\n<\/div><\/div><\/div><\/div><\/div><div class=\"vc_row wpb_row vc_row-fluid vc_custom_1558541026677 vc_column-gap-30\"><div class=\"wpb_column vc_column_container vc_col-sm-4 vc_col-has-fill\"><div class=\"vc_column-inner vc_custom_1749657542790\"><div class=\"wpb_wrapper\">\n\t<div class=\"wpb_text_column wpb_content_element\" >\n\t\t<div class=\"wpb_wrapper\">\n\t\t\t<div class=\"eds-animate\" data-eds-entry-animation=\"zoomIn\" data-eds-entry-delay=\"0\" data-eds-entry-duration=\"1\" data-eds-entry-timing=\"linear\" data-eds-exit-animation=\"\" data-eds-exit-delay=\"\" data-eds-exit-duration=\"\" data-eds-exit-timing=\"\" data-eds-repeat-count=\"1\" data-eds-keep=\"yes\" data-eds-animate-on=\"hover\" data-eds-scroll-offset=\"\">\n<h2 style=\"text-align: center;\"><a href=\"https:\/\/cna-mauritania.com\/en\/presentation\/\"><span style=\"color: #ffffff;\"><strong>Presentation<\/strong><\/span><\/a><\/h2>\n<\/div>\n\n\t\t<\/div>\n\t<\/div>\n<\/div><\/div><\/div><div class=\"wpb_column vc_column_container vc_col-sm-4 vc_col-has-fill\"><div class=\"vc_column-inner vc_custom_1749657552589\"><div class=\"wpb_wrapper\">\n\t<div class=\"wpb_text_column wpb_content_element\" >\n\t\t<div class=\"wpb_wrapper\">\n\t\t\t<div class=\"eds-animate\" data-eds-entry-animation=\"zoomIn\" data-eds-entry-delay=\"0\" data-eds-entry-duration=\"1\" data-eds-entry-timing=\"linear\" data-eds-exit-animation=\"\" data-eds-exit-delay=\"\" data-eds-exit-duration=\"\" data-eds-exit-timing=\"\" data-eds-repeat-count=\"1\" data-eds-keep=\"yes\" data-eds-animate-on=\"hover\" data-eds-scroll-offset=\"\">\n<h2 style=\"text-align: center;\"><a href=\"https:\/\/cna-mauritania.com\/en\/chiffres-cles\/\"><span style=\"color: #ffffff;\"><strong>Key Figures<\/strong><\/span><\/a><\/h2>\n<\/div>\n\n\t\t<\/div>\n\t<\/div>\n<\/div><\/div><\/div><div class=\"wpb_column vc_column_container vc_col-sm-4 vc_col-has-fill\"><div class=\"vc_column-inner vc_custom_1749657563723\"><div class=\"wpb_wrapper\">\n\t<div class=\"wpb_text_column wpb_content_element\" >\n\t\t<div class=\"wpb_wrapper\">\n\t\t\t<div class=\"eds-animate\" data-eds-entry-animation=\"zoomIn\" data-eds-entry-delay=\"0\" data-eds-entry-duration=\"1\" data-eds-entry-timing=\"linear\" data-eds-exit-animation=\"\" data-eds-exit-delay=\"\" data-eds-exit-duration=\"\" data-eds-exit-timing=\"\" data-eds-repeat-count=\"1\" data-eds-keep=\"yes\" data-eds-animate-on=\"hover\" data-eds-scroll-offset=\"\">\n<h2 style=\"text-align: center;\"><a href=\"https:\/\/cna-mauritania.com\/en\/equipes\/\"><span style=\"color: #ffffff;\"><strong>Teams<\/strong><\/span><\/a><\/h2>\n<\/div>\n\n\t\t<\/div>\n\t<\/div>\n<\/div><\/div><\/div><\/div>","protected":false},"excerpt":{"rendered":"Int\u00e9grit\u00e9\u00a0 Responsabilit\u00e9\u00a0 Respect\u00a0 Excellence\u00a0 Esprit d\u2019\u00e9quipe CNA Mauritania, votre partenaire d\u2019excellence en services int\u00e9gr\u00e9s Depuis 2011, CNA Mauritania accompagne des entreprises de premier plan en Mauritanie, telles que Kinross ou plus r\u00e9cemment BP, en leur offrant des services de catering, de gestion des installations et bien plus encore. Que ce soit pour des projets onshore [...]","protected":false},"author":2,"featured_media":0,"parent":0,"menu_order":0,"comment_status":"closed","ping_status":"closed","template":"","meta":{"footnotes":""},"class_list":["post-3771","page","type-page","status-publish","hentry"],"yoast_head":"<!-- This site is optimized with the Yoast SEO plugin v27.1.1 - https:\/\/yoast.com\/product\/yoast-seo-wordpress\/ -->\n<title>Mot du Directeur G\u00e9n\u00e9ral - CNA Mauritania<\/title>\n<meta name=\"robots\" content=\"index, follow, max-snippet:-1, max-image-preview:large, max-video-preview:-1\" \/>\n<link rel=\"canonical\" href=\"https:\/\/cna-mauritania.com\/en\/mot-du-directeur-general\/\" \/>\n<meta property=\"og:locale\" content=\"en_GB\" \/>\n<meta property=\"og:type\" content=\"article\" \/>\n<meta property=\"og:title\" content=\"Mot du Directeur G\u00e9n\u00e9ral - CNA Mauritania\" \/>\n<meta property=\"og:url\" content=\"https:\/\/cna-mauritania.com\/en\/mot-du-directeur-general\/\" \/>\n<meta property=\"og:site_name\" content=\"CNA Mauritania\" \/>\n<meta property=\"article:modified_time\" content=\"2025-06-16T11:23:08+00:00\" \/>\n<meta name=\"twitter:card\" content=\"summary_large_image\" \/>\n<meta name=\"twitter:label1\" content=\"Estimated reading time\" \/>\n\t<meta name=\"twitter:data1\" content=\"4 minutes\" \/>\n<!-- \/ Yoast SEO plugin. -->","yoast_head_json":{"title":"Mot du Directeur G\u00e9n\u00e9ral - CNA Mauritania","robots":{"index":"index","follow":"follow","max-snippet":"max-snippet:-1","max-image-preview":"max-image-preview:large","max-video-preview":"max-video-preview:-1"},"canonical":"https:\/\/cna-mauritania.com\/en\/mot-du-directeur-general\/","og_locale":"en_GB","og_type":"article","og_title":"Mot du Directeur G\u00e9n\u00e9ral - CNA Mauritania","og_url":"https:\/\/cna-mauritania.com\/en\/mot-du-directeur-general\/","og_site_name":"CNA Mauritania","article_modified_time":"2025-06-16T11:23:08+00:00","twitter_card":"summary_large_image","twitter_misc":{"Estimated reading time":"4 minutes"},"schema":{"@context":"https:\/\/schema.org","@graph":[{"@type":"WebPage","@id":"https:\/\/cna-mauritania.com\/mot-du-directeur-general\/","url":"https:\/\/cna-mauritania.com\/mot-du-directeur-general\/","name":"Mot du Directeur G\u00e9n\u00e9ral - CNA Mauritania","isPartOf":{"@id":"https:\/\/cna-mauritania.com\/#website"},"datePublished":"2019-04-03T15:40:49+00:00","dateModified":"2025-06-16T11:23:08+00:00","breadcrumb":{"@id":"https:\/\/cna-mauritania.com\/mot-du-directeur-general\/#breadcrumb"},"inLanguage":"en-GB","potentialAction":[{"@type":"ReadAction","target":["https:\/\/cna-mauritania.com\/mot-du-directeur-general\/"]}]},{"@type":"BreadcrumbList","@id":"https:\/\/cna-mauritania.com\/mot-du-directeur-general\/#breadcrumb","itemListElement":[{"@type":"ListItem","position":1,"name":"Accueil","item":"https:\/\/cna-mauritania.com\/"},{"@type":"ListItem","position":2,"name":"Mot du Directeur G\u00e9n\u00e9ral"}]},{"@type":"WebSite","@id":"https:\/\/cna-mauritania.com\/#website","url":"https:\/\/cna-mauritania.com\/","name":"CNA Mauritania","description":"Integrated Life Support Services","potentialAction":[{"@type":"SearchAction","target":{"@type":"EntryPoint","urlTemplate":"https:\/\/cna-mauritania.com\/?s={search_term_string}"},"query-input":{"@type":"PropertyValueSpecification","valueRequired":true,"valueName":"search_term_string"}}],"inLanguage":"en-GB"}]}},"_links":{"self":[{"href":"https:\/\/cna-mauritania.com\/en\/wp-json\/wp\/v2\/pages\/3771","targetHints":{"allow":["GET"]}}],"collection":[{"href":"https:\/\/cna-mauritania.com\/en\/wp-json\/wp\/v2\/pages"}],"about":[{"href":"https:\/\/cna-mauritania.com\/en\/wp-json\/wp\/v2\/types\/page"}],"author":[{"embeddable":true,"href":"https:\/\/cna-mauritania.com\/en\/wp-json\/wp\/v2\/users\/2"}],"replies":[{"embeddable":true,"href":"https:\/\/cna-mauritania.com\/en\/wp-json\/wp\/v2\/comments?post=3771"}],"version-history":[{"count":143,"href":"https:\/\/cna-mauritania.com\/en\/wp-json\/wp\/v2\/pages\/3771\/revisions"}],"predecessor-version":[{"id":46244,"href":"https:\/\/cna-mauritania.com\/en\/wp-json\/wp\/v2\/pages\/3771\/revisions\/46244"}],"wp:attachment":[{"href":"https:\/\/cna-mauritania.com\/en\/wp-json\/wp\/v2\/media?parent=3771"}],"curies":[{"name":"wp","href":"https:\/\/api.w.org\/{rel}","templated":true}]}}