{"id":2382,"date":"2017-08-28T21:08:23","date_gmt":"2017-08-28T21:08:23","guid":{"rendered":"https:\/\/www.cieptal.com\/?page_id=2382"},"modified":"2025-06-12T08:35:51","modified_gmt":"2025-06-12T08:35:51","slug":"equipes","status":"publish","type":"page","link":"https:\/\/cna-mauritania.com\/en\/equipes\/","title":{"rendered":"Teams"},"content":{"rendered":"<div class=\"vc_row wpb_row vc_row-fluid vc_custom_1593153660249\"><div class=\"wpb_column vc_column_container vc_col-sm-12\"><div class=\"vc_column-inner\"><div class=\"wpb_wrapper\">\n\t<div class=\"wpb_text_column wpb_content_element \" >\n\t\t<div class=\"wpb_wrapper\">\n\t\t\t<h2 style=\"text-align: center;\">Des \u00e9quipes qualifi\u00e9es et motiv\u00e9es au service de nos clients. Esprit d\u2019\u00e9quipe, transparence et recherche de l\u2019excellence sont les valeurs qui animent nos collaborateurs.<\/h2>\n<h2 style=\"text-align: center;\">Nous recrutons et formons notre personnel et nos managers au quotidien pour fournir des services de qualit\u00e9 \u00e0 nos clients. CNA Mauritania est fi\u00e8re de participer \u00e0 la cr\u00e9ation d\u2019emploi sur le territoire national avec plus de 97% d\u2019emploi local.<\/h2>\n\n\t\t<\/div>\n\t<\/div>\n<\/div><\/div><\/div><\/div><div class=\"vc_row wpb_row vc_row-fluid vc_custom_1593155703154\"><div class=\"wpb_column vc_column_container vc_col-sm-12\"><div class=\"vc_column-inner\"><div class=\"wpb_wrapper\">\n\t<div  class=\"wpb_single_image wpb_content_element vc_align_left\">\n\t\t\n\t\t<figure class=\"wpb_wrapper vc_figure\">\n\t\t\t<div class=\"vc_single_image-wrapper   vc_box_border_grey\"><img loading=\"lazy\" decoding=\"async\" width=\"2560\" height=\"515\" src=\"https:\/\/cna-mauritania.com\/wp-content\/uploads\/2025\/06\/photo-equipe-managers-scaled.jpg\" class=\"vc_single_image-img attachment-full\" alt=\"\" title=\"photo equipe managers\" srcset=\"https:\/\/cna-mauritania.com\/wp-content\/uploads\/2025\/06\/photo-equipe-managers-scaled.jpg 2560w, https:\/\/cna-mauritania.com\/wp-content\/uploads\/2025\/06\/photo-equipe-managers-300x60.jpg 300w, https:\/\/cna-mauritania.com\/wp-content\/uploads\/2025\/06\/photo-equipe-managers-1024x206.jpg 1024w, https:\/\/cna-mauritania.com\/wp-content\/uploads\/2025\/06\/photo-equipe-managers-768x155.jpg 768w, https:\/\/cna-mauritania.com\/wp-content\/uploads\/2025\/06\/photo-equipe-managers-1536x309.jpg 1536w, https:\/\/cna-mauritania.com\/wp-content\/uploads\/2025\/06\/photo-equipe-managers-2048x412.jpg 2048w, https:\/\/cna-mauritania.com\/wp-content\/uploads\/2025\/06\/photo-equipe-managers-18x4.jpg 18w\" sizes=\"auto, (max-width: 2560px) 100vw, 2560px\" \/><\/div>\n\t\t<\/figure>\n\t<\/div>\n<\/div><\/div><\/div><\/div><div class=\"vc_row wpb_row vc_row-fluid\"><div class=\"wpb_column vc_column_container vc_col-sm-12\"><div class=\"vc_column-inner\"><div class=\"wpb_wrapper\"><div class=\"rt-post-vc-section-1 owl-wrap rt-owl-nav-3 \">\r\n\t\t<div class=\"section-title-content\">\r\n\t\t<div class=\"section-title\">\r\n\t\t\t<h2 class=\"section-title-holder\" style=\"color:#222222;\">Nos derni\u00e8res actualit\u00e9s des ressources humaines<\/h2>\r\n\t\t<\/div>\r\n\t\t<div class=\"owl-custom-nav owl-nav\">\r\n\t\t\t<div class=\"owl-prev\"><i class=\"fa fa-angle-left\"><\/i><\/div><div class=\"owl-next\"><i class=\"fa fa-angle-right\"><\/i><\/div>\r\n\t\t<\/div>\r\n\t\t<div class=\"owl-custom-nav-bar\"><\/div>\r\n\t\t<div class=\"clear\"><\/div>\r\n\t<\/div>\r\n\t\t<div class=\"owl-theme owl-carousel rt-owl-carousel\" data-carousel-options=\"{&quot;nav&quot;:true,&quot;navText&quot;:[&quot;&lt;i class=&#039;fa fa-angle-left&#039;&gt;&lt;\\\/i&gt;&quot;,&quot;&lt;i class=&#039;fa fa-angle-right&#039;&gt;&lt;\\\/i&gt;&quot;],&quot;dots&quot;:false,&quot;autoplay&quot;:true,&quot;autoplayTimeout&quot;:&quot;5000&quot;,&quot;autoplaySpeed&quot;:&quot;400&quot;,&quot;autoplayHoverPause&quot;:true,&quot;loop&quot;:true,&quot;margin&quot;:20,&quot;responsive&quot;:{&quot;0&quot;:{&quot;items&quot;:1},&quot;480&quot;:{&quot;items&quot;:2},&quot;768&quot;:{&quot;items&quot;:3},&quot;992&quot;:{&quot;items&quot;:3},&quot;1200&quot;:{&quot;items&quot;:3}}}\">\r\n\t\t\t\t\t\t\t\t\t<div class=\"rtin-single-post\">\r\n\t\t\t\t<div class=\"rtin-item-image\">\r\n\t\t\t\t\t<a href=\"https:\/\/cna-mauritania.com\/en\/cna-mauritania-soutient-lecole-dhotellerie-et-de-tourisme-de-nouakchott-avec-un-don-duniformes\/\">\r\n\t\t\t\t\t\t<img loading=\"lazy\" decoding=\"async\" width=\"570\" height=\"355\" src=\"https:\/\/cna-mauritania.com\/wp-content\/uploads\/2026\/01\/EHT-2025-01-e1768930289831-570x355.jpg\" class=\"img-responsive wp-post-image\" alt=\"\" \/>\t\t\t\t\t<\/a>\r\n\t\t\t\t\t\t\t\t\t\t<span class=\"date\">23 \/ 10 \/ 2025<\/span>\r\n\t\t\t\t\t\t\t\t\t<\/div>\r\n\t\t\t\t<div class=\"rtin-item-info\">\r\n\t\t\t\t\t<h3><a href=\"https:\/\/cna-mauritania.com\/en\/cna-mauritania-soutient-lecole-dhotellerie-et-de-tourisme-de-nouakchott-avec-un-don-duniformes\/\">CNA Mauritania soutient l\u2019\u00c9cole d\u2019H\u00f4tellerie et de Tourisme de Nouakchott avec un don d\u2019uniformes<\/a><\/h3>\r\n\t\t\t\t\t\t\t\t\t<\/div>\r\n\t\t\t<\/div>\r\n\t\t\t\t\t\t\t\t<div class=\"rtin-single-post\">\r\n\t\t\t\t<div class=\"rtin-item-image\">\r\n\t\t\t\t\t<a href=\"https:\/\/cna-mauritania.com\/en\/partenariat-entre-lecole-dhotellerie-et-du-tourisme-de-nouakchott-et-cna\/\">\r\n\t\t\t\t\t\t<img loading=\"lazy\" decoding=\"async\" width=\"570\" height=\"355\" src=\"https:\/\/cna-mauritania.com\/wp-content\/uploads\/2025\/06\/Lycee-Hotelier-NKC-570x355.jpg\" class=\"img-responsive wp-post-image\" alt=\"\" \/>\t\t\t\t\t<\/a>\r\n\t\t\t\t\t\t\t\t\t\t<span class=\"date\">25 \/ 04 \/ 2024<\/span>\r\n\t\t\t\t\t\t\t\t\t<\/div>\r\n\t\t\t\t<div class=\"rtin-item-info\">\r\n\t\t\t\t\t<h3><a href=\"https:\/\/cna-mauritania.com\/en\/partenariat-entre-lecole-dhotellerie-et-du-tourisme-de-nouakchott-et-cna\/\">Partenariat entre l\u2019Ecole d\u2019H\u00f4tellerie et du Tourisme de Nouakchott et CNA<\/a><\/h3>\r\n\t\t\t\t\t\t\t\t\t<\/div>\r\n\t\t\t<\/div>\r\n\t\t\t\t\t\t\t\t<div class=\"rtin-single-post\">\r\n\t\t\t\t<div class=\"rtin-item-image\">\r\n\t\t\t\t\t<a href=\"https:\/\/cna-mauritania.com\/en\/la-journee-internationale-des-droits-des-femmes-chez-cna-mauritania\/\">\r\n\t\t\t\t\t\t<img loading=\"lazy\" decoding=\"async\" width=\"570\" height=\"355\" src=\"https:\/\/cna-mauritania.com\/wp-content\/uploads\/2021\/03\/Site-droit-des-femmes-570x355.jpg\" class=\"img-responsive wp-post-image\" alt=\"\" \/>\t\t\t\t\t<\/a>\r\n\t\t\t\t\t\t\t\t\t\t<span class=\"date\">08 \/ 03 \/ 2021<\/span>\r\n\t\t\t\t\t\t\t\t\t<\/div>\r\n\t\t\t\t<div class=\"rtin-item-info\">\r\n\t\t\t\t\t<h3><a href=\"https:\/\/cna-mauritania.com\/en\/la-journee-internationale-des-droits-des-femmes-chez-cna-mauritania\/\">la Journ\u00e9e Internationale des Droits des Femmes chez CNA Mauritania<\/a><\/h3>\r\n\t\t\t\t\t\t\t\t\t<\/div>\r\n\t\t\t<\/div>\r\n\t\t\t\t\t\t\t\t<div class=\"rtin-single-post\">\r\n\t\t\t\t<div class=\"rtin-item-image\">\r\n\t\t\t\t\t<a href=\"https:\/\/cna-mauritania.com\/en\/formation-dhabilitations-electriques\/\">\r\n\t\t\t\t\t\t<img loading=\"lazy\" decoding=\"async\" width=\"570\" height=\"355\" src=\"https:\/\/cna-mauritania.com\/wp-content\/uploads\/2020\/06\/CNA-MAURITANIA-news-2018-formation-habilitations-\u00e9lectriques-570x355.jpg\" class=\"img-responsive wp-post-image\" alt=\"\" \/>\t\t\t\t\t<\/a>\r\n\t\t\t\t\t\t\t\t\t\t<span class=\"date\">19 \/ 02 \/ 2018<\/span>\r\n\t\t\t\t\t\t\t\t\t<\/div>\r\n\t\t\t\t<div class=\"rtin-item-info\">\r\n\t\t\t\t\t<h3><a href=\"https:\/\/cna-mauritania.com\/en\/formation-dhabilitations-electriques\/\">Formation d&#8217;habilitations \u00e9lectriques<\/a><\/h3>\r\n\t\t\t\t\t\t\t\t\t<\/div>\r\n\t\t\t<\/div>\r\n\t\t\t\t\t\t\t\t<div class=\"rtin-single-post\">\r\n\t\t\t\t<div class=\"rtin-item-image\">\r\n\t\t\t\t\t<a href=\"https:\/\/cna-mauritania.com\/en\/cna-diplome-ses-secouristes\/\">\r\n\t\t\t\t\t\t<img loading=\"lazy\" decoding=\"async\" width=\"570\" height=\"355\" src=\"https:\/\/cna-mauritania.com\/wp-content\/uploads\/2020\/06\/CNA-MAURITANIA-news-2017-dipl\u00f4mes-formation-de-secouristes-570x355.jpg\" class=\"img-responsive wp-post-image\" alt=\"\" \/>\t\t\t\t\t<\/a>\r\n\t\t\t\t\t\t\t\t\t\t<span class=\"date\">27 \/ 04 \/ 2017<\/span>\r\n\t\t\t\t\t\t\t\t\t<\/div>\r\n\t\t\t\t<div class=\"rtin-item-info\">\r\n\t\t\t\t\t<h3><a href=\"https:\/\/cna-mauritania.com\/en\/cna-diplome-ses-secouristes\/\">CNA dipl\u00f4me ses secouristes<\/a><\/h3>\r\n\t\t\t\t\t\t\t\t\t<\/div>\r\n\t\t\t<\/div>\r\n\t\t\t\t\t\t\t\t<div class=\"rtin-single-post\">\r\n\t\t\t\t<div class=\"rtin-item-image\">\r\n\t\t\t\t\t<a href=\"https:\/\/cna-mauritania.com\/en\/formation-de-secouriste\/\">\r\n\t\t\t\t\t\t<img loading=\"lazy\" decoding=\"async\" width=\"570\" height=\"355\" src=\"https:\/\/cna-mauritania.com\/wp-content\/uploads\/2020\/06\/CNA-MAURITANIA-news-2017-formation-de-secouristes-570x355.jpg\" class=\"img-responsive wp-post-image\" alt=\"\" \/>\t\t\t\t\t<\/a>\r\n\t\t\t\t\t\t\t\t\t\t<span class=\"date\">17 \/ 03 \/ 2017<\/span>\r\n\t\t\t\t\t\t\t\t\t<\/div>\r\n\t\t\t\t<div class=\"rtin-item-info\">\r\n\t\t\t\t\t<h3><a href=\"https:\/\/cna-mauritania.com\/en\/formation-de-secouriste\/\">Formation de secouriste<\/a><\/h3>\r\n\t\t\t\t\t\t\t\t\t<\/div>\r\n\t\t\t<\/div>\r\n\t\t\t\t\t<\/div>\r\n<\/div><\/div><\/div><\/div><\/div><div class=\"vc_row wpb_row vc_row-fluid vc_custom_1579875052166\"><div class=\"wpb_column vc_column_container vc_col-sm-12\"><div class=\"vc_column-inner\"><div class=\"wpb_wrapper\"><div class=\"\">\n\t<div class=\"rt-vc-title rtin-section-title-left\">\n\t\t\t\t\t<h2 class=\"rt-section-title-vc\" style=\"font-size:30px; color:#222222;\">En savoir plus<\/h2>\n\t\t\t<\/div>\n<\/div><\/div><\/div><\/div><\/div><div class=\"vc_row wpb_row vc_row-fluid vc_custom_1558541187104 vc_column-gap-30\"><div class=\"wpb_column vc_column_container vc_col-sm-4 vc_col-has-fill\"><div class=\"vc_column-inner vc_custom_1749717303788\"><div class=\"wpb_wrapper\">\n\t<div class=\"wpb_text_column wpb_content_element \" >\n\t\t<div class=\"wpb_wrapper\">\n\t\t\t<div class=\"eds-animate  \" data-eds-entry-animation=\"zoomIn\" data-eds-entry-delay=\"0\" data-eds-entry-duration=\"1\" data-eds-entry-timing=\"linear\" data-eds-exit-animation=\"\" data-eds-exit-delay=\"\" data-eds-exit-duration=\"\" data-eds-exit-timing=\"\" data-eds-repeat-count=\"1\" data-eds-keep=\"yes\" data-eds-animate-on=\"hover\" data-eds-scroll-offset=\"\">\n<h2 style=\"text-align: center;\"><span style=\"color: #ffffff;\"><a style=\"color: #ffffff;\" href=\"https:\/\/cna-mauritania.com\/presentation\/\"><strong>Pr\u00e9sentation<\/strong><\/a><\/span><\/h2>\n<\/div>\n\n\t\t<\/div>\n\t<\/div>\n<\/div><\/div><\/div><div class=\"wpb_column vc_column_container vc_col-sm-4 vc_col-has-fill\"><div class=\"vc_column-inner vc_custom_1749717315683\"><div class=\"wpb_wrapper\">\n\t<div class=\"wpb_text_column wpb_content_element \" >\n\t\t<div class=\"wpb_wrapper\">\n\t\t\t<div class=\"eds-animate  \" data-eds-entry-animation=\"zoomIn\" data-eds-entry-delay=\"0\" data-eds-entry-duration=\"1\" data-eds-entry-timing=\"linear\" data-eds-exit-animation=\"\" data-eds-exit-delay=\"\" data-eds-exit-duration=\"\" data-eds-exit-timing=\"\" data-eds-repeat-count=\"1\" data-eds-keep=\"yes\" data-eds-animate-on=\"hover\" data-eds-scroll-offset=\"\">\n<h2 style=\"text-align: center;\"><span style=\"color: #ffffff;\"><a style=\"color: #ffffff;\" href=\"https:\/\/cna-mauritania.com\/mot-du-directeur-general\/\"><strong>Mot du Directeur G\u00e9n\u00e9ral<\/strong><\/a><\/span><\/h2>\n<\/div>\n\n\t\t<\/div>\n\t<\/div>\n<\/div><\/div><\/div><div class=\"wpb_column vc_column_container vc_col-sm-4 vc_col-has-fill\"><div class=\"vc_column-inner vc_custom_1594029939408\"><div class=\"wpb_wrapper\">\n\t<div class=\"wpb_text_column wpb_content_element \" >\n\t\t<div class=\"wpb_wrapper\">\n\t\t\t<div class=\"eds-animate  \" data-eds-entry-animation=\"zoomIn\" data-eds-entry-delay=\"0\" data-eds-entry-duration=\"1\" data-eds-entry-timing=\"linear\" data-eds-exit-animation=\"\" data-eds-exit-delay=\"\" data-eds-exit-duration=\"\" data-eds-exit-timing=\"\" data-eds-repeat-count=\"1\" data-eds-keep=\"yes\" data-eds-animate-on=\"hover\" data-eds-scroll-offset=\"\">\n<h2 style=\"text-align: center;\"><span style=\"color: #ffffff;\"><a style=\"color: #ffffff;\" href=\"https:\/\/cna-mauritania.com\/chiffres-cles\/\"><strong>Chiffres cl\u00e9s<\/strong><\/a><\/span><\/h2>\n<\/div>\n\n\t\t<\/div>\n\t<\/div>\n<\/div><\/div><\/div><\/div>\n","protected":false},"excerpt":{"rendered":"Entre le 09 et le 16 mars 2017, un formateur qualifi\u00e9 de la soci\u00e9t\u00e9 marocaine Himaya \u00e9tait \u00e0 Tasiast pour une formation de secouriste. 75 employ\u00e9s de CNA ont assist\u00e9 \u00e0 cette formation de 12 heures. 3 grands th\u00e8mes ont \u00e9t\u00e9 mis en pratique: Comment prot\u00e9ger la victime? Comment alerter le sauvetage? Comment limiter l'aggravation [...]","protected":false},"author":3,"featured_media":0,"parent":0,"menu_order":0,"comment_status":"closed","ping_status":"closed","template":"","meta":{"footnotes":""},"class_list":["post-2382","page","type-page","status-publish","hentry"],"yoast_head":"<!-- This site is optimized with the Yoast SEO plugin v27.1.1 - https:\/\/yoast.com\/product\/yoast-seo-wordpress\/ -->\n<title>Equipes - CNA Mauritania<\/title>\n<meta name=\"robots\" content=\"index, follow, max-snippet:-1, max-image-preview:large, max-video-preview:-1\" \/>\n<link rel=\"canonical\" href=\"https:\/\/cna-mauritania.com\/en\/equipes\/\" \/>\n<meta property=\"og:locale\" content=\"en_GB\" \/>\n<meta property=\"og:type\" content=\"article\" \/>\n<meta property=\"og:title\" content=\"Equipes - CNA Mauritania\" \/>\n<meta property=\"og:url\" content=\"https:\/\/cna-mauritania.com\/en\/equipes\/\" \/>\n<meta property=\"og:site_name\" content=\"CNA Mauritania\" \/>\n<meta property=\"article:modified_time\" content=\"2025-06-12T08:35:51+00:00\" \/>\n<meta name=\"twitter:card\" content=\"summary_large_image\" \/>\n<meta name=\"twitter:label1\" content=\"Estimated reading time\" \/>\n\t<meta name=\"twitter:data1\" content=\"2 minutes\" \/>\n<!-- \/ Yoast SEO plugin. -->","yoast_head_json":{"title":"Equipes - CNA Mauritania","robots":{"index":"index","follow":"follow","max-snippet":"max-snippet:-1","max-image-preview":"max-image-preview:large","max-video-preview":"max-video-preview:-1"},"canonical":"https:\/\/cna-mauritania.com\/en\/equipes\/","og_locale":"en_GB","og_type":"article","og_title":"Equipes - CNA Mauritania","og_url":"https:\/\/cna-mauritania.com\/en\/equipes\/","og_site_name":"CNA Mauritania","article_modified_time":"2025-06-12T08:35:51+00:00","twitter_card":"summary_large_image","twitter_misc":{"Estimated reading time":"2 minutes"},"schema":{"@context":"https:\/\/schema.org","@graph":[{"@type":"WebPage","@id":"https:\/\/cna-mauritania.com\/equipes\/","url":"https:\/\/cna-mauritania.com\/equipes\/","name":"Equipes - CNA Mauritania","isPartOf":{"@id":"https:\/\/cna-mauritania.com\/#website"},"datePublished":"2017-08-28T21:08:23+00:00","dateModified":"2025-06-12T08:35:51+00:00","breadcrumb":{"@id":"https:\/\/cna-mauritania.com\/equipes\/#breadcrumb"},"inLanguage":"en-GB","potentialAction":[{"@type":"ReadAction","target":["https:\/\/cna-mauritania.com\/equipes\/"]}]},{"@type":"BreadcrumbList","@id":"https:\/\/cna-mauritania.com\/equipes\/#breadcrumb","itemListElement":[{"@type":"ListItem","position":1,"name":"Accueil","item":"https:\/\/cna-mauritania.com\/"},{"@type":"ListItem","position":2,"name":"Equipes"}]},{"@type":"WebSite","@id":"https:\/\/cna-mauritania.com\/#website","url":"https:\/\/cna-mauritania.com\/","name":"CNA Mauritania","description":"Integrated Life Support Services","potentialAction":[{"@type":"SearchAction","target":{"@type":"EntryPoint","urlTemplate":"https:\/\/cna-mauritania.com\/?s={search_term_string}"},"query-input":{"@type":"PropertyValueSpecification","valueRequired":true,"valueName":"search_term_string"}}],"inLanguage":"en-GB"}]}},"_links":{"self":[{"href":"https:\/\/cna-mauritania.com\/en\/wp-json\/wp\/v2\/pages\/2382","targetHints":{"allow":["GET"]}}],"collection":[{"href":"https:\/\/cna-mauritania.com\/en\/wp-json\/wp\/v2\/pages"}],"about":[{"href":"https:\/\/cna-mauritania.com\/en\/wp-json\/wp\/v2\/types\/page"}],"author":[{"embeddable":true,"href":"https:\/\/cna-mauritania.com\/en\/wp-json\/wp\/v2\/users\/3"}],"replies":[{"embeddable":true,"href":"https:\/\/cna-mauritania.com\/en\/wp-json\/wp\/v2\/comments?post=2382"}],"version-history":[{"count":63,"href":"https:\/\/cna-mauritania.com\/en\/wp-json\/wp\/v2\/pages\/2382\/revisions"}],"predecessor-version":[{"id":46168,"href":"https:\/\/cna-mauritania.com\/en\/wp-json\/wp\/v2\/pages\/2382\/revisions\/46168"}],"wp:attachment":[{"href":"https:\/\/cna-mauritania.com\/en\/wp-json\/wp\/v2\/media?parent=2382"}],"curies":[{"name":"wp","href":"https:\/\/api.w.org\/{rel}","templated":true}]}}