{"id":2303,"date":"2017-08-28T19:01:56","date_gmt":"2017-08-28T19:01:56","guid":{"rendered":"https:\/\/www.cieptal.com\/?page_id=2303"},"modified":"2025-06-11T15:56:45","modified_gmt":"2025-06-11T15:56:45","slug":"presentation","status":"publish","type":"page","link":"https:\/\/cna-mauritania.com\/en\/presentation\/","title":{"rendered":"Presentation"},"content":{"rendered":"<div data-vc-full-width=\"true\" data-vc-full-width-init=\"false\" data-vc-parallax=\"1\" data-vc-parallax-image=\"https:\/\/cna-mauritania.com\/wp-content\/uploads\/2020\/06\/CNA-MAURITANIA-pr\u00e9sentation-header.jpg\" class=\"vc_row wpb_row vc_row-fluid vc_row-has-fill vc_general vc_parallax vc_parallax-content-moving\"><div class=\"wpb_column vc_column_container vc_col-sm-4\"><div class=\"vc_column-inner\"><div class=\"wpb_wrapper\">\n\t<div  class=\"wpb_single_image wpb_content_element vc_align_center  vc_custom_1592579108838\">\n\t\t\n\t\t<figure class=\"wpb_wrapper vc_figure\">\n\t\t\t<div class=\"vc_single_image-wrapper   vc_box_border_grey\"><img loading=\"lazy\" decoding=\"async\" width=\"300\" height=\"131\" src=\"https:\/\/cna-mauritania.com\/wp-content\/uploads\/2020\/06\/LOGO-CNA-MAURITANIA-pr\u00e9sentation-300x131.png\" class=\"vc_single_image-img attachment-medium\" alt=\"\" title=\"LOGO-CNA-MAURITANIA-pr\u00e9sentation\" srcset=\"https:\/\/cna-mauritania.com\/wp-content\/uploads\/2020\/06\/LOGO-CNA-MAURITANIA-pr\u00e9sentation-300x131.png 300w, https:\/\/cna-mauritania.com\/wp-content\/uploads\/2020\/06\/LOGO-CNA-MAURITANIA-pr\u00e9sentation.png 448w\" sizes=\"auto, (max-width: 300px) 100vw, 300px\" \/><\/div>\n\t\t<\/figure>\n\t<\/div>\n<div class=\"vc_empty_space\"   style=\"height: 45px\"><span class=\"vc_empty_space_inner\"><\/span><\/div><\/div><\/div><\/div><div class=\"wpb_column vc_column_container vc_col-sm-8\"><div class=\"vc_column-inner\"><div class=\"wpb_wrapper\">\n\t<div class=\"wpb_text_column wpb_content_element  vc_custom_1595252462235\" >\n\t\t<div class=\"wpb_wrapper\">\n\t\t\t<h2 style=\"text-align: center;\"><span style=\"color: #ffffff;\">CNA Mauritania is the reference company in the field of catering and integrated services in Mauritania.<\/span><\/h2>\n<h2 style=\"text-align: center;\"><span style=\"color: #ffffff;\">The values we stand for: safety, responsiveness and operational excellence to meet our customers' expectations<\/span><\/h2>\n\n\t\t<\/div>\n\t<\/div>\n<\/div><\/div><\/div><\/div><div class=\"vc_row-full-width vc_clearfix\"><\/div><div data-vc-full-width=\"true\" data-vc-full-width-init=\"false\" class=\"vc_row wpb_row vc_row-fluid vc_custom_1579863909602 vc_row-has-fill\"><div class=\"wpb_column vc_column_container vc_col-sm-12\"><div class=\"vc_column-inner\"><div class=\"wpb_wrapper\"><div class=\"\">\r\n\t<div class=\"rt-text-with-image\">\r\n\t\t<div class=\"row\">\r\n\t\t\t<div class=\"col-lg-6 col-md-6 col-sm-6 col-xs-12\">\r\n\t\t\t\t<div class=\"rtin-text-part\">\r\n\t\t\t\t\t\t\t\t\t\t<h2 style=\"color:#000000\">CNA Mauritania, your partner of excellence in integrated services<\/h2>\r\n\t\t\t\t\t\t\t\t\t\tCreated in 2011, CNA Mauritania is a specialist in catering and integrated services in Mauritania and supports the KINROSS Group on the country's largest gold mine, on a remote site in the heart of the desert, which can accommodate up to 4,500 people.<\/p>\n<p>Through a wide range of remote site management and catering services, CNA Mauritania has developed turnkey solutions to bring comfort and security to residents and contribute to the performance of its customers in the daily management of their site.<\/p>\n<p>Safety, adaptability and operational excellence are CNA's Mauritania commitments to all of its partners.\t\t\t\t<\/div>\r\n\t\t\t<\/div>\r\n\t\t\t<div class=\"col-lg-6 col-md-6 col-sm-6 col-xs-12\">\r\n\t\t\t\t<img loading=\"lazy\" decoding=\"async\" width=\"1923\" height=\"1998\" src=\"https:\/\/cna-mauritania.com\/wp-content\/uploads\/2025\/06\/Carte-MR-ENG.png\" class=\"attachment-full size-full\" alt=\"\" srcset=\"https:\/\/cna-mauritania.com\/wp-content\/uploads\/2025\/06\/Carte-MR-ENG.png 1923w, https:\/\/cna-mauritania.com\/wp-content\/uploads\/2025\/06\/Carte-MR-ENG-289x300.png 289w, https:\/\/cna-mauritania.com\/wp-content\/uploads\/2025\/06\/Carte-MR-ENG-986x1024.png 986w, https:\/\/cna-mauritania.com\/wp-content\/uploads\/2025\/06\/Carte-MR-ENG-768x798.png 768w, https:\/\/cna-mauritania.com\/wp-content\/uploads\/2025\/06\/Carte-MR-ENG-1478x1536.png 1478w, https:\/\/cna-mauritania.com\/wp-content\/uploads\/2025\/06\/Carte-MR-ENG-12x12.png 12w, https:\/\/cna-mauritania.com\/wp-content\/uploads\/2025\/06\/Carte-MR-ENG-418x433.png 418w\" sizes=\"auto, (max-width: 1923px) 100vw, 1923px\" \/>\t\t\t<\/div>\r\n\t\t<\/div>\r\n\t<\/div>\r\n<\/div><\/div><\/div><\/div><\/div><div class=\"vc_row-full-width vc_clearfix\"><\/div><div class=\"vc_row wpb_row vc_row-fluid vc_custom_1579780850731 vc_row-has-fill vc_column-gap-10 vc_row-o-equal-height vc_row-flex\"><div class=\"wpb_column vc_column_container vc_col-sm-3\"><div class=\"vc_column-inner\"><div class=\"wpb_wrapper\"><div class=\"vc_row wpb_row vc_inner vc_row-fluid\"><div class=\"wpb_column vc_column_container vc_col-sm-12\"><div class=\"vc_column-inner\"><div class=\"wpb_wrapper\">\n\t<div class=\"wpb_text_column wpb_content_element\" >\n\t\t<div class=\"wpb_wrapper\">\n\t\t\t<h3 style=\"text-align: center;\"><strong>CATERING<\/strong><\/h3>\n\n\t\t<\/div>\n\t<\/div>\n\n\t<div class=\"wpb_text_column wpb_content_element  vc_custom_1593098878588\" >\n\t\t<div class=\"wpb_wrapper\">\n\t\t\t<div class=\"vc_row wpb_row vc_row-fluid\">\n<div class=\"wpb_column vc_column_container vc_col-sm-12\">\n<div class=\"vc_column-inner\">\n<div class=\"wpb_wrapper\">\n<div class=\"wpb_text_column wpb_content_element\">\n<div class=\"wpb_wrapper\">\n<p>&gt; Institutional catering<br \/>\n&gt; Remote site,<br \/>\n&gt; Events,<br \/>\n&gt; Packed Meals,<br \/>\n&gt; Snacking,<br \/>\n\u2026<\/p>\n<\/div>\n<\/div>\n<\/div>\n<\/div>\n<\/div>\n<\/div>\n\n\t\t<\/div>\n\t<\/div>\n<div class=\"vc_btn3-container vc_btn3-center vc_custom_1579794915491\" ><a onmouseleave=\"this.style.borderColor='#0d496f'; this.style.backgroundColor='transparent'; this.style.color='#0d496f'\" onmouseenter=\"this.style.borderColor='#0d496f'; this.style.backgroundColor='#0d496f'; this.style.color='#ffffff';\" style=\"border-color:#0d496f; color:#0d496f;\" class=\"vc_general vc_btn3 vc_btn3-size-md vc_btn3-shape-square vc_btn3-style-outline-custom vc_btn3-block\" href=\"https:\/\/cna-mauritania.com\/en\/restauration-2\/\" title=\"Catering\">More informations<\/a><\/div><\/div><\/div><\/div><\/div><div class=\"vc_row wpb_row vc_inner vc_row-fluid\"><div class=\"wpb_column vc_column_container vc_col-sm-12\"><div class=\"vc_column-inner\"><div class=\"wpb_wrapper\">\n\t<div class=\"wpb_text_column wpb_content_element\" >\n\t\t<div class=\"wpb_wrapper\">\n\t\t\t<h3 style=\"text-align: center;\"><strong>FACILITY MANAGEMENT<\/strong><\/h3>\n\n\t\t<\/div>\n\t<\/div>\n\n\t<div class=\"wpb_text_column wpb_content_element  vc_custom_1600680871479\" >\n\t\t<div class=\"wpb_wrapper\">\n\t\t\t<div class=\"vc_row wpb_row vc_row-fluid\">\n<div class=\"wpb_column vc_column_container vc_col-sm-12\">\n<div class=\"vc_column-inner\">\n<div class=\"wpb_wrapper\">\n<div class=\"wpb_text_column wpb_content_element\">\n<div class=\"wpb_wrapper\">\n<p>&gt; Maintenance,<br \/>\n&gt; Water treatment,<br \/>\n&gt; Pest control,<br \/>\n&#8230;<\/p>\n<\/div>\n<\/div>\n<\/div>\n<\/div>\n<\/div>\n<\/div>\n\n\t\t<\/div>\n\t<\/div>\n<div class=\"vc_btn3-container vc_btn3-center vc_custom_1579794967994\" ><a onmouseleave=\"this.style.borderColor='#0d496f'; this.style.backgroundColor='transparent'; this.style.color='#0d496f'\" onmouseenter=\"this.style.borderColor='#0d496f'; this.style.backgroundColor='#0d496f'; this.style.color='#ffffff';\" style=\"border-color:#0d496f; color:#0d496f;\" class=\"vc_general vc_btn3 vc_btn3-size-md vc_btn3-shape-square vc_btn3-style-outline-custom vc_btn3-block\" href=\"https:\/\/cna-mauritania.com\/en\/facility-management\/\" title=\"Catering\">More informations<\/a><\/div><\/div><\/div><\/div><\/div><\/div><\/div><\/div><div class=\"wpb_column vc_column_container vc_col-sm-6\"><div class=\"vc_column-inner\"><div class=\"wpb_wrapper\">\n\t<div  class=\"wpb_single_image wpb_content_element vc_align_center  vc_custom_1592579890403\">\n\t\t\n\t\t<figure class=\"wpb_wrapper vc_figure\">\n\t\t\t<div class=\"vc_single_image-wrapper   vc_box_border_grey\"><img loading=\"lazy\" decoding=\"async\" width=\"550\" height=\"549\" src=\"https:\/\/cna-mauritania.com\/wp-content\/uploads\/2020\/06\/CNA-Mauritania-presentation-montage-services.png\" class=\"vc_single_image-img attachment-large\" alt=\"\" title=\"CNA-Mauritania-presentation-montage-services\" srcset=\"https:\/\/cna-mauritania.com\/wp-content\/uploads\/2020\/06\/CNA-Mauritania-presentation-montage-services.png 550w, https:\/\/cna-mauritania.com\/wp-content\/uploads\/2020\/06\/CNA-Mauritania-presentation-montage-services-300x300.png 300w, https:\/\/cna-mauritania.com\/wp-content\/uploads\/2020\/06\/CNA-Mauritania-presentation-montage-services-150x150.png 150w, https:\/\/cna-mauritania.com\/wp-content\/uploads\/2020\/06\/CNA-Mauritania-presentation-montage-services-400x400.png 400w, https:\/\/cna-mauritania.com\/wp-content\/uploads\/2020\/06\/CNA-Mauritania-presentation-montage-services-92x92.png 92w\" sizes=\"auto, (max-width: 550px) 100vw, 550px\" \/><\/div>\n\t\t<\/figure>\n\t<\/div>\n<\/div><\/div><\/div><div class=\"wpb_column vc_column_container vc_col-sm-3\"><div class=\"vc_column-inner\"><div class=\"wpb_wrapper\"><div class=\"vc_row wpb_row vc_inner vc_row-fluid\"><div class=\"wpb_column vc_column_container vc_col-sm-12\"><div class=\"vc_column-inner\"><div class=\"wpb_wrapper\">\n\t<div class=\"wpb_text_column wpb_content_element\" >\n\t\t<div class=\"wpb_wrapper\">\n\t\t\t<h3 style=\"text-align: center;\"><strong>ACCOMMODATION<\/strong><\/h3>\n\n\t\t<\/div>\n\t<\/div>\n\n\t<div class=\"wpb_text_column wpb_content_element  vc_custom_1600680896406\" >\n\t\t<div class=\"wpb_wrapper\">\n\t\t\t<div class=\"vc_row wpb_row vc_row-fluid\">\n<div class=\"wpb_column vc_column_container vc_col-sm-12\">\n<div class=\"vc_column-inner\">\n<div class=\"wpb_wrapper\">\n<div class=\"wpb_text_column wpb_content_element\">\n<div class=\"wpb_wrapper\">\n<p>&gt; Accueil &amp; R\u00e9ception,<br \/>\n&gt; Laundry services,<br \/>\n&gt; Janitorial,<br \/>\n&gt; Conciergerie,<br \/>\n\u2026<\/p>\n<\/div>\n<\/div>\n<\/div>\n<\/div>\n<\/div>\n<\/div>\n\n\t\t<\/div>\n\t<\/div>\n<div class=\"vc_btn3-container vc_btn3-center vc_custom_1579852984476\" ><a onmouseleave=\"this.style.borderColor='#0d496f'; this.style.backgroundColor='transparent'; this.style.color='#0d496f'\" onmouseenter=\"this.style.borderColor='#0d496f'; this.style.backgroundColor='#0d496f'; this.style.color='#ffffff';\" style=\"border-color:#0d496f; color:#0d496f;\" class=\"vc_general vc_btn3 vc_btn3-size-md vc_btn3-shape-square vc_btn3-style-outline-custom vc_btn3-block\" href=\"https:\/\/cna-mauritania.com\/en\/hotellerie\/\" title=\"Catering\">More informations<\/a><\/div><\/div><\/div><\/div><\/div><div class=\"vc_row wpb_row vc_inner vc_row-fluid\"><div class=\"wpb_column vc_column_container vc_col-sm-12\"><div class=\"vc_column-inner\"><div class=\"wpb_wrapper\">\n\t<div class=\"wpb_text_column wpb_content_element\" >\n\t\t<div class=\"wpb_wrapper\">\n\t\t\t<h3 style=\"text-align: center;\"><strong>OTHER INTEGRATED SERVICES<\/strong><\/h3>\n\n\t\t<\/div>\n\t<\/div>\n\n\t<div class=\"wpb_text_column wpb_content_element  vc_custom_1593098887707\" >\n\t\t<div class=\"wpb_wrapper\">\n\t\t\t<div class=\"vc_row wpb_row vc_row-fluid\">\n<div class=\"wpb_column vc_column_container vc_col-sm-12\">\n<div class=\"vc_column-inner\">\n<div class=\"wpb_wrapper\">\n<div class=\"wpb_text_column wpb_content_element\">\n<div class=\"wpb_wrapper\">\n<p class=\"translation-block\">&gt; Sourcing &amp; Logistics,<br>\n&gt; Manpower,<br>\n&gt; Staff transportation,<br>\n&gt; Access control,<br>\n&gt; IT solutions,<br>\n&gt; Entertainment &amp; recreation services,<br>\n&gt; Superette,<br>\n\u2026<\/p>\n<\/div>\n<\/div>\n<\/div>\n<\/div>\n<\/div>\n<\/div>\n\n\t\t<\/div>\n\t<\/div>\n<div class=\"vc_btn3-container vc_btn3-center vc_custom_1595252579034\" ><a onmouseleave=\"this.style.borderColor='#0d496f'; this.style.backgroundColor='transparent'; this.style.color='#0d496f'\" onmouseenter=\"this.style.borderColor='#0d496f'; this.style.backgroundColor='#0d496f'; this.style.color='#ffffff';\" style=\"border-color:#0d496f; color:#0d496f;\" class=\"vc_general vc_btn3 vc_btn3-size-md vc_btn3-shape-square vc_btn3-style-outline-custom vc_btn3-block\" href=\"https:\/\/cna-mauritania.com\/en\/autres-services-integres\/\" title=\"Catering\">More informations<\/a><\/div><\/div><\/div><\/div><\/div><\/div><\/div><\/div><\/div><div class=\"vc_row wpb_row vc_row-fluid\"><div class=\"wpb_column vc_column_container vc_col-sm-12\"><div class=\"vc_column-inner\"><div class=\"wpb_wrapper\">\n\t<div class=\"wpb_video_widget wpb_content_element vc_clearfix   vc_video-aspect-ratio-169 vc_video-el-width-80 vc_video-align-center\" >\n\t\t<div class=\"wpb_wrapper\">\n\t\t\t\n\t\t\t<div class=\"wpb_video_wrapper\"><iframe loading=\"lazy\" title=\"CNA Mauritania, 10 ans d&#039;op\u00e9ration - 2021\" width=\"1200\" height=\"675\" src=\"https:\/\/www.youtube.com\/embed\/QPhO21oDehA?feature=oembed\" frameborder=\"0\" allow=\"accelerometer; autoplay; clipboard-write; encrypted-media; gyroscope; picture-in-picture\" allowfullscreen><\/iframe><\/div>\n\t\t<\/div>\n\t<\/div>\n<\/div><\/div><\/div><\/div><div class=\"vc_row wpb_row vc_row-fluid\"><div class=\"wpb_column vc_column_container vc_col-sm-12\"><div class=\"vc_column-inner\"><div class=\"wpb_wrapper\"><div class=\"\">\n\t<div class=\"rt-vc-title rtin-section-title-left\">\n\t\t\t\t\t<h2 class=\"rt-section-title-vc\" style=\"font-size:30px; color:#222222;\">Learn more<\/h2>\n\t\t\t<\/div>\n<\/div><\/div><\/div><\/div><\/div><div class=\"vc_row wpb_row vc_row-fluid vc_custom_1558540859050 vc_column-gap-30\"><div class=\"wpb_column vc_column_container vc_col-sm-4 vc_col-has-fill\"><div class=\"vc_column-inner vc_custom_1749657367179\"><div class=\"wpb_wrapper\">\n\t<div class=\"wpb_text_column wpb_content_element\" >\n\t\t<div class=\"wpb_wrapper\">\n\t\t\t<div class=\"eds-animate\" data-eds-entry-animation=\"zoomIn\" data-eds-entry-delay=\"0\" data-eds-entry-duration=\"1\" data-eds-entry-timing=\"linear\" data-eds-exit-animation=\"\" data-eds-exit-delay=\"\" data-eds-exit-duration=\"\" data-eds-exit-timing=\"\" data-eds-repeat-count=\"1\" data-eds-keep=\"yes\" data-eds-animate-on=\"hover\" data-eds-scroll-offset=\"\">\n<h2 style=\"text-align: center;\"><a href=\"https:\/\/cna-mauritania.com\/en\/mot-du-directeur-general\/\"><strong><span style=\"color: #ffffff;\">Managing Director Statement<\/span><\/strong><\/a><\/h2>\n<\/div>\n\n\t\t<\/div>\n\t<\/div>\n<\/div><\/div><\/div><div class=\"wpb_column vc_column_container vc_col-sm-4 vc_col-has-fill\"><div class=\"vc_column-inner vc_custom_1749657377134\"><div class=\"wpb_wrapper\">\n\t<div class=\"wpb_text_column wpb_content_element\" >\n\t\t<div class=\"wpb_wrapper\">\n\t\t\t<div class=\"eds-animate\" data-eds-entry-animation=\"zoomIn\" data-eds-entry-delay=\"0\" data-eds-entry-duration=\"1\" data-eds-entry-timing=\"linear\" data-eds-exit-animation=\"\" data-eds-exit-delay=\"\" data-eds-exit-duration=\"\" data-eds-exit-timing=\"\" data-eds-repeat-count=\"1\" data-eds-keep=\"yes\" data-eds-animate-on=\"hover\" data-eds-scroll-offset=\"\">\n<h2 style=\"text-align: center;\"><a href=\"https:\/\/cna-mauritania.com\/en\/chiffres-cles\/\"><strong><span style=\"color: #ffffff;\">Key Figures<\/span><\/strong><\/a><\/h2>\n<\/div>\n\n\t\t<\/div>\n\t<\/div>\n<\/div><\/div><\/div><div class=\"wpb_column vc_column_container vc_col-sm-4 vc_col-has-fill\"><div class=\"vc_column-inner vc_custom_1749657402896\"><div class=\"wpb_wrapper\">\n\t<div class=\"wpb_text_column wpb_content_element\" >\n\t\t<div class=\"wpb_wrapper\">\n\t\t\t<div class=\"eds-animate\" data-eds-entry-animation=\"zoomIn\" data-eds-entry-delay=\"0\" data-eds-entry-duration=\"1\" data-eds-entry-timing=\"linear\" data-eds-exit-animation=\"\" data-eds-exit-delay=\"\" data-eds-exit-duration=\"\" data-eds-exit-timing=\"\" data-eds-repeat-count=\"1\" data-eds-keep=\"yes\" data-eds-animate-on=\"hover\" data-eds-scroll-offset=\"\">\n<h2 style=\"text-align: center;\"><a href=\"https:\/\/cna-mauritania.com\/en\/equipes\/\"><strong><span style=\"color: #ffffff;\">Teams<\/span><\/strong><\/a><\/h2>\n<\/div>\n\n\t\t<\/div>\n\t<\/div>\n<\/div><\/div><\/div><\/div>","protected":false},"excerpt":{"rendered":"CNA Mauritania est l\u2019entreprise de r\u00e9f\u00e9rence dans le domaine de la restauration et des services int\u00e9gr\u00e9s en Mauritanie. Les valeurs que nous d\u00e9fendons : s\u00e9curit\u00e9, r\u00e9activit\u00e9 et excellence op\u00e9rationnelle pour r\u00e9pondre \u00e0 chaque besoin de nos clients CNA Mauritania, votre partenaire d\u2019excellence en services int\u00e9gr\u00e9s Cr\u00e9\u00e9 en 2011, CNA Mauritania est sp\u00e9cialiste de la restauration [...]","protected":false},"author":3,"featured_media":0,"parent":0,"menu_order":0,"comment_status":"closed","ping_status":"closed","template":"","meta":{"footnotes":""},"class_list":["post-2303","page","type-page","status-publish","hentry"],"yoast_head":"<!-- This site is optimized with the Yoast SEO plugin v27.1.1 - https:\/\/yoast.com\/product\/yoast-seo-wordpress\/ -->\n<title>Pr\u00e9sentation - CNA Mauritania<\/title>\n<meta name=\"robots\" content=\"index, follow, max-snippet:-1, max-image-preview:large, max-video-preview:-1\" \/>\n<link rel=\"canonical\" href=\"https:\/\/cna-mauritania.com\/en\/presentation\/\" \/>\n<meta property=\"og:locale\" content=\"en_GB\" \/>\n<meta property=\"og:type\" content=\"article\" \/>\n<meta property=\"og:title\" content=\"Pr\u00e9sentation - CNA Mauritania\" \/>\n<meta property=\"og:url\" content=\"https:\/\/cna-mauritania.com\/en\/presentation\/\" \/>\n<meta property=\"og:site_name\" content=\"CNA Mauritania\" \/>\n<meta property=\"article:modified_time\" content=\"2025-06-11T15:56:45+00:00\" \/>\n<meta name=\"twitter:card\" content=\"summary_large_image\" \/>\n<meta name=\"twitter:label1\" content=\"Estimated reading time\" \/>\n\t<meta name=\"twitter:data1\" content=\"4 minutes\" \/>\n<!-- \/ Yoast SEO plugin. -->","yoast_head_json":{"title":"Pr\u00e9sentation - CNA Mauritania","robots":{"index":"index","follow":"follow","max-snippet":"max-snippet:-1","max-image-preview":"max-image-preview:large","max-video-preview":"max-video-preview:-1"},"canonical":"https:\/\/cna-mauritania.com\/en\/presentation\/","og_locale":"en_GB","og_type":"article","og_title":"Pr\u00e9sentation - CNA Mauritania","og_url":"https:\/\/cna-mauritania.com\/en\/presentation\/","og_site_name":"CNA Mauritania","article_modified_time":"2025-06-11T15:56:45+00:00","twitter_card":"summary_large_image","twitter_misc":{"Estimated reading time":"4 minutes"},"schema":{"@context":"https:\/\/schema.org","@graph":[{"@type":"WebPage","@id":"https:\/\/cna-mauritania.com\/presentation\/","url":"https:\/\/cna-mauritania.com\/presentation\/","name":"Pr\u00e9sentation - CNA Mauritania","isPartOf":{"@id":"https:\/\/cna-mauritania.com\/#website"},"datePublished":"2017-08-28T19:01:56+00:00","dateModified":"2025-06-11T15:56:45+00:00","breadcrumb":{"@id":"https:\/\/cna-mauritania.com\/presentation\/#breadcrumb"},"inLanguage":"en-GB","potentialAction":[{"@type":"ReadAction","target":["https:\/\/cna-mauritania.com\/presentation\/"]}]},{"@type":"BreadcrumbList","@id":"https:\/\/cna-mauritania.com\/presentation\/#breadcrumb","itemListElement":[{"@type":"ListItem","position":1,"name":"Accueil","item":"https:\/\/cna-mauritania.com\/"},{"@type":"ListItem","position":2,"name":"Pr\u00e9sentation"}]},{"@type":"WebSite","@id":"https:\/\/cna-mauritania.com\/#website","url":"https:\/\/cna-mauritania.com\/","name":"CNA Mauritania","description":"Integrated Life Support Services","potentialAction":[{"@type":"SearchAction","target":{"@type":"EntryPoint","urlTemplate":"https:\/\/cna-mauritania.com\/?s={search_term_string}"},"query-input":{"@type":"PropertyValueSpecification","valueRequired":true,"valueName":"search_term_string"}}],"inLanguage":"en-GB"}]}},"_links":{"self":[{"href":"https:\/\/cna-mauritania.com\/en\/wp-json\/wp\/v2\/pages\/2303","targetHints":{"allow":["GET"]}}],"collection":[{"href":"https:\/\/cna-mauritania.com\/en\/wp-json\/wp\/v2\/pages"}],"about":[{"href":"https:\/\/cna-mauritania.com\/en\/wp-json\/wp\/v2\/types\/page"}],"author":[{"embeddable":true,"href":"https:\/\/cna-mauritania.com\/en\/wp-json\/wp\/v2\/users\/3"}],"replies":[{"embeddable":true,"href":"https:\/\/cna-mauritania.com\/en\/wp-json\/wp\/v2\/comments?post=2303"}],"version-history":[{"count":134,"href":"https:\/\/cna-mauritania.com\/en\/wp-json\/wp\/v2\/pages\/2303\/revisions"}],"predecessor-version":[{"id":46153,"href":"https:\/\/cna-mauritania.com\/en\/wp-json\/wp\/v2\/pages\/2303\/revisions\/46153"}],"wp:attachment":[{"href":"https:\/\/cna-mauritania.com\/en\/wp-json\/wp\/v2\/media?parent=2303"}],"curies":[{"name":"wp","href":"https:\/\/api.w.org\/{rel}","templated":true}]}}